{"id":535411,"date":"2025-09-04T23:53:51","date_gmt":"2025-09-04T20:53:51","guid":{"rendered":"https:\/\/staging.nbg.eu\/product\/law-tactical-llc-ar-15-m16-gen3-m-folding-stock-adapter-99312\/"},"modified":"2025-09-29T15:51:50","modified_gmt":"2025-09-29T12:51:50","slug":"law-tactical-llc-ar-15m16-gen3-m-saliekama-lodzes-adapteris-99312","status":"publish","type":"product","link":"https:\/\/staging.nbg.eu\/lv\/product\/law-tactical-llc-ar-15m16-gen3-m-saliekama-lodzes-adapteris-99312\/","title":{"rendered":"LAW TACTICAL LLC AR-15\/M16 Gen3-M saliekam\u0101 lodzes adapteris (99312)"},"content":{"rendered":"<h2>LAW TACTICAL LLC AR-15\/M16 Gen3-M salok\u0101m\u0101 laides adapters (99312)<\/h2>\n<p>AR platformas \u0161autenes adapters salok\u0101mai laidei. \u0160is piederums darbojas gan ar tie\u0161\u0101s iedarbes, gan g\u0101zes virzu\u013ca sist\u0113m\u0101m, der A2, karb\u012bna, milit\u0101r\u0101s specifik\u0101cijas vai komerci\u0101lajiem bufera caurul\u0113m un laid\u0113m.<\/p>\n<ul>\n<li>Sader\u012bgs ar standarta aizsl\u0113ga nes\u0113ju grup\u0101m (piln\u012bb\u0101 autom\u0101tiskiem, pusautom\u0101tiskiem, no 5,56 l\u012bdz .308)<\/li>\n<li>Piem\u0113rots kompaktai p\u0101rvad\u0101\u0161anai<\/li>\n<li>Vienas pogas atbr\u012bvo\u0161ana saloc\u012b\u0161anai<\/li>\n<li>Autom\u0101tiska blo\u0137\u0113\u0161ana, kad atloc\u012bts<\/li>\n<li>CNC apstr\u0101d\u0101ts no 4140 t\u0113rauda<\/li>\n<li>Izstr\u0101d\u0101ts, b\u016bv\u0113ts un samont\u0113ts ASV<\/li>\n<li>Integr\u0113ta viena punkta siksnas stiprin\u0101juma vieta<\/li>\n<\/ul>\n<p>Palielina AR \u0161autenes daudzpus\u012bbu. Pas\u016btiet kompakt\u0101kai un piel\u0101gojam\u0101kai \u0161autenei.<\/p>\n","protected":false},"excerpt":{"rendered":"<p>Kompakts AR-15\/M16 salok\u0101m\u0101 laides adapteris zem\u0101 profil\u0101 transport\u0113\u0161anai.<\/p>\n","protected":false},"featured_media":496055,"template":"","meta":{"_acf_changed":false},"product_brand":[],"product_cat":[13827,13787,13776],"product_tag":[],"class_list":{"0":"post-535411","1":"product","2":"type-product","3":"status-publish","4":"has-post-thumbnail","6":"product_cat-sautene","7":"product_cat-sautenes-lata","8":"product_cat-sautenes-uzlabojumi","10":"first","11":"instock","12":"taxable","13":"shipping-taxable","14":"purchasable","15":"product-type-simple"},"acf":[],"_links":{"self":[{"href":"https:\/\/staging.nbg.eu\/lv\/wp-json\/wp\/v2\/product\/535411","targetHints":{"allow":["GET"]}}],"collection":[{"href":"https:\/\/staging.nbg.eu\/lv\/wp-json\/wp\/v2\/product"}],"about":[{"href":"https:\/\/staging.nbg.eu\/lv\/wp-json\/wp\/v2\/types\/product"}],"wp:featuredmedia":[{"embeddable":true,"href":"https:\/\/staging.nbg.eu\/lv\/wp-json\/wp\/v2\/media\/496055"}],"wp:attachment":[{"href":"https:\/\/staging.nbg.eu\/lv\/wp-json\/wp\/v2\/media?parent=535411"}],"wp:term":[{"taxonomy":"product_brand","embeddable":true,"href":"https:\/\/staging.nbg.eu\/lv\/wp-json\/wp\/v2\/product_brand?post=535411"},{"taxonomy":"product_cat","embeddable":true,"href":"https:\/\/staging.nbg.eu\/lv\/wp-json\/wp\/v2\/product_cat?post=535411"},{"taxonomy":"product_tag","embeddable":true,"href":"https:\/\/staging.nbg.eu\/lv\/wp-json\/wp\/v2\/product_tag?post=535411"}],"curies":[{"name":"wp","href":"https:\/\/api.w.org\/{rel}","templated":true}]}}