{"id":535301,"date":"2025-09-04T23:53:23","date_gmt":"2025-09-04T20:53:23","guid":{"rendered":"https:\/\/staging.nbg.eu\/product\/bravo-company-bcmgunfighter-quick-detach-sling-swivel-heavy-duty-design-bcm-qdss-2\/"},"modified":"2025-09-29T15:42:50","modified_gmt":"2025-09-29T12:42:50","slug":"bravo-company-bcmgunfighter-atras-atbrivosanas-siksnas-stiprinajums-pastiprinatas-konstrukcijas-bcm-qdss-2","status":"publish","type":"product","link":"https:\/\/staging.nbg.eu\/lv\/product\/bravo-company-bcmgunfighter-atras-atbrivosanas-siksnas-stiprinajums-pastiprinatas-konstrukcijas-bcm-qdss-2\/","title":{"rendered":"BRAVO COMPANY BCMGUNFIGHTER \u0101tras atbr\u012bvo\u0161anas siksnas stiprin\u0101jums pastiprin\u0101tas konstrukcijas (BCM-QDSs-2)"},"content":{"rendered":"<h2>BCMGUNFIGHTER\u2122 \u0100tri no\u0146emama siksnas skava (Iztur\u012bga konstrukcija)<\/h2>\n<p>BCMGUNFIGHTER\u2122 \u0100tri no\u0146emama siksnas skava (BCM-QDSs-2). \u0160\u012b iztur\u012bg\u0101 konstrukcija ir paredz\u0113ta 1-1\/4&#8243; siksn\u0101m.<\/p>\n<ul>\n<li>Iegremd\u0113ts virzulis nov\u0113r\u0161 nejau\u0161u atbr\u012bvo\u0161anu<\/li>\n<li>Apstr\u0101d\u0101ts ar rot\u0113jo\u0161u meh\u0101nismu un smil\u0161u str\u016bklu pirms p\u0101rkl\u0101\u0161anas<\/li>\n<li>Izgatavots no oglek\u013ca t\u0113rauda ar mang\u0101na fosf\u0101ta p\u0101rkl\u0101jumu<\/li>\n<li>Sader\u012bgs ar 1-1\/4&#8243; siksn\u0101m<\/li>\n<\/ul>\n<p>\u0160\u012b siksnas skava ir ra\u017eota ASV. BCM Professional Grade Weaponry\u00ae produkts.<\/p>\n","protected":false},"excerpt":{"rendered":"<p>Iztur\u012bgs ASV ra\u017eots QD siksnas \u0161arn\u012brs 1,25 collu siksn\u0101m. Dro\u0161s un ilgiztur\u012bgs.<\/p>\n","protected":false},"featured_media":495894,"template":"","meta":{"_acf_changed":false},"product_brand":[11062],"product_cat":[13827,13776,13790],"product_tag":[],"class_list":{"0":"post-535301","1":"product","2":"type-product","3":"status-publish","4":"has-post-thumbnail","6":"product_brand-bcm","7":"product_cat-sautene","8":"product_cat-sautenes-uzlabojumi","9":"product_cat-siksnas","11":"first","12":"outofstock","13":"taxable","14":"shipping-taxable","15":"purchasable","16":"product-type-simple"},"acf":[],"_links":{"self":[{"href":"https:\/\/staging.nbg.eu\/lv\/wp-json\/wp\/v2\/product\/535301","targetHints":{"allow":["GET"]}}],"collection":[{"href":"https:\/\/staging.nbg.eu\/lv\/wp-json\/wp\/v2\/product"}],"about":[{"href":"https:\/\/staging.nbg.eu\/lv\/wp-json\/wp\/v2\/types\/product"}],"wp:featuredmedia":[{"embeddable":true,"href":"https:\/\/staging.nbg.eu\/lv\/wp-json\/wp\/v2\/media\/495894"}],"wp:attachment":[{"href":"https:\/\/staging.nbg.eu\/lv\/wp-json\/wp\/v2\/media?parent=535301"}],"wp:term":[{"taxonomy":"product_brand","embeddable":true,"href":"https:\/\/staging.nbg.eu\/lv\/wp-json\/wp\/v2\/product_brand?post=535301"},{"taxonomy":"product_cat","embeddable":true,"href":"https:\/\/staging.nbg.eu\/lv\/wp-json\/wp\/v2\/product_cat?post=535301"},{"taxonomy":"product_tag","embeddable":true,"href":"https:\/\/staging.nbg.eu\/lv\/wp-json\/wp\/v2\/product_tag?post=535301"}],"curies":[{"name":"wp","href":"https:\/\/api.w.org\/{rel}","templated":true}]}}