{"id":535081,"date":"2025-09-04T20:17:18","date_gmt":"2025-09-04T17:17:18","guid":{"rendered":"https:\/\/staging.nbg.eu\/product\/sprinco-usa-308-m4-extension-tube-cs-xp-buffer-spring-in-hard-tube-25762-orange\/"},"modified":"2025-09-29T15:16:33","modified_gmt":"2025-09-29T12:16:33","slug":"sprinco-usa-308-m4-pagarinajuma-caurules-xp-bufera-atspere-cieta-caurule-25762-oranzs","status":"publish","type":"product","link":"https:\/\/staging.nbg.eu\/lv\/product\/sprinco-usa-308-m4-pagarinajuma-caurules-xp-bufera-atspere-cieta-caurule-25762-oranzs\/","title":{"rendered":"SPRINCO USA 308 M4 pagarin\u0101juma caurules XP bufera atspere ciet\u0101 caurul\u0113 (25762) Oran\u017es"},"content":{"rendered":"<div class=\"product-description\">\n<h2>SPRINCO USA 308 M4 pagarin\u0101juma caurules CS XP bufera atspere ciet\u0101 caurul\u0113 (25762) Oran\u017ea<\/h2>\n<p>Bufera atspere lielizm\u0113ra karab\u012bn\u0113m, paredz\u0113ta izmanto\u0161anai vair\u0101k\u0101s konfigur\u0101cij\u0101s:<\/p>\n<ul>\n<li>DPMS veida .308 \/ 6.5 CM ar standarta 7&#8243; M4 bufera cauruli un 2.5&#8243; \u012bso buferi<\/li>\n<li>SR-25 \/ Armalite veida vid\u0113ja dzi\u013cuma karab\u012bn\u0113m ar 3.25&#8243; buferiem<\/li>\n<li>Standarta 7&#8243; M4 caurules p\u0101rg\u0101z\u0113t\u0101s karab\u012bn\u0113s (5.56, 6.8 SPC, 6.5 Grendel, utt.)<\/li>\n<\/ul>\n<p>Bufera atspere \u0161aujamiero\u010da darb\u012bbai. Iepakota ciet\u0101 caurul\u0113 aizsardz\u012bbai p\u0101rvad\u0101\u0161anas un uzglab\u0101\u0161anas laik\u0101.<\/p>\n<\/div>\n","protected":false},"excerpt":{"rendered":"<p>Daudzpus\u012bgs bufera atspere .308\/6.5 CM karab\u012bn\u0113m un p\u0101rg\u0101z\u0113tiem \u0161autuv\u0113m.<\/p>\n","protected":false},"featured_media":495548,"template":"","meta":{"_acf_changed":false},"product_brand":[],"product_cat":[13838,13827,13776],"product_tag":[],"class_list":{"0":"post-535081","1":"product","2":"type-product","3":"status-publish","4":"has-post-thumbnail","6":"product_cat-atsperes","7":"product_cat-sautene","8":"product_cat-sautenes-uzlabojumi","10":"first","11":"instock","12":"taxable","13":"shipping-taxable","14":"purchasable","15":"product-type-simple"},"acf":[],"_links":{"self":[{"href":"https:\/\/staging.nbg.eu\/lv\/wp-json\/wp\/v2\/product\/535081","targetHints":{"allow":["GET"]}}],"collection":[{"href":"https:\/\/staging.nbg.eu\/lv\/wp-json\/wp\/v2\/product"}],"about":[{"href":"https:\/\/staging.nbg.eu\/lv\/wp-json\/wp\/v2\/types\/product"}],"wp:featuredmedia":[{"embeddable":true,"href":"https:\/\/staging.nbg.eu\/lv\/wp-json\/wp\/v2\/media\/495548"}],"wp:attachment":[{"href":"https:\/\/staging.nbg.eu\/lv\/wp-json\/wp\/v2\/media?parent=535081"}],"wp:term":[{"taxonomy":"product_brand","embeddable":true,"href":"https:\/\/staging.nbg.eu\/lv\/wp-json\/wp\/v2\/product_brand?post=535081"},{"taxonomy":"product_cat","embeddable":true,"href":"https:\/\/staging.nbg.eu\/lv\/wp-json\/wp\/v2\/product_cat?post=535081"},{"taxonomy":"product_tag","embeddable":true,"href":"https:\/\/staging.nbg.eu\/lv\/wp-json\/wp\/v2\/product_tag?post=535081"}],"curies":[{"name":"wp","href":"https:\/\/api.w.org\/{rel}","templated":true}]}}