{"id":534967,"date":"2025-09-04T20:17:18","date_gmt":"2025-09-04T17:17:18","guid":{"rendered":"https:\/\/staging.nbg.eu\/product\/sprinco-usa-ar-308-buferna-pruzhina-25004-cherveno\/"},"modified":"2025-09-29T14:59:00","modified_gmt":"2025-09-29T11:59:00","slug":"sprinco-usa-ar-308-bufera-atspere-25004-sarkans","status":"publish","type":"product","link":"https:\/\/staging.nbg.eu\/lv\/product\/sprinco-usa-ar-308-bufera-atspere-25004-sarkans\/","title":{"rendered":"SPRINCO USA AR .308 Bufera atspere (25004) Sarkans"},"content":{"rendered":"<div class=\"product-description\">\n<h2>SPRINCO USA AR .308 Bufera atspere (25004) Sarkana<\/h2>\n<p>SPRINCO USA AR .308 Bufera atspere (25004) Sarkana AR platformas \u0161aujamiero\u010diem. \u0160\u012b hroma sil\u012bcija atspere pied\u0101v\u0101:<\/p>\n<ul>\n<li>Ilg\u0101ku kalpo\u0161anas laiku sal\u012bdzin\u0101jum\u0101 ar standarta atsper\u0113m<\/li>\n<li>Uzlabotu uzticam\u012bbu un darb\u012bbu, \u012bpa\u0161i p\u0101rg\u0101z\u0113t\u0101s sist\u0113m\u0101s<\/li>\n<li>Samazin\u0101tu aizsl\u0113ga atl\u0113cienu<\/li>\n<li>Uzlabotu atsitiena kontroli<\/li>\n<li>Sader\u012bbu ar apspiestiem \u0161aujamiero\u010diem<\/li>\n<\/ul>\n<p>Paredz\u0113ta M4 un CAR-15 karab\u012b\u0146u bufera sist\u0113m\u0101m, \u0161\u012b atspere ir sarkan\u0101 kr\u0101s\u0101. Iepakota aizsarg\u0101jo\u0161\u0101 ciet\u0101 caurul\u0113, t\u0101 ir piem\u0113rota AR-15 platformas karab\u012bn\u0113m.<\/p>\n<\/div>\n","protected":false},"excerpt":{"rendered":"<p>Augstas veiktsp\u0113jas AR .308 bufera atspere. Sarkana kr\u0101sa, uzlabo uzticam\u012bbu.<\/p>\n","protected":false},"featured_media":495525,"template":"","meta":{"_acf_changed":false},"product_brand":[],"product_cat":[13838,13776],"product_tag":[],"class_list":{"0":"post-534967","1":"product","2":"type-product","3":"status-publish","4":"has-post-thumbnail","6":"product_cat-atsperes","7":"product_cat-sautenes-uzlabojumi","9":"first","10":"instock","11":"taxable","12":"shipping-taxable","13":"purchasable","14":"product-type-simple"},"acf":[],"_links":{"self":[{"href":"https:\/\/staging.nbg.eu\/lv\/wp-json\/wp\/v2\/product\/534967","targetHints":{"allow":["GET"]}}],"collection":[{"href":"https:\/\/staging.nbg.eu\/lv\/wp-json\/wp\/v2\/product"}],"about":[{"href":"https:\/\/staging.nbg.eu\/lv\/wp-json\/wp\/v2\/types\/product"}],"wp:featuredmedia":[{"embeddable":true,"href":"https:\/\/staging.nbg.eu\/lv\/wp-json\/wp\/v2\/media\/495525"}],"wp:attachment":[{"href":"https:\/\/staging.nbg.eu\/lv\/wp-json\/wp\/v2\/media?parent=534967"}],"wp:term":[{"taxonomy":"product_brand","embeddable":true,"href":"https:\/\/staging.nbg.eu\/lv\/wp-json\/wp\/v2\/product_brand?post=534967"},{"taxonomy":"product_cat","embeddable":true,"href":"https:\/\/staging.nbg.eu\/lv\/wp-json\/wp\/v2\/product_cat?post=534967"},{"taxonomy":"product_tag","embeddable":true,"href":"https:\/\/staging.nbg.eu\/lv\/wp-json\/wp\/v2\/product_tag?post=534967"}],"curies":[{"name":"wp","href":"https:\/\/api.w.org\/{rel}","templated":true}]}}