{"id":534862,"date":"2025-09-04T20:17:18","date_gmt":"2025-09-04T17:17:18","guid":{"rendered":"https:\/\/staging.nbg.eu\/product\/sprinco-usa-enhanced-4-coil-bolt-carrier-extractor-cs-spring-3-pak-25435-red\/"},"modified":"2025-09-29T14:50:01","modified_gmt":"2025-09-29T11:50:01","slug":"sprinco-usa-uzlabota-4-spoles-slegvarpstas-izvilceja-atspere-3-gab-komplekts-25435-sarkans","status":"publish","type":"product","link":"https:\/\/staging.nbg.eu\/lv\/product\/sprinco-usa-uzlabota-4-spoles-slegvarpstas-izvilceja-atspere-3-gab-komplekts-25435-sarkans\/","title":{"rendered":"SPRINCO USA uzlabota 4-spoles sl\u0113gv\u0101rpstas izvilc\u0113ja atspere 3 gab. komplekts (25435) Sarkans"},"content":{"rendered":"<div class=\"product-description\">\n<h2>SPRINCO USA 4 SPIR\u0100\u013bU STIE\u0145A NES\u0112JA EKSTRAKTORA CS ATSPERU 3 KOMPLEKTS (25435) Sarkans<\/h2>\n<p>Sprinco ASV ra\u017eotais 4 spir\u0101\u013cu stie\u0146a nes\u0113ja ekstraktora CS atsperu 3 komplekts. Izgatavots no termiski apstr\u0101d\u0101ta, sprieguma no\u0146emta hroma sil\u012bcija stieples, \u0161\u012bs atsperes ir krio\u0123eniski apstr\u0101d\u0101tas un p\u0101rkl\u0101tas ar molibd\u0113na disulf\u012bdu.<\/p>\n<ul>\n<li>Saglab\u0101 jaunu Mil-Spec atsperu darba ciklu<\/li>\n<li>Piem\u0113rots 18&#8243;+ stobru garumiem un \u010daul\u012b\u0161u sav\u0101k\u0161anai<\/li>\n<li>Karstumiztur\u012bgs l\u012bdz 750\u00b0F<\/li>\n<li>Ilgsto\u0161i darba cikli ar vienm\u0113r\u012bgu veiktsp\u0113ju<\/li>\n<li>Ilgm\u016b\u017e\u012bgs risin\u0101jums<\/li>\n<\/ul>\n<p>Uzlabojiet savu stie\u0146a nes\u0113ja grupu ar Sprinco ekstraktora atsper\u0113m \u0161aujamiero\u010da darb\u012bbai un ilgm\u016b\u017e\u012bbai.<\/p>\n<\/div>\n","protected":false},"excerpt":{"rendered":"<p>Iztur\u012bgas 4 spir\u0101\u013cu ekstraktora atsperes ilgsto\u0161iem darba cikliem. Ra\u017eotas ASV.<\/p>\n","protected":false},"featured_media":495499,"template":"","meta":{"_acf_changed":false},"product_brand":[],"product_cat":[13843],"product_tag":[],"class_list":{"0":"post-534862","1":"product","2":"type-product","3":"status-publish","4":"has-post-thumbnail","6":"product_cat-nekategorizets","8":"first","9":"instock","10":"taxable","11":"shipping-taxable","12":"purchasable","13":"product-type-simple"},"acf":[],"_links":{"self":[{"href":"https:\/\/staging.nbg.eu\/lv\/wp-json\/wp\/v2\/product\/534862","targetHints":{"allow":["GET"]}}],"collection":[{"href":"https:\/\/staging.nbg.eu\/lv\/wp-json\/wp\/v2\/product"}],"about":[{"href":"https:\/\/staging.nbg.eu\/lv\/wp-json\/wp\/v2\/types\/product"}],"wp:featuredmedia":[{"embeddable":true,"href":"https:\/\/staging.nbg.eu\/lv\/wp-json\/wp\/v2\/media\/495499"}],"wp:attachment":[{"href":"https:\/\/staging.nbg.eu\/lv\/wp-json\/wp\/v2\/media?parent=534862"}],"wp:term":[{"taxonomy":"product_brand","embeddable":true,"href":"https:\/\/staging.nbg.eu\/lv\/wp-json\/wp\/v2\/product_brand?post=534862"},{"taxonomy":"product_cat","embeddable":true,"href":"https:\/\/staging.nbg.eu\/lv\/wp-json\/wp\/v2\/product_cat?post=534862"},{"taxonomy":"product_tag","embeddable":true,"href":"https:\/\/staging.nbg.eu\/lv\/wp-json\/wp\/v2\/product_tag?post=534862"}],"curies":[{"name":"wp","href":"https:\/\/api.w.org\/{rel}","templated":true}]}}