{"id":534749,"date":"2025-09-04T20:17:18","date_gmt":"2025-09-04T17:17:18","guid":{"rendered":"https:\/\/staging.nbg.eu\/product\/law-tactical-llc-ar-15-m16-gen3-m-folding-stock-adapter-fde-99313\/"},"modified":"2025-09-29T13:46:21","modified_gmt":"2025-09-29T10:46:21","slug":"law-tactical-llc-ar-15m16-gen3-m-saliekama-lodzes-adapteris-fde-99313","status":"publish","type":"product","link":"https:\/\/staging.nbg.eu\/lv\/product\/law-tactical-llc-ar-15m16-gen3-m-saliekama-lodzes-adapteris-fde-99313\/","title":{"rendered":"LAW TACTICAL LLC AR-15\/M16 Gen3-M saliekam\u0101 lodzes adapteris FDE (99313)"},"content":{"rendered":"<div class=\"product-description\">\n<h2>LAW TACTICAL LLC AR-15\/M16 Gen3-M Salok\u0101m\u0101 laides adapters FDE (99313)<\/h2>\n<p>ASV ra\u017eotais LAW TACTICAL Gen3-M salok\u0101m\u0101s laides adapters AR-15. \u0160is t\u0113rauda adapters \u013cauj viegli uzst\u0101d\u012bt salok\u0101mo laidi, izveidojot kompaktu ieroci.<\/p>\n<ul>\n<li>Sader\u012bgs ar standarta g\u0101zes atsit\u0113ja un g\u0101zes virzu\u013ca sist\u0113m\u0101m<\/li>\n<li>Pie\u0146em A2, mil-spec M4 stila un komerci\u0101l\u0101s karb\u012bna uztv\u0113r\u0113ja pagarin\u0101juma caurules<\/li>\n<li>Darbojas ar standarta aizsl\u0113ga nes\u0113ju grup\u0101m, ieskaitot piln\u012bgi autom\u0101tisk\u0101s un .308 izm\u0113ra<\/li>\n<li>Vienas pogas darb\u012bba \u0101trai saloc\u012b\u0161anai un atloc\u012b\u0161anai<\/li>\n<li>Regul\u0113jams e\u0146\u0123es spriegojums<\/li>\n<li>DLC p\u0101rkl\u0101jums iztur\u012bbai<\/li>\n<li>Pievieno 1,3&#8243; vilk\u0161anas garumam<\/li>\n<li>Svars: 8,5 unces<\/li>\n<\/ul>\n<p><strong>Piez\u012bme:<\/strong> Ne\u0161aujiet ar ieroci, kad laide ir saloc\u012bta. Sader\u012bgs tikai ar Centerfire un Mil-Spec nes\u0113jiem vai sader\u012bgiem AR 9mm aizsl\u0113giem.<\/p>\n<\/div>\n","protected":false},"excerpt":{"rendered":"<p>Kompakts AR-15 salok\u0101m\u0101 laides adapteris vieglai p\u0101rvad\u0101\u0161anai un uzglab\u0101\u0161anai.<\/p>\n","protected":false},"featured_media":495384,"template":"","meta":{"_acf_changed":false},"product_brand":[],"product_cat":[13827,13787,13776],"product_tag":[],"class_list":{"0":"post-534749","1":"product","2":"type-product","3":"status-publish","4":"has-post-thumbnail","6":"product_cat-sautene","7":"product_cat-sautenes-lata","8":"product_cat-sautenes-uzlabojumi","10":"first","11":"instock","12":"taxable","13":"shipping-taxable","14":"purchasable","15":"product-type-simple"},"acf":[],"_links":{"self":[{"href":"https:\/\/staging.nbg.eu\/lv\/wp-json\/wp\/v2\/product\/534749","targetHints":{"allow":["GET"]}}],"collection":[{"href":"https:\/\/staging.nbg.eu\/lv\/wp-json\/wp\/v2\/product"}],"about":[{"href":"https:\/\/staging.nbg.eu\/lv\/wp-json\/wp\/v2\/types\/product"}],"wp:featuredmedia":[{"embeddable":true,"href":"https:\/\/staging.nbg.eu\/lv\/wp-json\/wp\/v2\/media\/495384"}],"wp:attachment":[{"href":"https:\/\/staging.nbg.eu\/lv\/wp-json\/wp\/v2\/media?parent=534749"}],"wp:term":[{"taxonomy":"product_brand","embeddable":true,"href":"https:\/\/staging.nbg.eu\/lv\/wp-json\/wp\/v2\/product_brand?post=534749"},{"taxonomy":"product_cat","embeddable":true,"href":"https:\/\/staging.nbg.eu\/lv\/wp-json\/wp\/v2\/product_cat?post=534749"},{"taxonomy":"product_tag","embeddable":true,"href":"https:\/\/staging.nbg.eu\/lv\/wp-json\/wp\/v2\/product_tag?post=534749"}],"curies":[{"name":"wp","href":"https:\/\/api.w.org\/{rel}","templated":true}]}}