{"id":533871,"date":"2025-09-04T18:48:24","date_gmt":"2025-09-04T15:48:24","guid":{"rendered":"https:\/\/staging.nbg.eu\/product\/utg-h2-hard-coat-heavy-recoil-buffer-ar-15-m4-m16-rb-t6bfh2\/"},"modified":"2025-09-29T11:12:41","modified_gmt":"2025-09-29T08:12:41","slug":"utg-h2-cietas-parklajuma-smagais-atsitiena-buferis-ar-15-m4-m16-rb-t6bfh2","status":"publish","type":"product","link":"https:\/\/staging.nbg.eu\/lv\/product\/utg-h2-cietas-parklajuma-smagais-atsitiena-buferis-ar-15-m4-m16-rb-t6bfh2\/","title":{"rendered":"UTG &#8211; H2 cietas p\u0101rkl\u0101juma smagais atsitiena buferis &#8211; AR-15 \/ M4 \/ M16 &#8211; RB-T6BFH2"},"content":{"rendered":"<div class=\"product-description\">\n<h2>UTG &#8211; H2 Ciet\u0101 P\u0101rkl\u0101juma Atsitiena Buferis &#8211; AR-15 \/ M4 \/ M16<\/h2>\n<p>AR-15 platformas buferis ar \u0161\u0101d\u0101m \u012bpa\u0161\u012bb\u0101m:<\/p>\n<ul>\n<li>2 volframa svari un 1 t\u0113rauda svars cikla darb\u012bbai un uzticam\u012bbai<\/li>\n<li>Pastiprin\u0101ts bufera korpuss ar cieto anod\u0113\u0161anu iztur\u012bbai<\/li>\n<li>Cie\u0161i piegu\u013co\u0161s bufera bumperis darb\u012bbai<\/li>\n<li>Kop\u0113jais svars: 4.6 unces<\/li>\n<\/ul>\n<p>Sader\u012bgs ar AR-15, M4 un M16 mode\u013ciem, \u0161is mat\u0113ti melnais buferis ir paredz\u0113ts atsitiena samazin\u0101\u0161anai. Volframa, t\u0113rauda un alum\u012bnija materi\u0101lu kombin\u0101cija nodro\u0161ina ilgm\u016b\u017e\u012bbu un darb\u012bbu.<\/p>\n<\/div>\n","protected":false},"excerpt":{"rendered":"<p>UTG H2 smag\u0101 atsitiena buferis: vienm\u0113r\u012bg\u0101ka cikla darb\u012bba AR-15 karab\u012bn\u0113m.<\/p>\n","protected":false},"featured_media":494368,"template":"","meta":{"_acf_changed":false},"product_brand":[],"product_cat":[13776],"product_tag":[],"class_list":{"0":"post-533871","1":"product","2":"type-product","3":"status-publish","4":"has-post-thumbnail","6":"product_cat-sautenes-uzlabojumi","8":"first","9":"instock","10":"taxable","11":"shipping-taxable","12":"purchasable","13":"product-type-simple"},"acf":[],"_links":{"self":[{"href":"https:\/\/staging.nbg.eu\/lv\/wp-json\/wp\/v2\/product\/533871","targetHints":{"allow":["GET"]}}],"collection":[{"href":"https:\/\/staging.nbg.eu\/lv\/wp-json\/wp\/v2\/product"}],"about":[{"href":"https:\/\/staging.nbg.eu\/lv\/wp-json\/wp\/v2\/types\/product"}],"wp:featuredmedia":[{"embeddable":true,"href":"https:\/\/staging.nbg.eu\/lv\/wp-json\/wp\/v2\/media\/494368"}],"wp:attachment":[{"href":"https:\/\/staging.nbg.eu\/lv\/wp-json\/wp\/v2\/media?parent=533871"}],"wp:term":[{"taxonomy":"product_brand","embeddable":true,"href":"https:\/\/staging.nbg.eu\/lv\/wp-json\/wp\/v2\/product_brand?post=533871"},{"taxonomy":"product_cat","embeddable":true,"href":"https:\/\/staging.nbg.eu\/lv\/wp-json\/wp\/v2\/product_cat?post=533871"},{"taxonomy":"product_tag","embeddable":true,"href":"https:\/\/staging.nbg.eu\/lv\/wp-json\/wp\/v2\/product_tag?post=533871"}],"curies":[{"name":"wp","href":"https:\/\/api.w.org\/{rel}","templated":true}]}}