{"id":533760,"date":"2025-09-04T18:48:23","date_gmt":"2025-09-04T15:48:23","guid":{"rendered":"https:\/\/staging.nbg.eu\/product\/utg-h3-carbine-buffer-ar15-m4-rb-t6bfh3\/"},"modified":"2025-09-29T11:03:53","modified_gmt":"2025-09-29T08:03:53","slug":"utg-h3-carbine-buferis-ar15-m4-rb-t6bfh3","status":"publish","type":"product","link":"https:\/\/staging.nbg.eu\/lv\/product\/utg-h3-carbine-buferis-ar15-m4-rb-t6bfh3\/","title":{"rendered":"UTG &#8211; H3 Carbine buferis &#8211; AR15 \/ M4 &#8211; RB-T6BFH3"},"content":{"rendered":"<div class=\"product-description\">\n<h2>UTG &#8211; H3 Karb\u012bna Buferis &#8211; AR15 \/ M4 &#8211; RB-T6BFH3<\/h2>\n<p>Leapers UTG H3 atsitiena buferis AR15. \u0160im buferim ir \u0161\u0101das \u012bpa\u0161\u012bbas:<\/p>\n<ul>\n<li>3 smagi volframa svari<\/li>\n<li>6061-T6 alum\u012bnija korpuss ar anod\u0113tu p\u0101rkl\u0101jumu<\/li>\n<li>Cie\u0161i piegulo\u0161s gala buferis<\/li>\n<li>Palielina aiztures laiku un atvieglo izvilk\u0161anu<\/li>\n<li>Samazina saj\u016btamo atsitienu<\/li>\n<li>Var uzlabot precizit\u0101ti ar nedaudz smag\u0101kiem kalibriem<\/li>\n<\/ul>\n<p>Svars 5,4 unces. \u0160is buferis ir paredz\u0113ts, lai padar\u012btu AR platformu \u0113rt\u0101ku un potenci\u0101li prec\u012bz\u0101ku.<\/p>\n","protected":false},"excerpt":{"rendered":"<p>UTG H3 karb\u012bna buferis: Samazina atsitienu, uzlabo komfortu AR15\/M4 iero\u010diem.<\/p>\n","protected":false},"featured_media":494320,"template":"","meta":{"_acf_changed":false},"product_brand":[],"product_cat":[13776],"product_tag":[],"class_list":{"0":"post-533760","1":"product","2":"type-product","3":"status-publish","4":"has-post-thumbnail","6":"product_cat-sautenes-uzlabojumi","8":"first","9":"instock","10":"taxable","11":"shipping-taxable","12":"purchasable","13":"product-type-simple"},"acf":[],"_links":{"self":[{"href":"https:\/\/staging.nbg.eu\/lv\/wp-json\/wp\/v2\/product\/533760","targetHints":{"allow":["GET"]}}],"collection":[{"href":"https:\/\/staging.nbg.eu\/lv\/wp-json\/wp\/v2\/product"}],"about":[{"href":"https:\/\/staging.nbg.eu\/lv\/wp-json\/wp\/v2\/types\/product"}],"wp:featuredmedia":[{"embeddable":true,"href":"https:\/\/staging.nbg.eu\/lv\/wp-json\/wp\/v2\/media\/494320"}],"wp:attachment":[{"href":"https:\/\/staging.nbg.eu\/lv\/wp-json\/wp\/v2\/media?parent=533760"}],"wp:term":[{"taxonomy":"product_brand","embeddable":true,"href":"https:\/\/staging.nbg.eu\/lv\/wp-json\/wp\/v2\/product_brand?post=533760"},{"taxonomy":"product_cat","embeddable":true,"href":"https:\/\/staging.nbg.eu\/lv\/wp-json\/wp\/v2\/product_cat?post=533760"},{"taxonomy":"product_tag","embeddable":true,"href":"https:\/\/staging.nbg.eu\/lv\/wp-json\/wp\/v2\/product_tag?post=533760"}],"curies":[{"name":"wp","href":"https:\/\/api.w.org\/{rel}","templated":true}]}}