{"id":533450,"date":"2025-09-07T23:46:53","date_gmt":"2025-09-07T20:46:53","guid":{"rendered":"https:\/\/staging.nbg.eu\/product\/vanward-thread-insert\/"},"modified":"2025-09-29T10:50:39","modified_gmt":"2025-09-29T07:50:39","slug":"vanward-vitnu-ieliktnis","status":"publish","type":"product","link":"https:\/\/staging.nbg.eu\/lv\/product\/vanward-vitnu-ieliktnis\/","title":{"rendered":"Vanward v\u012bt\u0146u ieliktnis"},"content":{"rendered":"<div class=\"product-description\">\n<h2>Vanward v\u012btnes ieliktnis<\/h2>\n<p>Vanward Hunter un Hunter Pro klusin\u0101t\u0101jiem paredz\u0113ti t\u0113rauda v\u012btnes ielikt\u0146i. Pieejami vair\u0101kos izm\u0113ros un konfigur\u0101cij\u0101s:<\/p>\n<ul>\n<li>M13<\/li>\n<li>M14<\/li>\n<li>M15<\/li>\n<li>M17<\/li>\n<li>M18<\/li>\n<li>M22<\/li>\n<\/ul>\n<p>\u0160ie v\u012btnes ielikt\u0146i ir izstr\u0101d\u0101ti, lai nodro\u0161in\u0101tu prec\u012bzu savienojumu klusin\u0101t\u0101ja buksei. Izgatavoti no t\u0113rauda, tie nodro\u0161ina ilgm\u016b\u017e\u012bbu un veiktsp\u0113ju da\u017e\u0101dos \u0161au\u0161anas apst\u0101k\u013cos.<\/p>\n<p>Sader\u012bgi ar Vanward Hunter un Hunter Pro mode\u013ciem, \u0161ie v\u012btnes ielikt\u0146i pied\u0101v\u0101 pielietojam\u012bbu iero\u010du entuziastiem. Vanward v\u012btnes ielikt\u0146i ir uzticami un viegli uzst\u0101d\u0101mi.<\/p>\n<\/div>\n","protected":false},"excerpt":{"rendered":"<p>Vanward v\u012bt\u0146u ieliktnis: T\u0113rauda ielikt\u0146i Hunter sl\u0101p\u0113t\u0101jiem, M13-M22.<\/p>\n","protected":false},"featured_media":501457,"template":"","meta":{"_acf_changed":false},"product_brand":[11945],"product_cat":[13780,13762,13799],"product_tag":[],"class_list":{"0":"post-533450","1":"product","2":"type-product","3":"status-publish","4":"has-post-thumbnail","6":"product_brand-vanward","7":"product_cat-sautenes-troksnu-slapetaji","8":"product_cat-troksnu-slapetaji","9":"product_cat-troksnu-slapetaju-aksesuari","11":"first","12":"instock","13":"taxable","14":"shipping-taxable","15":"purchasable","16":"product-type-variable","17":"wvs-archive-product-wrapper"},"acf":[],"_links":{"self":[{"href":"https:\/\/staging.nbg.eu\/lv\/wp-json\/wp\/v2\/product\/533450","targetHints":{"allow":["GET"]}}],"collection":[{"href":"https:\/\/staging.nbg.eu\/lv\/wp-json\/wp\/v2\/product"}],"about":[{"href":"https:\/\/staging.nbg.eu\/lv\/wp-json\/wp\/v2\/types\/product"}],"wp:featuredmedia":[{"embeddable":true,"href":"https:\/\/staging.nbg.eu\/lv\/wp-json\/wp\/v2\/media\/501457"}],"wp:attachment":[{"href":"https:\/\/staging.nbg.eu\/lv\/wp-json\/wp\/v2\/media?parent=533450"}],"wp:term":[{"taxonomy":"product_brand","embeddable":true,"href":"https:\/\/staging.nbg.eu\/lv\/wp-json\/wp\/v2\/product_brand?post=533450"},{"taxonomy":"product_cat","embeddable":true,"href":"https:\/\/staging.nbg.eu\/lv\/wp-json\/wp\/v2\/product_cat?post=533450"},{"taxonomy":"product_tag","embeddable":true,"href":"https:\/\/staging.nbg.eu\/lv\/wp-json\/wp\/v2\/product_tag?post=533450"}],"curies":[{"name":"wp","href":"https:\/\/api.w.org\/{rel}","templated":true}]}}