{"id":53342,"date":"2024-03-04T08:51:50","date_gmt":"2024-09-13T12:49:51","guid":{"rendered":"https:\/\/staging.nbg.eu\/product\/bore-tech-proof-positive-bore-stix-multiple-calibers\/"},"modified":"2024-09-13T12:50:56","modified_gmt":"2024-09-13T12:50:56","slug":"bore-tech-proof-positive-bore-stix-vairaki-kalibri","status":"publish","type":"product","link":"https:\/\/staging.nbg.eu\/lv\/product\/bore-tech-proof-positive-bore-stix-vairaki-kalibri\/","title":{"rendered":"Bore Tech Proof-Positive Bore Stix (vairaki kalibri)"},"content":{"rendered":"<p>\n<strong>Bore Tech Proof-Positive Bore Stix (Vair\u0101ki kalibri)<\/strong><br \/>\nBore Tech Proof-Positive Bore Stix\u2122 t\u012br\u012b\u0161anas stie\u0146i. Iez\u012bmes:<\/p>\n<ul>\n<li>Rokturi ar lod\u012b\u0161u gult\u0146iem<\/li>\n<li>Br\u012bvi peldo\u0161s dizains seko\u0161anai v\u012bt\u0146u riev\u0101m<\/li>\n<li>Kr\u0101su kod\u0113ti, nesl\u012bdo\u0161i gumijas rokturi<\/li>\n<li>Nomain\u0101ms, stobriem dro\u0161s, ne-misi\u0146a uzgalis<\/li>\n<li>T\u0113rauda serde stingr\u012bbai<\/li>\n<li>Zemas berzes p\u0101rkl\u0101jums<\/li>\n<li>Stobra v\u012bt\u0146u soli identific\u0113jo\u0161a sist\u0113ma<\/li>\n<\/ul>\n<p>Bore Tech Proof-Positive Bore Stix.<\/p>\n","protected":false},"excerpt":{"rendered":"<p>Prec\u012bzas t\u012br\u012b\u0161anas stie\u0146i ar lod\u012b\u0161u gult\u0146u rokturiem un nomain\u0101miem uzga\u013ciem.<\/p>\n","protected":false},"featured_media":53343,"template":"","meta":{"_acf_changed":false},"product_brand":[11156],"product_cat":[13808,13767],"product_tag":[],"class_list":{"0":"post-53342","1":"product","2":"type-product","3":"status-publish","4":"has-post-thumbnail","6":"product_brand-boretech","7":"product_cat-ierocu-tirisana","8":"product_cat-tirisanas-riksti","10":"first","11":"instock","12":"taxable","13":"shipping-taxable","14":"purchasable","15":"product-type-variable","16":"wvs-archive-product-wrapper"},"acf":[],"_links":{"self":[{"href":"https:\/\/staging.nbg.eu\/lv\/wp-json\/wp\/v2\/product\/53342","targetHints":{"allow":["GET"]}}],"collection":[{"href":"https:\/\/staging.nbg.eu\/lv\/wp-json\/wp\/v2\/product"}],"about":[{"href":"https:\/\/staging.nbg.eu\/lv\/wp-json\/wp\/v2\/types\/product"}],"wp:featuredmedia":[{"embeddable":true,"href":"https:\/\/staging.nbg.eu\/lv\/wp-json\/wp\/v2\/media\/53343"}],"wp:attachment":[{"href":"https:\/\/staging.nbg.eu\/lv\/wp-json\/wp\/v2\/media?parent=53342"}],"wp:term":[{"taxonomy":"product_brand","embeddable":true,"href":"https:\/\/staging.nbg.eu\/lv\/wp-json\/wp\/v2\/product_brand?post=53342"},{"taxonomy":"product_cat","embeddable":true,"href":"https:\/\/staging.nbg.eu\/lv\/wp-json\/wp\/v2\/product_cat?post=53342"},{"taxonomy":"product_tag","embeddable":true,"href":"https:\/\/staging.nbg.eu\/lv\/wp-json\/wp\/v2\/product_tag?post=53342"}],"curies":[{"name":"wp","href":"https:\/\/api.w.org\/{rel}","templated":true}]}}