{"id":533129,"date":"2025-09-04T18:25:08","date_gmt":"2025-09-04T15:25:08","guid":{"rendered":"https:\/\/staging.nbg.eu\/product\/ftcs-gas-tube-cover-round-holes-ak-cerakote-black-nr-31\/"},"modified":"2025-09-29T10:18:29","modified_gmt":"2025-09-29T07:18:29","slug":"ftcs-gazes-caurules-parsegs-apali-caurumi-ak-cerakote-melns-nr-31","status":"publish","type":"product","link":"https:\/\/staging.nbg.eu\/lv\/product\/ftcs-gazes-caurules-parsegs-apali-caurumi-ak-cerakote-melns-nr-31\/","title":{"rendered":"FTCS &#8211; G\u0101zes caurules p\u0101rsegs &#8211; Apa\u013ci caurumi &#8211; AK &#8211; Cerakote &#8211; Melns &#8211; Nr. 31"},"content":{"rendered":"<div class=\"product-description\">\n<h2>FTCS g\u0101zes caurules p\u0101rsegs &#8211; Apa\u013ci caurumi &#8211; AK &#8211; Cerakote melns &#8211; Nr. 31<\/h2>\n<p>FTCS g\u0101zes caurules p\u0101rsegs AK tipa iero\u010diem. Izgatavots no ner\u016bs\u0113jo\u0161\u0101 t\u0113rauda ar Cerakote p\u0101rkl\u0101jumu.<\/p>\n<ul>\n<li>Prec\u012bzi piel\u0101gots uzst\u0101d\u012b\u0161anai<\/li>\n<li>Iek\u0161\u0113jais balsts uzlabotai stingr\u012bbai<\/li>\n<li>Apa\u013ci izgriezumi siltuma izklied\u0113\u0161anai<\/li>\n<li>Cerakote apdare meln\u0101 graf\u012bta kr\u0101s\u0101 H-146<\/li>\n<li>Sader\u012bgs ar FTCS rokturiem Nr. 1-6<\/li>\n<li>Izm\u0113ri: 110 x 35 mm<\/li>\n<li>Svars: 54 g<\/li>\n<\/ul>\n<p>G\u0101zes caurules p\u0101rsegs AK tipa iero\u010diem.<\/p>\n<\/div>\n","protected":false},"excerpt":{"rendered":"<p>AK g\u0101zes caurules p\u0101rsegs ar apa\u013c\u0101m atver\u0113m, melna Cerakote p\u0101rkl\u0101jum\u0101, ner\u016bs\u0113jo\u0161ais t\u0113rauds<\/p>\n","protected":false},"featured_media":494129,"template":"","meta":{"_acf_changed":false},"product_brand":[11318],"product_cat":[13761,13827,13776],"product_tag":[],"class_list":{"0":"post-533129","1":"product","2":"type-product","3":"status-publish","4":"has-post-thumbnail","6":"product_brand-ftcs","7":"product_cat-ak-uzlabojumi","8":"product_cat-sautene","9":"product_cat-sautenes-uzlabojumi","11":"first","12":"instock","13":"taxable","14":"shipping-taxable","15":"purchasable","16":"product-type-simple"},"acf":[],"_links":{"self":[{"href":"https:\/\/staging.nbg.eu\/lv\/wp-json\/wp\/v2\/product\/533129","targetHints":{"allow":["GET"]}}],"collection":[{"href":"https:\/\/staging.nbg.eu\/lv\/wp-json\/wp\/v2\/product"}],"about":[{"href":"https:\/\/staging.nbg.eu\/lv\/wp-json\/wp\/v2\/types\/product"}],"wp:featuredmedia":[{"embeddable":true,"href":"https:\/\/staging.nbg.eu\/lv\/wp-json\/wp\/v2\/media\/494129"}],"wp:attachment":[{"href":"https:\/\/staging.nbg.eu\/lv\/wp-json\/wp\/v2\/media?parent=533129"}],"wp:term":[{"taxonomy":"product_brand","embeddable":true,"href":"https:\/\/staging.nbg.eu\/lv\/wp-json\/wp\/v2\/product_brand?post=533129"},{"taxonomy":"product_cat","embeddable":true,"href":"https:\/\/staging.nbg.eu\/lv\/wp-json\/wp\/v2\/product_cat?post=533129"},{"taxonomy":"product_tag","embeddable":true,"href":"https:\/\/staging.nbg.eu\/lv\/wp-json\/wp\/v2\/product_tag?post=533129"}],"curies":[{"name":"wp","href":"https:\/\/api.w.org\/{rel}","templated":true}]}}