{"id":533022,"date":"2025-09-04T18:25:08","date_gmt":"2025-09-04T15:25:08","guid":{"rendered":"https:\/\/staging.nbg.eu\/product\/ftcs-gas-tube-cover-oblong-holes-ak-cerakote-black-nr-30\/"},"modified":"2025-09-29T10:10:32","modified_gmt":"2025-09-29T07:10:32","slug":"ftcs-gazes-caurules-parsegs-iegareni-caurumi-ak-cerakote-melns-nr-30","status":"publish","type":"product","link":"https:\/\/staging.nbg.eu\/lv\/product\/ftcs-gazes-caurules-parsegs-iegareni-caurumi-ak-cerakote-melns-nr-30\/","title":{"rendered":"FTCS &#8211; G\u0101zes caurules p\u0101rsegs &#8211; Iegareni caurumi &#8211; AK &#8211; Cerakote &#8211; Melns &#8211; Nr. 30"},"content":{"rendered":"<div class=\"product-description\">\n<h2>FTCS G\u0101zes caurules p\u0101rsegs &#8211; Iegareni caurumi &#8211; AK &#8211; Cerakote melns &#8211; Nr. 30<\/h2>\n<p>FTCS G\u0101zes caurules p\u0101rsegs AK iero\u010diem. \u0160im piederumam ir \u0161\u0101das \u012bpa\u0161\u012bbas:<\/p>\n<ul>\n<li>Cerakote melna apdare korozijas aizsardz\u012bbai<\/li>\n<li>Iegarenu caurumu dizains siltuma izklied\u0113\u0161anai<\/li>\n<li>Sader\u012bgs ar vairumu AK tipa \u0161auten\u0113m<\/li>\n<li>Vienk\u0101r\u0161a uzst\u0101d\u012b\u0161ana &#8211; nav nepiecie\u0161ama iero\u010du meistara pal\u012bdz\u012bba<\/li>\n<li>Uzlabo lieto\u0161anu, samazinot saj\u016btamo karstumu ilgsto\u0161as \u0161au\u0161anas laik\u0101<\/li>\n<li>Moderns izskats<\/li>\n<\/ul>\n<p>FTCS G\u0101zes caurules p\u0101rsegs Nr. 30 AK iero\u010diem.<\/p>\n<\/div>\n","protected":false},"excerpt":{"rendered":"<p>AK g\u0101zes caurules p\u0101rsegs ar iegaren\u0101m atver\u0113m. Melna Cerakote apdare. #30.<\/p>\n","protected":false},"featured_media":494060,"template":"","meta":{"_acf_changed":false},"product_brand":[11318],"product_cat":[13761,13827,13776],"product_tag":[],"class_list":{"0":"post-533022","1":"product","2":"type-product","3":"status-publish","4":"has-post-thumbnail","6":"product_brand-ftcs","7":"product_cat-ak-uzlabojumi","8":"product_cat-sautene","9":"product_cat-sautenes-uzlabojumi","11":"first","12":"instock","13":"taxable","14":"shipping-taxable","15":"purchasable","16":"product-type-simple"},"acf":[],"_links":{"self":[{"href":"https:\/\/staging.nbg.eu\/lv\/wp-json\/wp\/v2\/product\/533022","targetHints":{"allow":["GET"]}}],"collection":[{"href":"https:\/\/staging.nbg.eu\/lv\/wp-json\/wp\/v2\/product"}],"about":[{"href":"https:\/\/staging.nbg.eu\/lv\/wp-json\/wp\/v2\/types\/product"}],"wp:featuredmedia":[{"embeddable":true,"href":"https:\/\/staging.nbg.eu\/lv\/wp-json\/wp\/v2\/media\/494060"}],"wp:attachment":[{"href":"https:\/\/staging.nbg.eu\/lv\/wp-json\/wp\/v2\/media?parent=533022"}],"wp:term":[{"taxonomy":"product_brand","embeddable":true,"href":"https:\/\/staging.nbg.eu\/lv\/wp-json\/wp\/v2\/product_brand?post=533022"},{"taxonomy":"product_cat","embeddable":true,"href":"https:\/\/staging.nbg.eu\/lv\/wp-json\/wp\/v2\/product_cat?post=533022"},{"taxonomy":"product_tag","embeddable":true,"href":"https:\/\/staging.nbg.eu\/lv\/wp-json\/wp\/v2\/product_tag?post=533022"}],"curies":[{"name":"wp","href":"https:\/\/api.w.org\/{rel}","templated":true}]}}