{"id":532750,"date":"2025-09-04T17:51:31","date_gmt":"2025-09-04T14:51:31","guid":{"rendered":"https:\/\/staging.nbg.eu\/product\/strike-industries-mass-driver-comp-for-glock-17-gen4\/"},"modified":"2025-09-29T09:49:53","modified_gmt":"2025-09-29T06:49:53","slug":"strike-industries-mass-driver-comp-glock-17-gen4","status":"publish","type":"product","link":"https:\/\/staging.nbg.eu\/lv\/product\/strike-industries-mass-driver-comp-glock-17-gen4\/","title":{"rendered":"Strike Industries &#8211; Mass Driver Comp Glock 17 Gen4"},"content":{"rendered":"<h2>Strike Industries &#8211; Kompensators Glock 17 Gen4<\/h2>\n<p>Strike Industries Mass Driver Kompensators (MDC) Glock 17 Gen4. \u0160is kompensators samazina meh\u0101nisko atsitienu, neietekm\u0113jot iero\u010das darb\u012bbas uzticam\u012bbu.<\/p>\n<h2>Galven\u0101s \u012bpa\u0161\u012bbas:<\/h2>\n<ul>\n<li>Atdal\u0101s no darb\u012bbas komponentiem p\u0113c aizdedzes<\/li>\n<li>Saglab\u0101 tuvu standarta ciklisko \u0101trumu<\/li>\n<li>Samazina atgriezenisko masu<\/li>\n<li>Papla\u0161in\u0101ts urbums, lai samazin\u0101tu deflektora triecienus<\/li>\n<li>2,5 mm atbr\u012bvo\u0161anas griezums, lai nov\u0113rstu sl\u012bd\u0146a boj\u0101jumus<\/li>\n<li>Sader\u012bgs ar vairumu p\u0113cp\u0101rdo\u0161anas v\u012bt\u0146oto stobru<\/li>\n<li>Der GLOCK\u2122 GEN3, GEN4 un GEN5 G17 sl\u012bd\u0146iem<\/li>\n<li>Darbojas ar vairumu atv\u0113rto makstu<\/li>\n<\/ul>\n<p><strong>Piez\u012bme:<\/strong> Ieteicamais griezes moments vadstie\u0146a uzgrieznim: 25 m\u0101rci\u0146as\/collas. +P un +P+ mun\u012bcijas lieto\u0161ana var izrais\u012bt priek\u0161laic\u012bgu nodilumu.<\/p>\n","protected":false},"excerpt":{"rendered":"<p>Revolucion\u0101rs kompensatora dizains, kas nodro\u0161ina samazin\u0101tu atsitienu un \u0101tr\u0101ku \u0161au\u0161anas ciklu.<\/p>\n","protected":false},"featured_media":493837,"template":"","meta":{"_acf_changed":false},"product_brand":[],"product_cat":[13784,13828],"product_tag":[],"class_list":{"0":"post-532750","1":"product","2":"type-product","3":"status-publish","4":"has-post-thumbnail","6":"product_cat-pistole","7":"product_cat-pistoles-detalas","9":"first","10":"instock","11":"taxable","12":"shipping-taxable","13":"purchasable","14":"product-type-simple"},"acf":[],"_links":{"self":[{"href":"https:\/\/staging.nbg.eu\/lv\/wp-json\/wp\/v2\/product\/532750","targetHints":{"allow":["GET"]}}],"collection":[{"href":"https:\/\/staging.nbg.eu\/lv\/wp-json\/wp\/v2\/product"}],"about":[{"href":"https:\/\/staging.nbg.eu\/lv\/wp-json\/wp\/v2\/types\/product"}],"wp:featuredmedia":[{"embeddable":true,"href":"https:\/\/staging.nbg.eu\/lv\/wp-json\/wp\/v2\/media\/493837"}],"wp:attachment":[{"href":"https:\/\/staging.nbg.eu\/lv\/wp-json\/wp\/v2\/media?parent=532750"}],"wp:term":[{"taxonomy":"product_brand","embeddable":true,"href":"https:\/\/staging.nbg.eu\/lv\/wp-json\/wp\/v2\/product_brand?post=532750"},{"taxonomy":"product_cat","embeddable":true,"href":"https:\/\/staging.nbg.eu\/lv\/wp-json\/wp\/v2\/product_cat?post=532750"},{"taxonomy":"product_tag","embeddable":true,"href":"https:\/\/staging.nbg.eu\/lv\/wp-json\/wp\/v2\/product_tag?post=532750"}],"curies":[{"name":"wp","href":"https:\/\/api.w.org\/{rel}","templated":true}]}}