{"id":532640,"date":"2025-09-04T17:51:31","date_gmt":"2025-09-04T14:51:31","guid":{"rendered":"https:\/\/staging.nbg.eu\/product\/strike-industries-mass-driver-comp-for-glock-17-gen5-black-si-g5-mdcomp-s\/"},"modified":"2025-09-29T09:41:27","modified_gmt":"2025-09-29T06:41:27","slug":"strike-industries-mass-driver-comp-glock-17-gen5-melns-si-g5-mdcomp-s","status":"publish","type":"product","link":"https:\/\/staging.nbg.eu\/lv\/product\/strike-industries-mass-driver-comp-glock-17-gen5-melns-si-g5-mdcomp-s\/","title":{"rendered":"Strike Industries &#8211; Mass Driver Comp Glock 17 Gen5 &#8211; Melns &#8211; SI-G5-MDCOMP-S"},"content":{"rendered":"<h2>Strike Industries masas vad\u012bt\u0101ja kompensators Glock 17 Gen5 &#8211; Melns<\/h2>\n<p>Strike Industries masas vad\u012bt\u0101ja kompensators (MDC) Glock 17 Gen5. \u0160\u012b konstrukcija ir iedvesmota no teor\u0113tiskajiem masas vad\u012bt\u0101ja dzin\u0113jiem kosmosa ce\u013cojumos.<\/p>\n<ul>\n<li>Samazina meh\u0101nisko atsitienu, neietekm\u0113jot darb\u012bbas \u0101trumu<\/li>\n<li>Samazina reciprok\u0113jo\u0161o masu, uzlabojot veiktsp\u0113ju<\/li>\n<li>Papla\u0161in\u0101ts urbums, lai nov\u0113rstu deflektora triecienus un \u0161\u0101vi\u0146u grie\u0161anos<\/li>\n<li>2,5 mm atbr\u012bvojuma griezums pistoles sl\u012bd\u0146a aizsardz\u012bbai<\/li>\n<li>Sader\u012bgs ar vairumu p\u0113cp\u0101rdo\u0161anas v\u012bt\u0146otu stobru<\/li>\n<li>Der GLOCK\u2122 GEN3, GEN4 un GEN5 G19 un G17 sl\u012bd\u0146iem<\/li>\n<li>Darbojas ar vairumu atv\u0113rto makstu, kas piel\u0101gotas kompensatoriem<\/li>\n<\/ul>\n<p><strong>Piez\u012bme:<\/strong> Ieteicamais griezes moments vadstie\u0146a uzgrieznim: 25 m\u0101rci\u0146as\/collas. Lieto\u0161ana ar +P un +P+ mun\u012bciju var izrais\u012bt priek\u0161laic\u012bgu nodilumu.<\/p>\n","protected":false},"excerpt":{"rendered":"<p>Strike Industries MDC: Revolucion\u0101ra atsitiena samazin\u0101\u0161ana Glock 17 Gen5 iero\u010diem.<\/p>\n","protected":false},"featured_media":493791,"template":"","meta":{"_acf_changed":false},"product_brand":[],"product_cat":[13784,13828],"product_tag":[],"class_list":{"0":"post-532640","1":"product","2":"type-product","3":"status-publish","4":"has-post-thumbnail","6":"product_cat-pistole","7":"product_cat-pistoles-detalas","9":"first","10":"instock","11":"taxable","12":"shipping-taxable","13":"purchasable","14":"product-type-simple"},"acf":[],"_links":{"self":[{"href":"https:\/\/staging.nbg.eu\/lv\/wp-json\/wp\/v2\/product\/532640","targetHints":{"allow":["GET"]}}],"collection":[{"href":"https:\/\/staging.nbg.eu\/lv\/wp-json\/wp\/v2\/product"}],"about":[{"href":"https:\/\/staging.nbg.eu\/lv\/wp-json\/wp\/v2\/types\/product"}],"wp:featuredmedia":[{"embeddable":true,"href":"https:\/\/staging.nbg.eu\/lv\/wp-json\/wp\/v2\/media\/493791"}],"wp:attachment":[{"href":"https:\/\/staging.nbg.eu\/lv\/wp-json\/wp\/v2\/media?parent=532640"}],"wp:term":[{"taxonomy":"product_brand","embeddable":true,"href":"https:\/\/staging.nbg.eu\/lv\/wp-json\/wp\/v2\/product_brand?post=532640"},{"taxonomy":"product_cat","embeddable":true,"href":"https:\/\/staging.nbg.eu\/lv\/wp-json\/wp\/v2\/product_cat?post=532640"},{"taxonomy":"product_tag","embeddable":true,"href":"https:\/\/staging.nbg.eu\/lv\/wp-json\/wp\/v2\/product_tag?post=532640"}],"curies":[{"name":"wp","href":"https:\/\/api.w.org\/{rel}","templated":true}]}}