{"id":531302,"date":"2025-09-04T17:51:30","date_gmt":"2025-09-04T14:51:30","guid":{"rendered":"https:\/\/staging.nbg.eu\/product\/strike-industries-mass-driver-comp-for-glock-19-gen4\/"},"modified":"2025-09-26T17:55:30","modified_gmt":"2025-09-26T14:55:30","slug":"strike-industries-mass-driver-comp-glock-19-gen4","status":"publish","type":"product","link":"https:\/\/staging.nbg.eu\/lv\/product\/strike-industries-mass-driver-comp-glock-19-gen4\/","title":{"rendered":"Strike Industries &#8211; Mass Driver Comp Glock 19 Gen4"},"content":{"rendered":"<h2>Strike Industries masas vad\u012bt\u0101ja kompensators Glock 19 Gen4<\/h2>\n<p>Strike Industries masas vad\u012bt\u0101ja kompensators (MDC) Glock 19 Gen4 pied\u0101v\u0101:<\/p>\n<ul>\n<li>Samazin\u0101tu meh\u0101nisko atsitienu, izmantojot pretsvara sist\u0113mu<\/li>\n<li>Tuvu standarta cikliskajam \u0101trumam uzticamai darb\u012bbai<\/li>\n<li>Papla\u0161in\u0101tu urbumu, lai nov\u0113rstu deflektora triecienus un griezumu veido\u0161anos<\/li>\n<li>2,5 mm atbr\u012bvojuma griezumu sl\u012bd\u0146a virsmas aizsardz\u012bbai<\/li>\n<li>Sader\u012bbu ar vairumu p\u0113cp\u0101rdo\u0161anas v\u012bt\u0146otu stobru<\/li>\n<li>Der Gen3, Gen4 un Gen5 G19 un G17 sl\u012bd\u0146iem<\/li>\n<li>Darbojas ar atv\u0113rta gala makst\u012bm, kas piel\u0101gotas kompensatoriem<\/li>\n<\/ul>\n<p>Piez\u012bme: vad\u012bbas stie\u0146a uzgrieznim ieteicams 25 m\u0101rci\u0146as\/collas griezes moments. +P un +P+ mun\u012bcijas lieto\u0161ana var izrais\u012bt priek\u0161laic\u012bgu nodilumu.<\/p>\n","protected":false},"excerpt":{"rendered":"<p>Revolucion\u0101rs kompensators Glock 19 Gen4 iero\u010diem. Samazina atsitienu un stobra pacel\u0161anos.<\/p>\n","protected":false},"featured_media":493675,"template":"","meta":{"_acf_changed":false},"product_brand":[],"product_cat":[13843],"product_tag":[],"class_list":{"0":"post-531302","1":"product","2":"type-product","3":"status-publish","4":"has-post-thumbnail","6":"product_cat-nekategorizets","8":"first","9":"instock","10":"taxable","11":"shipping-taxable","12":"purchasable","13":"product-type-simple"},"acf":[],"_links":{"self":[{"href":"https:\/\/staging.nbg.eu\/lv\/wp-json\/wp\/v2\/product\/531302","targetHints":{"allow":["GET"]}}],"collection":[{"href":"https:\/\/staging.nbg.eu\/lv\/wp-json\/wp\/v2\/product"}],"about":[{"href":"https:\/\/staging.nbg.eu\/lv\/wp-json\/wp\/v2\/types\/product"}],"wp:featuredmedia":[{"embeddable":true,"href":"https:\/\/staging.nbg.eu\/lv\/wp-json\/wp\/v2\/media\/493675"}],"wp:attachment":[{"href":"https:\/\/staging.nbg.eu\/lv\/wp-json\/wp\/v2\/media?parent=531302"}],"wp:term":[{"taxonomy":"product_brand","embeddable":true,"href":"https:\/\/staging.nbg.eu\/lv\/wp-json\/wp\/v2\/product_brand?post=531302"},{"taxonomy":"product_cat","embeddable":true,"href":"https:\/\/staging.nbg.eu\/lv\/wp-json\/wp\/v2\/product_cat?post=531302"},{"taxonomy":"product_tag","embeddable":true,"href":"https:\/\/staging.nbg.eu\/lv\/wp-json\/wp\/v2\/product_tag?post=531302"}],"curies":[{"name":"wp","href":"https:\/\/api.w.org\/{rel}","templated":true}]}}