{"id":531078,"date":"2025-09-04T17:50:56","date_gmt":"2025-09-04T14:50:56","guid":{"rendered":"https:\/\/staging.nbg.eu\/product\/wbp-rogow-mounting-kit-for-enlarged-magazine-latch-ak-akm-ak-74\/"},"modified":"2025-09-26T16:30:49","modified_gmt":"2025-09-26T13:30:49","slug":"wbp-rogow-montazas-komplekts-palielinatam-magazinas-aizbidnim-ak-akm-ak-74","status":"publish","type":"product","link":"https:\/\/staging.nbg.eu\/lv\/product\/wbp-rogow-montazas-komplekts-palielinatam-magazinas-aizbidnim-ak-akm-ak-74\/","title":{"rendered":"WBP Rog\u00f3w &#8211; Mont\u0101\u017eas komplekts palielin\u0101tam magaz\u012bnas aizb\u012bdnim &#8211; AK \/ AKM \/ AK-74"},"content":{"rendered":"<h2>WBP Rog\u00f3w &#8211; Mont\u0101\u017eas komplekts palielin\u0101tam magaz\u012bnas fiksatoram &#8211; AK \/ AKM \/ AK-74<\/h2>\n<p>\u0160is palielin\u0101t\u0101 magaz\u012bnas fiksatora mont\u0101\u017eas komplekts no WBP Rog\u00f3w ir paredz\u0113ts AK platformas \u0161auten\u0113m. Tas ir izstr\u0101d\u0101ts \u0101trai un vieglai uzst\u0101d\u012b\u0161anai un ir piem\u0113rots da\u017e\u0101diem AK saimes iero\u010diem.<\/p>\n<h2>Galven\u0101s iez\u012bmes:<\/h2>\n<ul>\n<li>Palielin\u0101ta virsma viegl\u0101kai magaz\u012bnas no\u0146em\u0161anai<\/li>\n<li>Sader\u012bgs ar popul\u0101riem AK, AKM un AK-74 mode\u013ciem<\/li>\n<li>Atvieglo \u0101tr\u0101ku p\u0101rl\u0101d\u0113\u0161anu<\/li>\n<li>Iek\u013cauta atspere un \u0161arn\u012bra tapa<\/li>\n<li>Izgatavots no oksid\u0113ta t\u0113rauda<\/li>\n<li>Melna apdare<\/li>\n<\/ul>\n<p>Izm\u0113ri: 51 x 24 x 15 mm<br \/>\nSvars: 16 g<\/p>\n<p>Uzlabojiet sava AK magaz\u012bnas atbr\u012bvo\u0161anas meh\u0101nismu.<\/p>\n","protected":false},"excerpt":{"rendered":"<p>Palielin\u0101ta AK magaz\u012bnas aizvara komplekts. Viegli uzst\u0101d\u0101ms, uzlabotas ergonomisk\u0101s \u012bpa\u0161\u012bbas. T\u0113rauds, melns.<\/p>\n","protected":false},"featured_media":493606,"template":"","meta":{"_acf_changed":false},"product_brand":[],"product_cat":[13843],"product_tag":[],"class_list":{"0":"post-531078","1":"product","2":"type-product","3":"status-publish","4":"has-post-thumbnail","6":"product_cat-nekategorizets","8":"first","9":"instock","10":"taxable","11":"shipping-taxable","12":"purchasable","13":"product-type-simple"},"acf":[],"_links":{"self":[{"href":"https:\/\/staging.nbg.eu\/lv\/wp-json\/wp\/v2\/product\/531078","targetHints":{"allow":["GET"]}}],"collection":[{"href":"https:\/\/staging.nbg.eu\/lv\/wp-json\/wp\/v2\/product"}],"about":[{"href":"https:\/\/staging.nbg.eu\/lv\/wp-json\/wp\/v2\/types\/product"}],"wp:featuredmedia":[{"embeddable":true,"href":"https:\/\/staging.nbg.eu\/lv\/wp-json\/wp\/v2\/media\/493606"}],"wp:attachment":[{"href":"https:\/\/staging.nbg.eu\/lv\/wp-json\/wp\/v2\/media?parent=531078"}],"wp:term":[{"taxonomy":"product_brand","embeddable":true,"href":"https:\/\/staging.nbg.eu\/lv\/wp-json\/wp\/v2\/product_brand?post=531078"},{"taxonomy":"product_cat","embeddable":true,"href":"https:\/\/staging.nbg.eu\/lv\/wp-json\/wp\/v2\/product_cat?post=531078"},{"taxonomy":"product_tag","embeddable":true,"href":"https:\/\/staging.nbg.eu\/lv\/wp-json\/wp\/v2\/product_tag?post=531078"}],"curies":[{"name":"wp","href":"https:\/\/api.w.org\/{rel}","templated":true}]}}