{"id":530957,"date":"2025-09-04T17:49:03","date_gmt":"2025-09-04T14:49:03","guid":{"rendered":"https:\/\/staging.nbg.eu\/product\/magpul-moe-sl-ak-grip-for-ak47-ak74-fde-mag682-fde\/"},"modified":"2025-09-26T16:16:11","modified_gmt":"2025-09-26T13:16:11","slug":"magpul-moe-sl-ak-rokturis-ak47ak74-fde-mag682-fde","status":"publish","type":"product","link":"https:\/\/staging.nbg.eu\/lv\/product\/magpul-moe-sl-ak-rokturis-ak47ak74-fde-mag682-fde\/","title":{"rendered":"Magpul &#8211; MOE SL AK Rokturis AK47\/AK74 &#8211; FDE &#8211; MAG682-FDE"},"content":{"rendered":"<div class=\"product-description\">\n<h2>Magpul MOE SL AK Rokturis AK47\/AK74 &#8211; FDE (MAG682-FDE)<\/h2>\n<p>Magpul MOE SL AK rokturis AK47\/AK74 gai\u0161i br\u016bn\u0101 kr\u0101s\u0101. \u0160is tievais rokturis pied\u0101v\u0101 vertik\u0101l\u0101ku le\u0146\u0137i, optimiz\u0113ts iero\u010diem ar \u012bs\u0101ku stobra garumu, tuvinot prim\u0101ro roku \u0137ermenim.<\/p>\n<ul>\n<li>Izgatavots no polim\u0113ra ar tekstur\u0113tu apdari<\/li>\n<li>Der gan fr\u0113z\u0113tiem, gan \u0161tanc\u0113tiem uztv\u0113r\u0113jiem, ieskaitot tos ar roktura stiprin\u0101juma pl\u0101ksn\u0113m<\/li>\n<li>Apr\u012bkots ar TSP (trapecveida virsmas projekcijas) tekst\u016bru<\/li>\n<li>20 gr\u0101du roktura le\u0146\u0137is<\/li>\n<li>Tiev\u0101ks profils sal\u012bdzin\u0101jum\u0101 ar pilna izm\u0113ra rokturiem<\/li>\n<li>Izm\u0113ri: 4,3&#8243; A x 1,1&#8243; B, svars 2,6 unces<\/li>\n<li>Ra\u017eots ASV &#8211; skait\u0101s k\u0101 viena ASV atbilst\u012bbas da\u013ca 922r<\/li>\n<\/ul>\n<p>Magpul MOE SL AK rokturis ir paredz\u0113ts lieto\u0161anai da\u017e\u0101dos apst\u0101k\u013cos.<\/p>\n<\/div>\n","protected":false},"excerpt":{"rendered":"<p>Magpul MOE SL AK rokturis: Slaids, tekstur\u0113ts uzlabojums AK47\/74 iero\u010diem &#8211; smil\u0161kr\u0101s\u0101 (FDE)<\/p>\n","protected":false},"featured_media":493582,"template":"","meta":{"_acf_changed":false},"product_brand":[],"product_cat":[13843],"product_tag":[],"class_list":{"0":"post-530957","1":"product","2":"type-product","3":"status-publish","4":"has-post-thumbnail","6":"product_cat-nekategorizets","8":"first","9":"instock","10":"taxable","11":"shipping-taxable","12":"purchasable","13":"product-type-simple"},"acf":[],"_links":{"self":[{"href":"https:\/\/staging.nbg.eu\/lv\/wp-json\/wp\/v2\/product\/530957","targetHints":{"allow":["GET"]}}],"collection":[{"href":"https:\/\/staging.nbg.eu\/lv\/wp-json\/wp\/v2\/product"}],"about":[{"href":"https:\/\/staging.nbg.eu\/lv\/wp-json\/wp\/v2\/types\/product"}],"wp:featuredmedia":[{"embeddable":true,"href":"https:\/\/staging.nbg.eu\/lv\/wp-json\/wp\/v2\/media\/493582"}],"wp:attachment":[{"href":"https:\/\/staging.nbg.eu\/lv\/wp-json\/wp\/v2\/media?parent=530957"}],"wp:term":[{"taxonomy":"product_brand","embeddable":true,"href":"https:\/\/staging.nbg.eu\/lv\/wp-json\/wp\/v2\/product_brand?post=530957"},{"taxonomy":"product_cat","embeddable":true,"href":"https:\/\/staging.nbg.eu\/lv\/wp-json\/wp\/v2\/product_cat?post=530957"},{"taxonomy":"product_tag","embeddable":true,"href":"https:\/\/staging.nbg.eu\/lv\/wp-json\/wp\/v2\/product_tag?post=530957"}],"curies":[{"name":"wp","href":"https:\/\/api.w.org\/{rel}","templated":true}]}}