{"id":530762,"date":"2025-09-04T17:31:53","date_gmt":"2025-09-04T14:31:53","guid":{"rendered":"https:\/\/staging.nbg.eu\/product\/pistoletna-drzhka-magpul-moe-k2-za-ak-fde-mag683-fde\/"},"modified":"2025-09-26T16:05:27","modified_gmt":"2025-09-26T13:05:27","slug":"magpul-moe-k2-pistoles-rokturis-ak-fde-mag683-fde","status":"publish","type":"product","link":"https:\/\/staging.nbg.eu\/lv\/product\/magpul-moe-k2-pistoles-rokturis-ak-fde-mag683-fde\/","title":{"rendered":"Magpul &#8211; MOE-K2 Pistoles Rokturis AK FDE MAG683-FDE"},"content":{"rendered":"<div class=\"product-description\">\n<h2>Magpul MOE-K2 AK Rokturis &#8211; FDE (MAG683-FDE)<\/h2>\n<p>Magpul MOE-K2 AK rokturis AK47\/AK74 platformas \u0161autuvei, kr\u0101sa: Flat Dark Earth. \u0160is rokturis pied\u0101v\u0101:<\/p>\n<ul>\n<li>Uzlabotu ergonomiku un kontroli<\/li>\n<li>Iztur\u012bgu polim\u0113ra konstrukciju ar tekst\u016bru<\/li>\n<li>Nesl\u012bdo\u0161u roktura virsmu<\/li>\n<li>St\u0101v\u0101ku roktura le\u0146\u0137i modern\u0101m \u0161au\u0161anas poz\u0101m<\/li>\n<li>Samazin\u0101tu plaukstas nogurumu ilgsto\u0161as lieto\u0161anas laik\u0101<\/li>\n<\/ul>\n<p>\u0160o FDE rokturi ir izstr\u0101d\u0101jis Magpul. Tas papildina da\u017e\u0101das AK apdares.<\/p>\n<p><strong>Ra\u017eot\u0101ja deta\u013cas numurs:<\/strong> MAG683-FDE<\/p>\n<p><strong>UPC:<\/strong> 840815117117<\/p>\n<\/div>\n","protected":false},"excerpt":{"rendered":"<p>Magpul MOE-K2 AK rokturis: Ergonomisks, nesl\u012bdo\u0161s, st\u0101v\u0101ks le\u0146\u0137is \u0113rt\u012bbai.<\/p>\n","protected":false},"featured_media":0,"template":"","meta":{"_acf_changed":false},"product_brand":[],"product_cat":[],"product_tag":[],"class_list":{"0":"post-530762","1":"product","2":"type-product","3":"status-publish","6":"first","7":"instock","8":"taxable","9":"shipping-taxable","10":"purchasable","11":"product-type-simple"},"acf":[],"_links":{"self":[{"href":"https:\/\/staging.nbg.eu\/lv\/wp-json\/wp\/v2\/product\/530762","targetHints":{"allow":["GET"]}}],"collection":[{"href":"https:\/\/staging.nbg.eu\/lv\/wp-json\/wp\/v2\/product"}],"about":[{"href":"https:\/\/staging.nbg.eu\/lv\/wp-json\/wp\/v2\/types\/product"}],"wp:attachment":[{"href":"https:\/\/staging.nbg.eu\/lv\/wp-json\/wp\/v2\/media?parent=530762"}],"wp:term":[{"taxonomy":"product_brand","embeddable":true,"href":"https:\/\/staging.nbg.eu\/lv\/wp-json\/wp\/v2\/product_brand?post=530762"},{"taxonomy":"product_cat","embeddable":true,"href":"https:\/\/staging.nbg.eu\/lv\/wp-json\/wp\/v2\/product_cat?post=530762"},{"taxonomy":"product_tag","embeddable":true,"href":"https:\/\/staging.nbg.eu\/lv\/wp-json\/wp\/v2\/product_tag?post=530762"}],"curies":[{"name":"wp","href":"https:\/\/api.w.org\/{rel}","templated":true}]}}