{"id":530107,"date":"2025-09-04T17:31:43","date_gmt":"2025-09-04T14:31:43","guid":{"rendered":"https:\/\/staging.nbg.eu\/product\/magpul-moe-m-lok-hand-guard-for-ar15-m4-mid-length-black\/"},"modified":"2025-09-26T15:15:39","modified_gmt":"2025-09-26T12:15:39","slug":"magpul-moe-m-lok-roktura-sargs-ar15m4-videja-garuma-melns","status":"publish","type":"product","link":"https:\/\/staging.nbg.eu\/lv\/product\/magpul-moe-m-lok-roktura-sargs-ar15m4-videja-garuma-melns\/","title":{"rendered":"Magpul &#8211; MOE M-LOK Roktura Sargs AR15\/M4 &#8211; Videja Garuma &#8211; Melns"},"content":{"rendered":"<div class=\"product-description\">\n<h2>Magpul MOE\u00ae M-LOK\u00ae rokturis AR15\/M4 &#8211; vid\u0113ja garuma &#8211; melns<\/h2>\n<p>AR-15\/M4 rokturis, kas paredz\u0113ts vid\u0113ja garuma g\u0101zes sist\u0113m\u0101m. \u0160is piederums apvieno vieglu polim\u0113ra konstrukciju ar modu\u013cu piel\u0101gojam\u012bbu.<\/p>\n<ul>\n<li>M-LOK stiprin\u0101jumi 2, 6 un 10 pulkste\u0146a poz\u012bcij\u0101s piederumu piestiprin\u0101\u0161anai<\/li>\n<li>Pastiprin\u0101ta, karstumiztur\u012bga polim\u0113ra konstrukcija<\/li>\n<li>Sader\u012bgs ar tie\u0161\u0101s ietekm\u0113\u0161anas un liel\u0101ko da\u013cu virzu\u013ca g\u0101zes sist\u0113mu<\/li>\n<li>Viegla uzst\u0101d\u012b\u0161ana, izmantojot eso\u0161o delta gredzenu un roktura stiprin\u0101juma v\u0101ci\u0146u<\/li>\n<li>Ieb\u016bv\u0113ts knied\u0113ts alum\u012bnija siltumekr\u0101ns<\/li>\n<li>Priek\u0161\u0113jie pagarin\u0101jumi un apak\u0161\u0113j\u0101 mala operatora aizsardz\u012bbai<\/li>\n<\/ul>\n<p>Svars 8,7 unces un garums 9,2 collas. Ra\u017eots ASV. Piem\u0113rots AR-15\/M4 platformai.<\/p>\n<\/div>\n","protected":false},"excerpt":{"rendered":"<p>Viegls, modul\u0101rs AR-15\/M4 vid\u0113ja garuma rokturis ar M-LOK slotiem.<\/p>\n","protected":false},"featured_media":493090,"template":"","meta":{"_acf_changed":false},"product_brand":[11547],"product_cat":[13827,13776,13775],"product_tag":[],"class_list":{"0":"post-530107","1":"product","2":"type-product","3":"status-publish","4":"has-post-thumbnail","6":"product_brand-magpul","7":"product_cat-sautene","8":"product_cat-sautenes-uzlabojumi","9":"product_cat-sliedes","11":"first","12":"instock","13":"taxable","14":"shipping-taxable","15":"purchasable","16":"product-type-simple"},"acf":[],"_links":{"self":[{"href":"https:\/\/staging.nbg.eu\/lv\/wp-json\/wp\/v2\/product\/530107","targetHints":{"allow":["GET"]}}],"collection":[{"href":"https:\/\/staging.nbg.eu\/lv\/wp-json\/wp\/v2\/product"}],"about":[{"href":"https:\/\/staging.nbg.eu\/lv\/wp-json\/wp\/v2\/types\/product"}],"wp:featuredmedia":[{"embeddable":true,"href":"https:\/\/staging.nbg.eu\/lv\/wp-json\/wp\/v2\/media\/493090"}],"wp:attachment":[{"href":"https:\/\/staging.nbg.eu\/lv\/wp-json\/wp\/v2\/media?parent=530107"}],"wp:term":[{"taxonomy":"product_brand","embeddable":true,"href":"https:\/\/staging.nbg.eu\/lv\/wp-json\/wp\/v2\/product_brand?post=530107"},{"taxonomy":"product_cat","embeddable":true,"href":"https:\/\/staging.nbg.eu\/lv\/wp-json\/wp\/v2\/product_cat?post=530107"},{"taxonomy":"product_tag","embeddable":true,"href":"https:\/\/staging.nbg.eu\/lv\/wp-json\/wp\/v2\/product_tag?post=530107"}],"curies":[{"name":"wp","href":"https:\/\/api.w.org\/{rel}","templated":true}]}}