{"id":529961,"date":"2025-09-02T20:30:44","date_gmt":"2025-09-02T17:30:44","guid":{"rendered":"https:\/\/staging.nbg.eu\/product\/predna-drzhka-magpul-zhukov-za-ak-47-ak-74-lilava-mag586-plm\/"},"modified":"2025-09-26T15:05:09","modified_gmt":"2025-09-26T12:05:09","slug":"magpul-zhukov-prieksejas-rokturis-ak-47ak-74-violets-mag586-plm","status":"publish","type":"product","link":"https:\/\/staging.nbg.eu\/lv\/product\/magpul-zhukov-prieksejas-rokturis-ak-47ak-74-violets-mag586-plm\/","title":{"rendered":"Magpul &#8211; ZHUKOV Prieksejas Rokturis AK-47\/AK-74 Violets MAG586 PLM"},"content":{"rendered":"<div class=\"product-description\">\n<h2>Magpul ZHUKOV Priek\u0161\u0113jais rokturis AK-47\/AK-74 &#8211; Pl\u016bmju kr\u0101s\u0101 (MAG586-PLM)<\/h2>\n<p>Magpul ZHUKOV priek\u0161\u0113jais rokturis AK-47 vai AK-74 iero\u010diem pl\u016bmju kr\u0101s\u0101. \u0160is pagarin\u0101tais rokturis nodro\u0161ina liel\u0101ku satver\u0161anas virsmu un papildu piederumu mont\u0101\u017eas iesp\u0113jas.<\/p>\n<ul>\n<li>Sader\u012bgs ar vairumu AK-47\/AKM\/AK-74 \u0161aute\u0146u (stobra diametrs 16,75-18,25mm, garums &gt;13&#8243;)<\/li>\n<li>Pilna garuma, ciet\u0101 anod\u0113t\u0101 alum\u012bnija \u0161asija stiprin\u0101\u0161anai un siltuma aizsardz\u012bbai<\/li>\n<li>Iztur\u012bgs polim\u0113ra \u0101r\u0113jais p\u0101rkl\u0101jums ar slotiem M-LOK piederumiem<\/li>\n<li>Iek\u013cauts nomai\u0146as polim\u0113ra aug\u0161\u0113jais p\u0101rsegs<\/li>\n<li>Sader\u012bgs ar UltiMAK optisko t\u0113mekli<\/li>\n<li>Garums: 11,7 collas<\/li>\n<\/ul>\n<p>\u0160is daudzpus\u012bgais priek\u0161\u0113jais rokturis ir piem\u0113rots medniekiem un \u0161au\u0161anas entuziastiem.<\/p>\n<\/div>\n","protected":false},"excerpt":{"rendered":"<p>Pagarin\u0101ts Magpul ZHUKOV priek\u0161\u0113jais rokturis AK-47\/AK-74 iero\u010diem, pl\u016bmju kr\u0101s\u0101, sader\u012bgs ar M-LOK sist\u0113mu.<\/p>\n","protected":false},"featured_media":0,"template":"","meta":{"_acf_changed":false},"product_brand":[],"product_cat":[],"product_tag":[],"class_list":{"0":"post-529961","1":"product","2":"type-product","3":"status-publish","6":"first","7":"instock","8":"taxable","9":"shipping-taxable","10":"purchasable","11":"product-type-simple"},"acf":[],"_links":{"self":[{"href":"https:\/\/staging.nbg.eu\/lv\/wp-json\/wp\/v2\/product\/529961","targetHints":{"allow":["GET"]}}],"collection":[{"href":"https:\/\/staging.nbg.eu\/lv\/wp-json\/wp\/v2\/product"}],"about":[{"href":"https:\/\/staging.nbg.eu\/lv\/wp-json\/wp\/v2\/types\/product"}],"wp:attachment":[{"href":"https:\/\/staging.nbg.eu\/lv\/wp-json\/wp\/v2\/media?parent=529961"}],"wp:term":[{"taxonomy":"product_brand","embeddable":true,"href":"https:\/\/staging.nbg.eu\/lv\/wp-json\/wp\/v2\/product_brand?post=529961"},{"taxonomy":"product_cat","embeddable":true,"href":"https:\/\/staging.nbg.eu\/lv\/wp-json\/wp\/v2\/product_cat?post=529961"},{"taxonomy":"product_tag","embeddable":true,"href":"https:\/\/staging.nbg.eu\/lv\/wp-json\/wp\/v2\/product_tag?post=529961"}],"curies":[{"name":"wp","href":"https:\/\/api.w.org\/{rel}","templated":true}]}}