{"id":529630,"date":"2025-09-02T20:24:18","date_gmt":"2025-09-02T17:24:18","guid":{"rendered":"https:\/\/staging.nbg.eu\/product\/magpul-zhukov-hand-guard-for-ak-47-mag586\/"},"modified":"2025-09-26T12:57:04","modified_gmt":"2025-09-26T09:57:04","slug":"magpul-zhukov-roktura-sargs-ak-47-mag586","status":"publish","type":"product","link":"https:\/\/staging.nbg.eu\/lv\/product\/magpul-zhukov-roktura-sargs-ak-47-mag586\/","title":{"rendered":"Magpul &#8211; ZHUKOV Roktura Sargs AK-47 MAG586"},"content":{"rendered":"<h2>Magpul ZHUKOV priek\u0161\u0113jais rokturis AK-47 MAG586<\/h2>\n<p>Magpul ZHUKOV priek\u0161\u0113jais rokturis (MAG586) AK-47 iero\u010diem pied\u0101v\u0101 uzlabotu ergonomiku un piel\u0101go\u0161anas iesp\u0113jas. \u0160is rokturis nodro\u0161ina:<\/p>\n<ul>\n<li>Iztur\u012bgu polim\u0113ra konstrukciju<\/li>\n<li>Pagarin\u0101tu garumu kontrolei un siltuma izklied\u0113\u0161anai<\/li>\n<li>M-LOK sader\u012bgas vietas piederumu pievieno\u0161anai<\/li>\n<li>Ergonomisku dizainu<\/li>\n<li>Vienk\u0101r\u0161u uzst\u0101d\u012b\u0161anu bez past\u0101v\u012bg\u0101m modifik\u0101cij\u0101m<\/li>\n<li>Sader\u012bbu ar \u0161tanc\u0113tiem AKM\/AK-47 mode\u013ca \u0161aujamiero\u010diem<\/li>\n<\/ul>\n<p>ZHUKOV priek\u0161\u0113jais rokturis p\u0101rveido j\u016bsu AK-47 par m\u016bsdien\u012bgu platformu. T\u0101 dizains un funkcijas padara to par noder\u012bgu uzlabojumu AK lietot\u0101jiem.<\/p>\n<p><strong>Piez\u012bme:<\/strong> Uzst\u0101d\u012b\u0161anai nepiecie\u0161ams no\u0146emt roktura stiprin\u0101jumu.<\/p>\n","protected":false},"excerpt":{"rendered":"<p>Iztur\u012bgs AK-47 rokturis. Uzlabo satv\u0113rienu un siltuma izklied\u0113\u0161anu. Sader\u012bgs ar M-LOK.<\/p>\n","protected":false},"featured_media":491565,"template":"","meta":{"_acf_changed":false},"product_brand":[11547],"product_cat":[13827,13776,13775],"product_tag":[],"class_list":{"0":"post-529630","1":"product","2":"type-product","3":"status-publish","4":"has-post-thumbnail","6":"product_brand-magpul","7":"product_cat-sautene","8":"product_cat-sautenes-uzlabojumi","9":"product_cat-sliedes","11":"first","12":"instock","13":"taxable","14":"shipping-taxable","15":"purchasable","16":"product-type-variable","17":"wvs-archive-product-wrapper"},"acf":[],"_links":{"self":[{"href":"https:\/\/staging.nbg.eu\/lv\/wp-json\/wp\/v2\/product\/529630","targetHints":{"allow":["GET"]}}],"collection":[{"href":"https:\/\/staging.nbg.eu\/lv\/wp-json\/wp\/v2\/product"}],"about":[{"href":"https:\/\/staging.nbg.eu\/lv\/wp-json\/wp\/v2\/types\/product"}],"wp:featuredmedia":[{"embeddable":true,"href":"https:\/\/staging.nbg.eu\/lv\/wp-json\/wp\/v2\/media\/491565"}],"wp:attachment":[{"href":"https:\/\/staging.nbg.eu\/lv\/wp-json\/wp\/v2\/media?parent=529630"}],"wp:term":[{"taxonomy":"product_brand","embeddable":true,"href":"https:\/\/staging.nbg.eu\/lv\/wp-json\/wp\/v2\/product_brand?post=529630"},{"taxonomy":"product_cat","embeddable":true,"href":"https:\/\/staging.nbg.eu\/lv\/wp-json\/wp\/v2\/product_cat?post=529630"},{"taxonomy":"product_tag","embeddable":true,"href":"https:\/\/staging.nbg.eu\/lv\/wp-json\/wp\/v2\/product_tag?post=529630"}],"curies":[{"name":"wp","href":"https:\/\/api.w.org\/{rel}","templated":true}]}}