{"id":529451,"date":"2025-09-02T20:23:55","date_gmt":"2025-09-02T17:23:55","guid":{"rendered":"https:\/\/staging.nbg.eu\/product\/magpul-zhukov-s-stock-for-ak-47-ak-74-mag585\/"},"modified":"2025-09-26T12:42:13","modified_gmt":"2025-09-26T09:42:13","slug":"magpul-zhukov-s-laida-ak-47-ak-74-mag585","status":"publish","type":"product","link":"https:\/\/staging.nbg.eu\/lv\/product\/magpul-zhukov-s-laida-ak-47-ak-74-mag585\/","title":{"rendered":"Magpul &#8211; ZHUKOV-S Laida AK-47 \/ AK-74 &#8211; MAG585"},"content":{"rendered":"<div class=\"product-description\">\n<h2>Magpul ZHUKOV-S\u00ae laide AK-47 \/ AK-74 &#8211; MAG585<\/h2>\n<p>Magpul ZHUKOV-S\u00ae saliekam\u0101 laide AK47\/AKM\/AK74 karab\u012bn\u0113m. \u0160is dizains pied\u0101v\u0101:<\/p>\n<ul>\n<li>5 poz\u012bciju regul\u0113\u0161ana rokas garuma piel\u0101go\u0161anai<\/li>\n<li>Lab\u0101s puses saliek\u0161anas meh\u0101nisms, sader\u012bgs ar bezdel\u012bgastes optiku<\/li>\n<li>Iesp\u0113ja \u0161aut un p\u0101rl\u0101d\u0113t ar saloc\u012btu laidi<\/li>\n<li>Zema profila dizains<\/li>\n<li>Nesl\u012bdo\u0161a, triecienu absorb\u0113jo\u0161a gumijas pl\u0101ksne<\/li>\n<li>1.25&#8243; siksnas caurums un sader\u012bba ar QD portu<\/li>\n<\/ul>\n<p>Svars 425g un garums 223.5-289.5mm, \u0161\u012b ASV ra\u017eot\u0101 laide apvieno \u0113rt\u012bbu, funkcionalit\u0101ti un iztur\u012bbu. Piez\u012bme: Nav sader\u012bga ar Dienvidsl\u0101vijas AK, Norinco Type 56S\/MAK-90 vai fr\u0113z\u0113tiem uztv\u0113r\u0113jiem.<\/p>\n<\/div>\n","protected":false},"excerpt":{"rendered":"<p>Magpul ZHUKOV-S: Salok\u0101ms, regul\u0113jams AK ierocis ar \u0101tri atvienojamiem portiem.<\/p>\n","protected":false},"featured_media":491492,"template":"","meta":{"_acf_changed":false},"product_brand":[11547],"product_cat":[13761,13827,13787,13776],"product_tag":[],"class_list":{"0":"post-529451","1":"product","2":"type-product","3":"status-publish","4":"has-post-thumbnail","6":"product_brand-magpul","7":"product_cat-ak-uzlabojumi","8":"product_cat-sautene","9":"product_cat-sautenes-lata","10":"product_cat-sautenes-uzlabojumi","12":"first","13":"instock","14":"taxable","15":"shipping-taxable","16":"purchasable","17":"product-type-variable","18":"wvs-archive-product-wrapper"},"acf":[],"_links":{"self":[{"href":"https:\/\/staging.nbg.eu\/lv\/wp-json\/wp\/v2\/product\/529451","targetHints":{"allow":["GET"]}}],"collection":[{"href":"https:\/\/staging.nbg.eu\/lv\/wp-json\/wp\/v2\/product"}],"about":[{"href":"https:\/\/staging.nbg.eu\/lv\/wp-json\/wp\/v2\/types\/product"}],"wp:featuredmedia":[{"embeddable":true,"href":"https:\/\/staging.nbg.eu\/lv\/wp-json\/wp\/v2\/media\/491492"}],"wp:attachment":[{"href":"https:\/\/staging.nbg.eu\/lv\/wp-json\/wp\/v2\/media?parent=529451"}],"wp:term":[{"taxonomy":"product_brand","embeddable":true,"href":"https:\/\/staging.nbg.eu\/lv\/wp-json\/wp\/v2\/product_brand?post=529451"},{"taxonomy":"product_cat","embeddable":true,"href":"https:\/\/staging.nbg.eu\/lv\/wp-json\/wp\/v2\/product_cat?post=529451"},{"taxonomy":"product_tag","embeddable":true,"href":"https:\/\/staging.nbg.eu\/lv\/wp-json\/wp\/v2\/product_tag?post=529451"}],"curies":[{"name":"wp","href":"https:\/\/api.w.org\/{rel}","templated":true}]}}