{"id":529303,"date":"2025-09-02T20:21:32","date_gmt":"2025-09-02T17:21:32","guid":{"rendered":"https:\/\/staging.nbg.eu\/product\/magpul-gl-enhanced-magazine-well-for-glock-19-gen-4-mag950\/"},"modified":"2025-09-26T12:32:05","modified_gmt":"2025-09-26T09:32:05","slug":"magpul-gl-uzlabota-magazinas-aka-glock-19-gen-4-mag950","status":"publish","type":"product","link":"https:\/\/staging.nbg.eu\/lv\/product\/magpul-gl-uzlabota-magazinas-aka-glock-19-gen-4-mag950\/","title":{"rendered":"Magpul &#8211; GL Uzlabota Magazinas Aka Glock 19 GEN 4 &#8211; MAG950"},"content":{"rendered":"<h2>Magpul GL uzlabot\u0101 magaz\u012bnas apmale priek\u0161 GLOCK\u00ae 19 Gen4 &#8211; MAG950<\/h2>\n<p>Magpul magaz\u012bnas apmale GLOCK 19 Gen4. Paredz\u0113ta \u0101trai magaz\u012bnas ievieto\u0161anai un iz\u0146em\u0161anai. Galven\u0101s \u012bpa\u0161\u012bbas:<\/p>\n<ul>\n<li>Dizains labai sl\u0113p\u0161anai<\/li>\n<li>Piem\u0113rots standarta GLOCK magaz\u012bn\u0101m un Magpul GL9\u00ae PMAGs\u00ae<\/li>\n<li>Gluda rampa un malas magaz\u012bnas apstr\u0101dei<\/li>\n<li>Ra\u017eots ASV<\/li>\n<\/ul>\n<p><strong>Piez\u012bme:<\/strong> Nav sader\u012bgs ar GLOCK modul\u0101raj\u0101m muguras siksn\u0101m vai da\u017e\u0101m samazin\u0101tas ietilp\u012bbas magaz\u012bn\u0101m. Ieteicama profesion\u0101la uzst\u0101d\u012b\u0161ana cie\u0161ai sader\u012bbai.<\/p>\n","protected":false},"excerpt":{"rendered":"<p>Uzlabojiet GLOCK 19 Gen4 magaz\u012bnas ievieto\u0161anu ar Magpul eleganto magaz\u012bnas kan\u0101lu.<\/p>\n","protected":false},"featured_media":491123,"template":"","meta":{"_acf_changed":false},"product_brand":[11410,11547],"product_cat":[13784,13828],"product_tag":[],"class_list":{"0":"post-529303","1":"product","2":"type-product","3":"status-publish","4":"has-post-thumbnail","6":"product_brand-glock","7":"product_brand-magpul","8":"product_cat-pistole","9":"product_cat-pistoles-detalas","11":"first","12":"instock","13":"taxable","14":"shipping-taxable","15":"purchasable","16":"product-type-simple"},"acf":[],"_links":{"self":[{"href":"https:\/\/staging.nbg.eu\/lv\/wp-json\/wp\/v2\/product\/529303","targetHints":{"allow":["GET"]}}],"collection":[{"href":"https:\/\/staging.nbg.eu\/lv\/wp-json\/wp\/v2\/product"}],"about":[{"href":"https:\/\/staging.nbg.eu\/lv\/wp-json\/wp\/v2\/types\/product"}],"wp:featuredmedia":[{"embeddable":true,"href":"https:\/\/staging.nbg.eu\/lv\/wp-json\/wp\/v2\/media\/491123"}],"wp:attachment":[{"href":"https:\/\/staging.nbg.eu\/lv\/wp-json\/wp\/v2\/media?parent=529303"}],"wp:term":[{"taxonomy":"product_brand","embeddable":true,"href":"https:\/\/staging.nbg.eu\/lv\/wp-json\/wp\/v2\/product_brand?post=529303"},{"taxonomy":"product_cat","embeddable":true,"href":"https:\/\/staging.nbg.eu\/lv\/wp-json\/wp\/v2\/product_cat?post=529303"},{"taxonomy":"product_tag","embeddable":true,"href":"https:\/\/staging.nbg.eu\/lv\/wp-json\/wp\/v2\/product_tag?post=529303"}],"curies":[{"name":"wp","href":"https:\/\/api.w.org\/{rel}","templated":true}]}}