{"id":52925,"date":"2024-03-08T09:51:57","date_gmt":"2024-03-08T09:51:57","guid":{"rendered":"https:\/\/staging.nbg.eu\/product\/bronze-spiral-shotgun-brush\/"},"modified":"2024-09-13T12:45:07","modified_gmt":"2024-09-13T12:45:07","slug":"bronzas-spirales-sautenu-suka","status":"publish","type":"product","link":"https:\/\/staging.nbg.eu\/lv\/product\/bronzas-spirales-sautenu-suka\/","title":{"rendered":"Bronzas spirales sautenu suka"},"content":{"rendered":"<p>Bore Tech bronzas spir\u0101lveida bises birste ir apr\u012bkota ar cilpveida sariem efekt\u012bvai t\u012br\u012b\u0161anai, neboj\u0101jot ieroci. Izgatavota no stobram dro\u0161\u0101 fosfora bronza, t\u0101 efekt\u012bvi no\u0146em notur\u012bgus plastmasas net\u012brumus un kalpo ilg\u0101k nek\u0101 standarta stiep\u013cu saru birstes. Pieejama 10 &#8211; .410 kalibros, der standarta 5\/16-27 v\u012bt\u0146otiem stie\u0146iem.<\/p>\n","protected":false},"excerpt":{"rendered":"<p>Inovat\u012bva spir\u0101lveida birste r\u016bp\u012bgai un dro\u0161ai bises stobra t\u012br\u012b\u0161anai.<\/p>\n","protected":false},"featured_media":52926,"template":"","meta":{"_acf_changed":false},"product_brand":[11156],"product_cat":[13835,13808],"product_tag":[],"class_list":{"0":"post-52925","1":"product","2":"type-product","3":"status-publish","4":"has-post-thumbnail","6":"product_brand-boretech","7":"product_cat-birstes","8":"product_cat-ierocu-tirisana","10":"first","11":"outofstock","12":"taxable","13":"shipping-taxable","14":"purchasable","15":"product-type-simple"},"acf":[],"_links":{"self":[{"href":"https:\/\/staging.nbg.eu\/lv\/wp-json\/wp\/v2\/product\/52925","targetHints":{"allow":["GET"]}}],"collection":[{"href":"https:\/\/staging.nbg.eu\/lv\/wp-json\/wp\/v2\/product"}],"about":[{"href":"https:\/\/staging.nbg.eu\/lv\/wp-json\/wp\/v2\/types\/product"}],"wp:featuredmedia":[{"embeddable":true,"href":"https:\/\/staging.nbg.eu\/lv\/wp-json\/wp\/v2\/media\/52926"}],"wp:attachment":[{"href":"https:\/\/staging.nbg.eu\/lv\/wp-json\/wp\/v2\/media?parent=52925"}],"wp:term":[{"taxonomy":"product_brand","embeddable":true,"href":"https:\/\/staging.nbg.eu\/lv\/wp-json\/wp\/v2\/product_brand?post=52925"},{"taxonomy":"product_cat","embeddable":true,"href":"https:\/\/staging.nbg.eu\/lv\/wp-json\/wp\/v2\/product_cat?post=52925"},{"taxonomy":"product_tag","embeddable":true,"href":"https:\/\/staging.nbg.eu\/lv\/wp-json\/wp\/v2\/product_tag?post=52925"}],"curies":[{"name":"wp","href":"https:\/\/api.w.org\/{rel}","templated":true}]}}