{"id":52814,"date":"2024-03-11T05:07:53","date_gmt":"2024-03-11T05:07:53","guid":{"rendered":"https:\/\/staging.nbg.eu\/product\/bore-tech-alloy-shotgun-stix-36\/"},"modified":"2024-09-13T11:36:43","modified_gmt":"2024-09-13T11:36:43","slug":"bore-tech-alloy-shotgun-stix-36","status":"publish","type":"product","link":"https:\/\/staging.nbg.eu\/lv\/product\/bore-tech-alloy-shotgun-stix-36\/","title":{"rendered":"Bore Tech Alloy Shotgun Stix 36&#8243;"},"content":{"rendered":"<p>\nBore Tech Alloy Shotgun Stix 36&#8243; iez\u012bmes:<\/p>\n<ul>\n<li>Ergonomisks rokturis ar stobram dro\u0161u, iztur\u012bgu sakaus\u0113juma stieni<\/li>\n<li>Augsta stingr\u012bba 410-10 kalibra \u0161aujamiero\u010diem<\/li>\n<li>36 collu darba garums (viengabala konfigur\u0101cija)<\/li>\n<li>Sievie\u0161u gals ar standarta 5\/16-27 v\u012btn\u0113m<\/li>\n<li>Sader\u012bgs ar \u0161aujamiero\u010du t\u012br\u012b\u0161anas uzga\u013ciem un bronzas stobra birst\u0113m<\/li>\n<\/ul>\n<p>\u0160is iztur\u012bgais un daudzpus\u012bgais t\u012br\u012b\u0161anas stienis nodro\u0161ina labu t\u012br\u012b\u0161anas veiktsp\u0113ju.<\/p>\n","protected":false},"excerpt":{"rendered":"<p>Stingrs 36 collu (91,44 cm) sakaus\u0113juma stienis 410-10 kalibra biseniekiem. Ergonomisks rokturis.<\/p>\n","protected":false},"featured_media":52815,"template":"","meta":{"_acf_changed":false},"product_brand":[],"product_cat":[13808,13767],"product_tag":[],"class_list":{"0":"post-52814","1":"product","2":"type-product","3":"status-publish","4":"has-post-thumbnail","6":"product_cat-ierocu-tirisana","7":"product_cat-tirisanas-riksti","9":"first","10":"outofstock","11":"taxable","12":"shipping-taxable","13":"purchasable","14":"product-type-simple"},"acf":[],"_links":{"self":[{"href":"https:\/\/staging.nbg.eu\/lv\/wp-json\/wp\/v2\/product\/52814","targetHints":{"allow":["GET"]}}],"collection":[{"href":"https:\/\/staging.nbg.eu\/lv\/wp-json\/wp\/v2\/product"}],"about":[{"href":"https:\/\/staging.nbg.eu\/lv\/wp-json\/wp\/v2\/types\/product"}],"wp:featuredmedia":[{"embeddable":true,"href":"https:\/\/staging.nbg.eu\/lv\/wp-json\/wp\/v2\/media\/52815"}],"wp:attachment":[{"href":"https:\/\/staging.nbg.eu\/lv\/wp-json\/wp\/v2\/media?parent=52814"}],"wp:term":[{"taxonomy":"product_brand","embeddable":true,"href":"https:\/\/staging.nbg.eu\/lv\/wp-json\/wp\/v2\/product_brand?post=52814"},{"taxonomy":"product_cat","embeddable":true,"href":"https:\/\/staging.nbg.eu\/lv\/wp-json\/wp\/v2\/product_cat?post=52814"},{"taxonomy":"product_tag","embeddable":true,"href":"https:\/\/staging.nbg.eu\/lv\/wp-json\/wp\/v2\/product_tag?post=52814"}],"curies":[{"name":"wp","href":"https:\/\/api.w.org\/{rel}","templated":true}]}}