{"id":527836,"date":"2025-09-02T20:21:10","date_gmt":"2025-09-02T17:21:10","guid":{"rendered":"https:\/\/staging.nbg.eu\/product\/strike-industries-g5-magwell-for-glock-17-22-31-34-35-45-gen5-si-g5-magwell-17\/"},"modified":"2025-09-25T22:34:41","modified_gmt":"2025-09-25T19:34:41","slug":"strike-industries-g5-magwell-glock-172231343545-gen5-si-g5-magwell-17","status":"publish","type":"product","link":"https:\/\/staging.nbg.eu\/lv\/product\/strike-industries-g5-magwell-glock-172231343545-gen5-si-g5-magwell-17\/","title":{"rendered":"Strike Industries &#8211; G5 MagWell Glock 17\/22\/31\/34\/35\/45 Gen5 &#8211; SI-G5-MAGWELL-17"},"content":{"rendered":"<div class=\"product-description\">\n<h2>Strike Industries G5 MagWell priek\u0161 Glock 17\/22\/31\/34\/35\/45 Gen5<\/h2>\n<p>Strike Industries G5 MagWell ir paredz\u0113ts Glock Gen5. Tas ir izstr\u0101d\u0101ts, lai atvieglotu magaz\u012bnas ievieto\u0161anu, nepalielinot pistoles roktura izm\u0113ru.<\/p>\n<ul>\n<li>Sader\u012bgs ar Glock G17\/G22\/G31\/G34\/G35\/G45 Gen5 mode\u013ciem<\/li>\n<li>Papla\u0161in\u0101ts dizains viegl\u0101kai magaz\u012bnas ievieto\u0161anai<\/li>\n<li>Viegls (0.4 unces) un iztur\u012bgs, izgatavots no augstas iztur\u012bbas polim\u0113ra<\/li>\n<li>Vienk\u0101r\u0161a uzst\u0101d\u012b\u0161ana ar iek\u013cauto M4 regul\u0113\u0161anas skr\u016bvi un 2.5mm se\u0161st\u016bra atsl\u0113gu<\/li>\n<li>Izm\u0113ri: 61.72mm (G) x 37.34mm (P) x 23.11mm (A)<\/li>\n<\/ul>\n<p>Uzlabo p\u0101rl\u0101d\u0113\u0161anas \u0101trumu un precizit\u0101ti, saglab\u0101jot \u0113rtu n\u0113s\u0101\u0161anu. Darbojas ar liel\u0101ko da\u013cu p\u0113cp\u0101rdo\u0161anas magaz\u012bnu pamatn\u0113m un pagarin\u0101jumiem. Sader\u012bgs ar Strike EMP.<\/p>\n<p><strong>Piez\u012bme:<\/strong> Nep\u0101rvelciet regul\u0113\u0161anas skr\u016bvi uzst\u0101d\u012b\u0161anas laik\u0101, lai izvair\u012btos no nepareiza novietojuma vai boj\u0101jumiem.<\/p>\n<\/div>\n","protected":false},"excerpt":{"rendered":"<p>Uzlabojiet Glock Gen5 p\u0101rl\u0101d\u0113\u0161anu ar Strike Industries eleganto magaz\u012bnas piltuvveida apr\u012bkojumu.<\/p>\n","protected":false},"featured_media":490777,"template":"","meta":{"_acf_changed":false},"product_brand":[11410,11547],"product_cat":[13784,13828],"product_tag":[],"class_list":{"0":"post-527836","1":"product","2":"type-product","3":"status-publish","4":"has-post-thumbnail","6":"product_brand-glock","7":"product_brand-magpul","8":"product_cat-pistole","9":"product_cat-pistoles-detalas","11":"first","12":"instock","13":"taxable","14":"shipping-taxable","15":"purchasable","16":"product-type-simple"},"acf":[],"_links":{"self":[{"href":"https:\/\/staging.nbg.eu\/lv\/wp-json\/wp\/v2\/product\/527836","targetHints":{"allow":["GET"]}}],"collection":[{"href":"https:\/\/staging.nbg.eu\/lv\/wp-json\/wp\/v2\/product"}],"about":[{"href":"https:\/\/staging.nbg.eu\/lv\/wp-json\/wp\/v2\/types\/product"}],"wp:featuredmedia":[{"embeddable":true,"href":"https:\/\/staging.nbg.eu\/lv\/wp-json\/wp\/v2\/media\/490777"}],"wp:attachment":[{"href":"https:\/\/staging.nbg.eu\/lv\/wp-json\/wp\/v2\/media?parent=527836"}],"wp:term":[{"taxonomy":"product_brand","embeddable":true,"href":"https:\/\/staging.nbg.eu\/lv\/wp-json\/wp\/v2\/product_brand?post=527836"},{"taxonomy":"product_cat","embeddable":true,"href":"https:\/\/staging.nbg.eu\/lv\/wp-json\/wp\/v2\/product_cat?post=527836"},{"taxonomy":"product_tag","embeddable":true,"href":"https:\/\/staging.nbg.eu\/lv\/wp-json\/wp\/v2\/product_tag?post=527836"}],"curies":[{"name":"wp","href":"https:\/\/api.w.org\/{rel}","templated":true}]}}