{"id":527727,"date":"2025-09-02T20:21:13","date_gmt":"2025-09-02T17:21:13","guid":{"rendered":"https:\/\/staging.nbg.eu\/product\/strike-industries-g4-magwell-for-glock-17-22-31-34-35-gen4-si-g4-magwell\/"},"modified":"2025-09-25T22:29:35","modified_gmt":"2025-09-25T19:29:35","slug":"strike-industries-g4-magwell-glock-1722313435-gen4-si-g4-magwell","status":"publish","type":"product","link":"https:\/\/staging.nbg.eu\/lv\/product\/strike-industries-g4-magwell-glock-1722313435-gen4-si-g4-magwell\/","title":{"rendered":"Strike Industries &#8211; G4 MagWell Glock 17\/22\/31\/34\/35 Gen4 &#8211; SI-G4-MAGWELL"},"content":{"rendered":"<div class=\"product-description\">\n<h2>Strike Industries G4 MagWell priek\u0161 Glock 17\/22\/31\/34\/35 Gen4<\/h2>\n<p>Strike Industries GEN4 Magwell uzlabo Glock darb\u012bbu. Tas ir paredz\u0113ts viegl\u0101kai magaz\u012bnas p\u0101rl\u0101d\u0113\u0161anai, saglab\u0101jot pistoles pl\u0101no rokturi. \u0160is magwell palielina konsekvenci un samazina p\u0101rl\u0101d\u0113\u0161anas laiku. Sader\u012bgs ar vairumu p\u0113cp\u0101rdo\u0161anas magaz\u012bnas pamatnes pl\u0101ksn\u0113m un pagarin\u0101jumiem.<\/p>\n<ul>\n<li>Papla\u0161in\u0101ts magwell vienm\u0113r\u012bg\u0101kai magaz\u012bnas ievieto\u0161anai<\/li>\n<li>Viegla uzst\u0101d\u012b\u0161ana ar unik\u0101lu blo\u0137\u0113\u0161anas meh\u0101nismu<\/li>\n<li>Viegls, augstas iztur\u012bbas polim\u0113ra konstrukcija<\/li>\n<li>Sader\u012bgs ar Glock 17\/22\/31\/34\/35 GEN4 mode\u013ciem<\/li>\n<li>Paredz\u0113ts Glock r\u016bpn\u012bcas +0 aizmugures siksnai<\/li>\n<\/ul>\n<p><strong>Piez\u012bme:<\/strong> Nepievelciet p\u0101r\u0101k cie\u0161i regul\u0113\u0161anas skr\u016bvi uzst\u0101d\u012b\u0161anas laik\u0101, lai izvair\u012btos no nepareiza novietojuma vai boj\u0101jumiem.<\/p>\n<p>Iepakojum\u0101 ietilpst: G4 Magwell, regul\u0113\u0161anas skr\u016bve, M2 se\u0161st\u016bra atsl\u0113ga un br\u012bdin\u0101juma kart\u012bte.<\/p>\n<\/div>\n","protected":false},"excerpt":{"rendered":"<p>Uzlabojiet Glock 17\/22\/31\/34\/35 Gen4 p\u0101rl\u0101d\u0113\u0161anu ar SI G4 MagWell.<\/p>\n","protected":false},"featured_media":491008,"template":"","meta":{"_acf_changed":false},"product_brand":[11410,11547],"product_cat":[13784,13828],"product_tag":[],"class_list":{"0":"post-527727","1":"product","2":"type-product","3":"status-publish","4":"has-post-thumbnail","6":"product_brand-glock","7":"product_brand-magpul","8":"product_cat-pistole","9":"product_cat-pistoles-detalas","11":"first","12":"instock","13":"taxable","14":"shipping-taxable","15":"purchasable","16":"product-type-simple"},"acf":[],"_links":{"self":[{"href":"https:\/\/staging.nbg.eu\/lv\/wp-json\/wp\/v2\/product\/527727","targetHints":{"allow":["GET"]}}],"collection":[{"href":"https:\/\/staging.nbg.eu\/lv\/wp-json\/wp\/v2\/product"}],"about":[{"href":"https:\/\/staging.nbg.eu\/lv\/wp-json\/wp\/v2\/types\/product"}],"wp:featuredmedia":[{"embeddable":true,"href":"https:\/\/staging.nbg.eu\/lv\/wp-json\/wp\/v2\/media\/491008"}],"wp:attachment":[{"href":"https:\/\/staging.nbg.eu\/lv\/wp-json\/wp\/v2\/media?parent=527727"}],"wp:term":[{"taxonomy":"product_brand","embeddable":true,"href":"https:\/\/staging.nbg.eu\/lv\/wp-json\/wp\/v2\/product_brand?post=527727"},{"taxonomy":"product_cat","embeddable":true,"href":"https:\/\/staging.nbg.eu\/lv\/wp-json\/wp\/v2\/product_cat?post=527727"},{"taxonomy":"product_tag","embeddable":true,"href":"https:\/\/staging.nbg.eu\/lv\/wp-json\/wp\/v2\/product_tag?post=527727"}],"curies":[{"name":"wp","href":"https:\/\/api.w.org\/{rel}","templated":true}]}}