{"id":527620,"date":"2025-09-02T20:20:53","date_gmt":"2025-09-02T17:20:53","guid":{"rendered":"https:\/\/staging.nbg.eu\/product\/strike-industries-ak-rear-sight-rail-black-si-akrr\/"},"modified":"2025-09-25T22:27:21","modified_gmt":"2025-09-25T19:27:21","slug":"strike-industries-ak-aizmugures-merklina-sliede-melns-si-akrr","status":"publish","type":"product","link":"https:\/\/staging.nbg.eu\/lv\/product\/strike-industries-ak-aizmugures-merklina-sliede-melns-si-akrr\/","title":{"rendered":"Strike Industries &#8211; AK Aizmugures Merklina Sliede &#8211; Melns &#8211; SI-AKRR"},"content":{"rendered":"<div class=\"product-description\">\n<h2>Strike Industries &#8211; AK aizmugur\u0113j\u0101 t\u0113mek\u013ca sliede &#8211; Melna &#8211; SI-AKRR<\/h2>\n<p>AK \u0123imenes karab\u012bnes uzlabo\u0161anai ar Strike Industries aizmugur\u0113jo t\u0113mek\u013ca sliedi. \u0160is piederums pied\u0101v\u0101:<\/p>\n<ul>\n<li>Picatinny sader\u012bgu stiprin\u0101jumu zema profila optikai<\/li>\n<li>6061 avi\u0101cijas alum\u012bnija konstrukcija<\/li>\n<li>Du\u0101la funkcionalit\u0101te k\u0101 standarta \u0161autenes t\u0113meklis<\/li>\n<li>Vertik\u0101las un horizont\u0101las regul\u0113\u0161anas iesp\u0113jas<\/li>\n<li>Viegls dizains, tikai 38g<\/li>\n<\/ul>\n<p>99,7 mm garum\u0101 un 21 mm platum\u0101, \u0161\u012b meln\u0101 sliede aizst\u0101j AK aizmugur\u0113jo t\u0113mekli. Tai ir s\u0101nu iedobes kr\u0101so\u0161anai un pietiekama atstarpe dzelzs t\u0113mek\u013ca izmanto\u0161anai, kad nav uzst\u0101d\u012bta optika.<\/p>\n<p>\u0160is piederums uzlabo AK daudzpus\u012bbu un precizit\u0101ti.<\/p>\n<\/div>\n","protected":false},"excerpt":{"rendered":"<p>AK aizmugur\u0113j\u0101 t\u0113mek\u013ca sliede optikai. Iztur\u012bgs alum\u012bnijs, sader\u012bgs ar Picatinny standartu.<\/p>\n","protected":false},"featured_media":490593,"template":"","meta":{"_acf_changed":false},"product_brand":[],"product_cat":[13761],"product_tag":[],"class_list":{"0":"post-527620","1":"product","2":"type-product","3":"status-publish","4":"has-post-thumbnail","6":"product_cat-ak-uzlabojumi","8":"first","9":"instock","10":"taxable","11":"shipping-taxable","12":"purchasable","13":"product-type-simple"},"acf":[],"_links":{"self":[{"href":"https:\/\/staging.nbg.eu\/lv\/wp-json\/wp\/v2\/product\/527620","targetHints":{"allow":["GET"]}}],"collection":[{"href":"https:\/\/staging.nbg.eu\/lv\/wp-json\/wp\/v2\/product"}],"about":[{"href":"https:\/\/staging.nbg.eu\/lv\/wp-json\/wp\/v2\/types\/product"}],"wp:featuredmedia":[{"embeddable":true,"href":"https:\/\/staging.nbg.eu\/lv\/wp-json\/wp\/v2\/media\/490593"}],"wp:attachment":[{"href":"https:\/\/staging.nbg.eu\/lv\/wp-json\/wp\/v2\/media?parent=527620"}],"wp:term":[{"taxonomy":"product_brand","embeddable":true,"href":"https:\/\/staging.nbg.eu\/lv\/wp-json\/wp\/v2\/product_brand?post=527620"},{"taxonomy":"product_cat","embeddable":true,"href":"https:\/\/staging.nbg.eu\/lv\/wp-json\/wp\/v2\/product_cat?post=527620"},{"taxonomy":"product_tag","embeddable":true,"href":"https:\/\/staging.nbg.eu\/lv\/wp-json\/wp\/v2\/product_tag?post=527620"}],"curies":[{"name":"wp","href":"https:\/\/api.w.org\/{rel}","templated":true}]}}