{"id":527017,"date":"2025-08-25T00:18:45","date_gmt":"2025-08-24T21:18:45","guid":{"rendered":"https:\/\/staging.nbg.eu\/product\/ftcs-enlarged-magazine-catch-with-shelf-ak-platform-no-16\/"},"modified":"2025-09-25T22:05:51","modified_gmt":"2025-09-25T19:05:51","slug":"ftcs-palielinats-magazinas-fiksators-ar-plauktu-ak-platforma-nr16","status":"publish","type":"product","link":"https:\/\/staging.nbg.eu\/lv\/product\/ftcs-palielinats-magazinas-fiksators-ar-plauktu-ak-platforma-nr16\/","title":{"rendered":"FTCS &#8211; Palielinats Magazinas Fiksators Ar Plauktu &#8211; AK Platforma &#8211; Nr.16"},"content":{"rendered":"<div class=\"product-description\">\n<h2>FTCS &#8211; Palielin\u0101ts magaz\u012bnas tur\u0113t\u0101js ar plauktu &#8211; AK platformai &#8211; Nr.16<\/h2>\n<p>AK platformas karab\u012bnei paredz\u0113ts palielin\u0101ts magaz\u012bnas tur\u0113t\u0101js ar plauktu \u0101trai magaz\u012bnas atbr\u012bvo\u0161anai, izmantojot r\u0101d\u012bt\u0101jpirkstu. Izgatavots no t\u0113rauda ar Graphite Black H-146 Cerakote p\u0101rkl\u0101jumu.<\/p>\n<h2>Galven\u0101s \u012bpa\u0161\u012bbas:<\/h2>\n<ul>\n<li>Sader\u012bgs ar vairumu AK\/AKM\/AK-74 tipa iero\u010diem<\/li>\n<li>T\u0113rauda konstrukcija<\/li>\n<li>Palielin\u0101ts dizains<\/li>\n<li>Papildu plaukts magaz\u012bnas atbr\u012bvo\u0161anai ar r\u0101d\u012bt\u0101jpirkstu<\/li>\n<\/ul>\n<h2>Tehnisk\u0101 specifik\u0101cija:<\/h2>\n<ul>\n<li>Izm\u0113ri: 55 x 52 x 21 mm<\/li>\n<li>Svars: 20 g<\/li>\n<li>P\u0101rkl\u0101jums: Cerakote Graphite Black H-146<\/li>\n<\/ul>\n<p>FTCS palielin\u0101ts magaz\u012bnas tur\u0113t\u0101js ar plauktu &#8211; Nr.16 AK platformas karab\u012bnei.<\/p>\n<\/div>\n","protected":false},"excerpt":{"rendered":"<p>AK platformas uzlabots magaz\u012bnas atbr\u012bvot\u0101js ar pirkstu balstu. T\u0113rauds, melns.<\/p>\n","protected":false},"featured_media":481345,"template":"","meta":{"_acf_changed":false},"product_brand":[11318],"product_cat":[13761,13827,13776],"product_tag":[],"class_list":{"0":"post-527017","1":"product","2":"type-product","3":"status-publish","4":"has-post-thumbnail","6":"product_brand-ftcs","7":"product_cat-ak-uzlabojumi","8":"product_cat-sautene","9":"product_cat-sautenes-uzlabojumi","11":"first","12":"instock","13":"taxable","14":"shipping-taxable","15":"purchasable","16":"product-type-simple"},"acf":[],"_links":{"self":[{"href":"https:\/\/staging.nbg.eu\/lv\/wp-json\/wp\/v2\/product\/527017","targetHints":{"allow":["GET"]}}],"collection":[{"href":"https:\/\/staging.nbg.eu\/lv\/wp-json\/wp\/v2\/product"}],"about":[{"href":"https:\/\/staging.nbg.eu\/lv\/wp-json\/wp\/v2\/types\/product"}],"wp:featuredmedia":[{"embeddable":true,"href":"https:\/\/staging.nbg.eu\/lv\/wp-json\/wp\/v2\/media\/481345"}],"wp:attachment":[{"href":"https:\/\/staging.nbg.eu\/lv\/wp-json\/wp\/v2\/media?parent=527017"}],"wp:term":[{"taxonomy":"product_brand","embeddable":true,"href":"https:\/\/staging.nbg.eu\/lv\/wp-json\/wp\/v2\/product_brand?post=527017"},{"taxonomy":"product_cat","embeddable":true,"href":"https:\/\/staging.nbg.eu\/lv\/wp-json\/wp\/v2\/product_cat?post=527017"},{"taxonomy":"product_tag","embeddable":true,"href":"https:\/\/staging.nbg.eu\/lv\/wp-json\/wp\/v2\/product_tag?post=527017"}],"curies":[{"name":"wp","href":"https:\/\/api.w.org\/{rel}","templated":true}]}}