{"id":51950,"date":"2024-03-12T19:14:59","date_gmt":"2024-09-13T11:27:24","guid":{"rendered":"https:\/\/staging.nbg.eu\/product\/bore-tech-cu2-copper-remover\/"},"modified":"2024-09-13T11:28:19","modified_gmt":"2024-09-13T11:28:19","slug":"bore-tech-cu2-vara-nopemejs","status":"publish","type":"product","link":"https:\/\/staging.nbg.eu\/lv\/product\/bore-tech-cu2-vara-nopemejs\/","title":{"rendered":"Bore Tech CU+2 vara nopemejs"},"content":{"rendered":"<div class=\"product-description\">\n<h2>Bore Tech Cu+2 vara t\u012br\u012b\u0161anas l\u012bdzeklis<\/h2>\n<p>Cu+2 Copper Remover\u2122 ir patent\u0113ts vara nogul\u0161\u0146u t\u012br\u012b\u0161anas l\u012bdzeklis. \u0160is \u0161\u0137\u012bdums p\u0101rsp\u0113j tradicion\u0101los petrolejas-amonjaka b\u0101zes \u0161\u0137\u012bdin\u0101t\u0101jus, pied\u0101v\u0101jot:<\/p>\n<ul>\n<li>100% dro\u0161s stobram un nesatur amonjaku<\/li>\n<li>Bez smar\u017eas un biolo\u0123iski no\u0101rd\u0101ms<\/li>\n<li>\u0100tra un piln\u012bga vara ekstrah\u0113\u0161ana<\/li>\n<li>Divu so\u013cu process efekt\u012bvai t\u012br\u012b\u0161anai<\/li>\n<li>\u012aslaic\u012bga aizsardz\u012bba pret r\u016bsu<\/li>\n<\/ul>\n<p>\u0160is vara t\u012br\u012b\u0161anas l\u012bdzeklis ir lietot\u0101jam draudz\u012bgs un nav b\u012bstams.<\/p>\n<\/div>\n","protected":false},"excerpt":{"rendered":"<p>Patent\u0113ts, bezamonjaka vara t\u012br\u012bt\u0101js. \u0100tras iedarb\u012bbas, dro\u0161s stobram un bez smakas.<\/p>\n","protected":false},"featured_media":51951,"template":"","meta":{"_acf_changed":false},"product_brand":[11156],"product_cat":[13808,13822],"product_tag":[],"class_list":{"0":"post-51950","1":"product","2":"type-product","3":"status-publish","4":"has-post-thumbnail","6":"product_brand-boretech","7":"product_cat-ierocu-tirisana","8":"product_cat-tirisanas-lidzekli","10":"first","11":"instock","12":"taxable","13":"shipping-taxable","14":"purchasable","15":"product-type-variable","16":"wvs-archive-product-wrapper"},"acf":[],"_links":{"self":[{"href":"https:\/\/staging.nbg.eu\/lv\/wp-json\/wp\/v2\/product\/51950","targetHints":{"allow":["GET"]}}],"collection":[{"href":"https:\/\/staging.nbg.eu\/lv\/wp-json\/wp\/v2\/product"}],"about":[{"href":"https:\/\/staging.nbg.eu\/lv\/wp-json\/wp\/v2\/types\/product"}],"wp:featuredmedia":[{"embeddable":true,"href":"https:\/\/staging.nbg.eu\/lv\/wp-json\/wp\/v2\/media\/51951"}],"wp:attachment":[{"href":"https:\/\/staging.nbg.eu\/lv\/wp-json\/wp\/v2\/media?parent=51950"}],"wp:term":[{"taxonomy":"product_brand","embeddable":true,"href":"https:\/\/staging.nbg.eu\/lv\/wp-json\/wp\/v2\/product_brand?post=51950"},{"taxonomy":"product_cat","embeddable":true,"href":"https:\/\/staging.nbg.eu\/lv\/wp-json\/wp\/v2\/product_cat?post=51950"},{"taxonomy":"product_tag","embeddable":true,"href":"https:\/\/staging.nbg.eu\/lv\/wp-json\/wp\/v2\/product_tag?post=51950"}],"curies":[{"name":"wp","href":"https:\/\/api.w.org\/{rel}","templated":true}]}}