{"id":51804,"date":"2024-03-13T05:48:23","date_gmt":"2024-03-13T05:48:23","guid":{"rendered":"https:\/\/staging.nbg.eu\/product\/bore-tech-c4-carbon-remover-4-oz\/"},"modified":"2024-09-13T10:07:45","modified_gmt":"2024-09-13T10:07:45","slug":"bore-tech-c4-oglekla-nopemejs-4-unces","status":"publish","type":"product","link":"https:\/\/staging.nbg.eu\/lv\/product\/bore-tech-c4-oglekla-nopemejs-4-unces\/","title":{"rendered":"Bore Tech C4 oglekla nopemejs &#8211; 4 unces"},"content":{"rendered":"<div class=\"product-description\">\n<h2>Bore Tech C4 oglek\u013ca no\u0146\u0113m\u0113js &#8211; 4 unces<\/h2>\n<p>Bore Tech C4 oglek\u013ca no\u0146\u0113m\u0113js ir formula oglek\u013ca net\u012brumu likvid\u0113\u0161anai. Tas ir dro\u0161s stobram, nav b\u012bstams un nesatur amonjaku. To var izmantot stobriem, aizsl\u0113ga nes\u0113jiem un cit\u0101m deta\u013c\u0101m.<\/p>\n<\/div>\n","protected":false},"excerpt":{"rendered":"<p>Sp\u0113c\u012bgs, dro\u0161s oglek\u013ca no\u0146\u0113m\u0113js \u0161aujamiero\u010diem. \u0100trs un efekt\u012bvs.<\/p>\n","protected":false},"featured_media":51805,"template":"","meta":{"_acf_changed":false},"product_brand":[11156],"product_cat":[13808,13822],"product_tag":[],"class_list":{"0":"post-51804","1":"product","2":"type-product","3":"status-publish","4":"has-post-thumbnail","6":"product_brand-boretech","7":"product_cat-ierocu-tirisana","8":"product_cat-tirisanas-lidzekli","10":"first","11":"instock","12":"taxable","13":"shipping-taxable","14":"purchasable","15":"product-type-variable","16":"wvs-archive-product-wrapper"},"acf":[],"_links":{"self":[{"href":"https:\/\/staging.nbg.eu\/lv\/wp-json\/wp\/v2\/product\/51804","targetHints":{"allow":["GET"]}}],"collection":[{"href":"https:\/\/staging.nbg.eu\/lv\/wp-json\/wp\/v2\/product"}],"about":[{"href":"https:\/\/staging.nbg.eu\/lv\/wp-json\/wp\/v2\/types\/product"}],"wp:featuredmedia":[{"embeddable":true,"href":"https:\/\/staging.nbg.eu\/lv\/wp-json\/wp\/v2\/media\/51805"}],"wp:attachment":[{"href":"https:\/\/staging.nbg.eu\/lv\/wp-json\/wp\/v2\/media?parent=51804"}],"wp:term":[{"taxonomy":"product_brand","embeddable":true,"href":"https:\/\/staging.nbg.eu\/lv\/wp-json\/wp\/v2\/product_brand?post=51804"},{"taxonomy":"product_cat","embeddable":true,"href":"https:\/\/staging.nbg.eu\/lv\/wp-json\/wp\/v2\/product_cat?post=51804"},{"taxonomy":"product_tag","embeddable":true,"href":"https:\/\/staging.nbg.eu\/lv\/wp-json\/wp\/v2\/product_tag?post=51804"}],"curies":[{"name":"wp","href":"https:\/\/api.w.org\/{rel}","templated":true}]}}