{"id":51688,"date":"2024-03-14T09:15:35","date_gmt":"2024-09-13T10:05:04","guid":{"rendered":"https:\/\/staging.nbg.eu\/product\/boretech-nylon-chamber-brush-multiple-calibers\/"},"modified":"2024-09-13T10:05:56","modified_gmt":"2024-09-13T10:05:56","slug":"boretech-neilona-kameras-suka-vairaki-kalibri","status":"publish","type":"product","link":"https:\/\/staging.nbg.eu\/lv\/product\/boretech-neilona-kameras-suka-vairaki-kalibri\/","title":{"rendered":"BoreTech neilona kameras suka (vairaki kalibri)"},"content":{"rendered":"<div class=\"product-description\">\n<h2>BoreTech neilona kameras birste (vair\u0101ki kalibri)<\/h2>\n<p>Bore Tech neilona kameras birstes ir dro\u0161as un efekt\u012bvas. \u0160\u012bm 100% kamerai dro\u0161aj\u0101m birst\u0113m ir \u0161\u0101das \u012bpa\u0161\u012bbas:<\/p>\n<ul>\n<li>Sader\u012bba ar \u0101tras iedarb\u012bbas vara no\u0146em\u0161anas t\u012br\u012bt\u0101jiem<\/li>\n<li>Papildu berz\u0113\u0161anas darb\u012bba ar rievot\u0101m neilona sariem<\/li>\n<li>Piel\u0101goti saru diametri katram kalibram<\/li>\n<li>Ne-misi\u0146a, dubulti v\u012bta birstes kodols ar cilpotu galu<\/li>\n<li>Alum\u012bnija tapas iztur\u012bbai<\/li>\n<\/ul>\n<p>Nov\u0113r\u0161 nepatiesas vara pies\u0101r\u0146ojuma indik\u0101cijas un zil\u0101s plankumus, kas saist\u012bti ar fosfora bronzas birst\u0113m. Pieejamas atsevi\u0161\u0137os iepakojumos .223\/5.56mm AR-15 un .308\/7.62mm AR-10.<\/p>\n<p>Bore Tech pied\u0101v\u0101 \u0101tr\u0101ku un efekt\u012bv\u0101ku kameras t\u012br\u012b\u0161anu, neapdraudot iero\u010da integrit\u0101ti.<\/p>\n<\/div>\n","protected":false},"excerpt":{"rendered":"<p>Dro\u0161a, iztur\u012bga neilona kameras birste efekt\u012bvai \u0161aujamiero\u010du t\u012br\u012b\u0161anai.<\/p>\n","protected":false},"featured_media":51689,"template":"","meta":{"_acf_changed":false},"product_brand":[11156],"product_cat":[13835,13808],"product_tag":[],"class_list":{"0":"post-51688","1":"product","2":"type-product","3":"status-publish","4":"has-post-thumbnail","6":"product_brand-boretech","7":"product_cat-birstes","8":"product_cat-ierocu-tirisana","9":"pa_model-ar-10-lv","10":"pa_model-ar-15-lv","12":"first","13":"instock","14":"taxable","15":"shipping-taxable","16":"purchasable","17":"product-type-variable","18":"wvs-archive-product-wrapper"},"acf":[],"_links":{"self":[{"href":"https:\/\/staging.nbg.eu\/lv\/wp-json\/wp\/v2\/product\/51688","targetHints":{"allow":["GET"]}}],"collection":[{"href":"https:\/\/staging.nbg.eu\/lv\/wp-json\/wp\/v2\/product"}],"about":[{"href":"https:\/\/staging.nbg.eu\/lv\/wp-json\/wp\/v2\/types\/product"}],"wp:featuredmedia":[{"embeddable":true,"href":"https:\/\/staging.nbg.eu\/lv\/wp-json\/wp\/v2\/media\/51689"}],"wp:attachment":[{"href":"https:\/\/staging.nbg.eu\/lv\/wp-json\/wp\/v2\/media?parent=51688"}],"wp:term":[{"taxonomy":"product_brand","embeddable":true,"href":"https:\/\/staging.nbg.eu\/lv\/wp-json\/wp\/v2\/product_brand?post=51688"},{"taxonomy":"product_cat","embeddable":true,"href":"https:\/\/staging.nbg.eu\/lv\/wp-json\/wp\/v2\/product_cat?post=51688"},{"taxonomy":"product_tag","embeddable":true,"href":"https:\/\/staging.nbg.eu\/lv\/wp-json\/wp\/v2\/product_tag?post=51688"}],"curies":[{"name":"wp","href":"https:\/\/api.w.org\/{rel}","templated":true}]}}