{"id":51463,"date":"2024-03-15T06:18:52","date_gmt":"2024-09-13T09:57:02","guid":{"rendered":"https:\/\/staging.nbg.eu\/product\/bore-tech-chameleon-gel-2-oz-tube\/"},"modified":"2024-09-13T09:57:56","modified_gmt":"2024-09-13T09:57:56","slug":"bore-tech-chameleon-gels-2-oz-tubina","status":"publish","type":"product","link":"https:\/\/staging.nbg.eu\/lv\/product\/bore-tech-chameleon-gels-2-oz-tubina\/","title":{"rendered":"Bore Tech Chameleon Gels (2 Oz T\u016bbi\u0146a)"},"content":{"rendered":"<h2>Bore Tech Chameleon Gel (2 un\u010du t\u016bbi\u0146a)<\/h2>\n<p>Bore Tech Chameleon Gel\u2122 ir patent\u0113ts t\u012br\u012b\u0161anas un pul\u0113\u0161anas l\u012bdzeklis \u0161aujamiero\u010diem. \u0160is kr\u0101su maino\u0161ais gels no\u0146em oglek\u013ca, vara, svina un molibd\u0113na net\u012brumus, atst\u0101jot stobru t\u012bru.<\/p>\n<ul>\n<li>Bez smar\u017eas un biolo\u0123iski no\u0101rd\u0101ms<\/li>\n<li>Dro\u0161s visiem stobru veidiem<\/li>\n<li>Nav nepiecie\u0161ama sajauk\u0161ana<\/li>\n<li>Gela formula<\/li>\n<li>Kr\u0101su mai\u0146as tehnolo\u0123ija t\u012br\u012b\u0161anas procesa kontrolei<\/li>\n<\/ul>\n<p>Chameleon Gel maina kr\u0101su, nor\u0101dot uz net\u012brumu veidu:<\/p>\n<p>Zils\/za\u013c\u0161: Var\u0161<\/p>\n<p>Melns: Ogleklis<\/p>\n<p>Pel\u0113ks: Svins\/Molibd\u0113ns<\/p>\n<p>Balts: T\u012brs stobrs<\/p>\n<p>Uzturiet sava \u0161aujamiero\u010da veiktsp\u0113ju ar \u0161o t\u012br\u012b\u0161anas l\u012bdzekli. Pieejams 2 un\u010du t\u016bbi\u0146\u0101.<\/p>\n","protected":false},"excerpt":{"rendered":"<p>Kr\u0101su maino\u0161a g\u0113la t\u012br\u012bt\u0101js no\u0146em net\u012brumus no iero\u010du stobru iek\u0161puses.<\/p>\n","protected":false},"featured_media":51464,"template":"","meta":{"_acf_changed":false},"product_brand":[11156],"product_cat":[13808,13822],"product_tag":[],"class_list":{"0":"post-51463","1":"product","2":"type-product","3":"status-publish","4":"has-post-thumbnail","6":"product_brand-boretech","7":"product_cat-ierocu-tirisana","8":"product_cat-tirisanas-lidzekli","10":"first","11":"instock","12":"taxable","13":"shipping-taxable","14":"purchasable","15":"product-type-simple"},"acf":[],"_links":{"self":[{"href":"https:\/\/staging.nbg.eu\/lv\/wp-json\/wp\/v2\/product\/51463","targetHints":{"allow":["GET"]}}],"collection":[{"href":"https:\/\/staging.nbg.eu\/lv\/wp-json\/wp\/v2\/product"}],"about":[{"href":"https:\/\/staging.nbg.eu\/lv\/wp-json\/wp\/v2\/types\/product"}],"wp:featuredmedia":[{"embeddable":true,"href":"https:\/\/staging.nbg.eu\/lv\/wp-json\/wp\/v2\/media\/51464"}],"wp:attachment":[{"href":"https:\/\/staging.nbg.eu\/lv\/wp-json\/wp\/v2\/media?parent=51463"}],"wp:term":[{"taxonomy":"product_brand","embeddable":true,"href":"https:\/\/staging.nbg.eu\/lv\/wp-json\/wp\/v2\/product_brand?post=51463"},{"taxonomy":"product_cat","embeddable":true,"href":"https:\/\/staging.nbg.eu\/lv\/wp-json\/wp\/v2\/product_cat?post=51463"},{"taxonomy":"product_tag","embeddable":true,"href":"https:\/\/staging.nbg.eu\/lv\/wp-json\/wp\/v2\/product_tag?post=51463"}],"curies":[{"name":"wp","href":"https:\/\/api.w.org\/{rel}","templated":true}]}}