{"id":51356,"date":"2024-03-15T07:47:20","date_gmt":"2024-09-13T09:49:52","guid":{"rendered":"https:\/\/staging.nbg.eu\/product\/boretech-eliminator-4-oz\/"},"modified":"2024-09-13T09:50:48","modified_gmt":"2024-09-13T09:50:48","slug":"boretech-eliminator-4-oz","status":"publish","type":"product","link":"https:\/\/staging.nbg.eu\/lv\/product\/boretech-eliminator-4-oz\/","title":{"rendered":"BoreTech Eliminator &#8211; 4 Oz"},"content":{"rendered":"<div class=\"product-description\">\n<h2>BoreTech Eliminator &#8211; 118 ml<\/h2>\n<p>BoreTech Eliminator\u2122 stobra t\u012br\u012b\u0161anas l\u012bdzeklis ir patent\u0113ts, \u0101tri iedarb\u012bgs un dro\u0161s stobriem. Galven\u0101s \u012bpa\u0161\u012bbas:<\/p>\n<ul>\n<li>100% dro\u0161s stobriem un biolo\u0123iski no\u0101rd\u0101ms<\/li>\n<li>Nesatur amonjaku un ir bez smar\u017eas<\/li>\n<li>\u0100tri no\u0146em oglek\u013ca, vara, svina un korozijas atliekas<\/li>\n<li>Nav b\u012bstams un ir lietot\u0101jam draudz\u012bgs<\/li>\n<\/ul>\n<p>Eliminator satur \u0137\u012bmisko virsmas akt\u012bvo vielu mais\u012bjumu, kas \u0101tri atdala oglek\u013ca nogulsnes, vienlaikus oksid\u0113jot un aizturot vara net\u012brumus. \u0160\u012b darb\u012bba nov\u0113r\u0161 atk\u0101rtotu nogulsn\u0113\u0161anos un nodro\u0161ina r\u016bp\u012bgu t\u012br\u012b\u0161anu.<\/p>\n<h3>Lieto\u0161anas instrukcija:<\/h3>\n<ol>\n<li>Samitriniet 3-4 pl\u0101ksterus ar Eliminator un izstumiet caur stobru vien\u0101 virzien\u0101<\/li>\n<li>Veiciet 10-15 g\u0101jienus ar pies\u0101tin\u0101tu neilona suku<\/li>\n<li>Atk\u0101rtojiet 1. soli un \u013caujiet iedarboties 3-5 min\u016btes<\/li>\n<li>Izstumiet sausus pl\u0101ksterus, l\u012bdz tie ir t\u012bri<\/li>\n<li>Ja nepiecie\u0161ams, atk\u0101rtojiet<\/li>\n<li>Uzkl\u0101jiet Bore Tech Friction Guard XP iero\u010du e\u013c\u013cu uzglab\u0101\u0161anai<\/li>\n<li>Pirms lieto\u0161anas izstumiet sauso pl\u0101ksteri<\/li>\n<\/ol>\n<\/div>\n","protected":false},"excerpt":{"rendered":"<p>BoreTech Eliminator: Dro\u0161s, sp\u0113c\u012bgs stobra t\u012br\u012bt\u0101js. No\u0146em net\u012brumus.<\/p>\n","protected":false},"featured_media":70980,"template":"","meta":{"_acf_changed":false},"product_brand":[11156],"product_cat":[13808,13822],"product_tag":[],"class_list":{"0":"post-51356","1":"product","2":"type-product","3":"status-publish","4":"has-post-thumbnail","6":"product_brand-boretech","7":"product_cat-ierocu-tirisana","8":"product_cat-tirisanas-lidzekli","10":"first","11":"instock","12":"taxable","13":"shipping-taxable","14":"purchasable","15":"product-type-variable","16":"wvs-archive-product-wrapper"},"acf":[],"_links":{"self":[{"href":"https:\/\/staging.nbg.eu\/lv\/wp-json\/wp\/v2\/product\/51356","targetHints":{"allow":["GET"]}}],"collection":[{"href":"https:\/\/staging.nbg.eu\/lv\/wp-json\/wp\/v2\/product"}],"about":[{"href":"https:\/\/staging.nbg.eu\/lv\/wp-json\/wp\/v2\/types\/product"}],"wp:featuredmedia":[{"embeddable":true,"href":"https:\/\/staging.nbg.eu\/lv\/wp-json\/wp\/v2\/media\/70980"}],"wp:attachment":[{"href":"https:\/\/staging.nbg.eu\/lv\/wp-json\/wp\/v2\/media?parent=51356"}],"wp:term":[{"taxonomy":"product_brand","embeddable":true,"href":"https:\/\/staging.nbg.eu\/lv\/wp-json\/wp\/v2\/product_brand?post=51356"},{"taxonomy":"product_cat","embeddable":true,"href":"https:\/\/staging.nbg.eu\/lv\/wp-json\/wp\/v2\/product_cat?post=51356"},{"taxonomy":"product_tag","embeddable":true,"href":"https:\/\/staging.nbg.eu\/lv\/wp-json\/wp\/v2\/product_tag?post=51356"}],"curies":[{"name":"wp","href":"https:\/\/api.w.org\/{rel}","templated":true}]}}