{"id":51250,"date":"2024-03-15T17:11:28","date_gmt":"2024-03-15T17:11:28","guid":{"rendered":"https:\/\/staging.nbg.eu\/product\/bore-tech-bore-guide-bolt-action-centerfire-8mm-416-cal\/"},"modified":"2024-09-13T09:47:55","modified_gmt":"2024-09-13T09:47:55","slug":"bore-tech-stobra-vadotne-aizbidnveida-centrala-aizdedze-8mm416-cal","status":"publish","type":"product","link":"https:\/\/staging.nbg.eu\/lv\/product\/bore-tech-stobra-vadotne-aizbidnveida-centrala-aizdedze-8mm416-cal\/","title":{"rendered":"Bore Tech Stobra Vadotne &#8211; Aizb\u012bd\u0146veida Centr\u0101l\u0101 Aizdedze (8mm\/.416 Cal)"},"content":{"rendered":"<div class=\"product-description\">\n<h2>Bore Tech stobra vadotne &#8211; bultsl\u0113d\u017eu centr\u0101l\u0101s aizdedzes iero\u010diem (8mm\/.416 kal)<\/h2>\n<p>Aizsarg\u0101jiet savu ieroci un t\u012br\u012b\u0161anas stieni ar Bore Tech stobra vadotni. \u0160is r\u012bks bultsl\u0113d\u017eu centr\u0101l\u0101s aizdedzes \u0161aujamiero\u010diem nodro\u0161ina:<\/p>\n<ul>\n<li>Prec\u012bzu t\u012br\u012b\u0161anas stie\u0146u savieto\u0161anu ar stobru<\/li>\n<li>Iero\u010da un t\u012br\u012b\u0161anas stie\u0146a aizsardz\u012bbu pret boj\u0101jumiem<\/li>\n<li>Bl\u012bv\u0113\u0161anu ar \u0161\u0137\u012bdin\u0101t\u0101jiztur\u012bgiem gumijas uzga\u013ciem<\/li>\n<li>Nov\u0113r\u0161 stobra t\u012br\u012b\u0161anas l\u012bdzek\u013ca nopl\u016bdi kamer\u0101 un meh\u0101nism\u0101<\/li>\n<\/ul>\n<p>\u012apa\u0161\u012bbas:<\/p>\n<ul>\n<li>CNC fr\u0113z\u0113tas un injekcijas form\u0113tas deta\u013cas<\/li>\n<li>Za\u013c\u0101 kr\u0101s\u0101 kod\u0113ts 8mm l\u012bdz .416 kalibriem<\/li>\n<li>Der vairumam bultsl\u0113d\u017eu \u0161aute\u0146u<\/li>\n<li>Papla\u0161in\u0101tas \u0161\u0137\u012bdin\u0101t\u0101ja atveres vieglai lieto\u0161anai<\/li>\n<li>Regul\u0113jama bultas apkakle \u012bs\u0101m un gar\u0101m darb\u012bb\u0101m<\/li>\n<\/ul>\n<p>Ieguldiet pareiz\u0101 iero\u010du apkop\u0113 ar Bore Tech stobra vadotni.<\/p>\n<\/div>\n","protected":false},"excerpt":{"rendered":"<p>Prec\u012bzs t\u012br\u012b\u0161anas r\u012bks 8mm-.416 kalibra lo\u017eu \u0161auten\u0113m ar bultskr\u016bves meh\u0101nismu. Nov\u0113r\u0161 boj\u0101jumus.<\/p>\n","protected":false},"featured_media":51251,"template":"","meta":{"_acf_changed":false},"product_brand":[11156],"product_cat":[13808,13767],"product_tag":[],"class_list":{"0":"post-51250","1":"product","2":"type-product","3":"status-publish","4":"has-post-thumbnail","6":"product_brand-boretech","7":"product_cat-ierocu-tirisana","8":"product_cat-tirisanas-riksti","10":"first","11":"instock","12":"taxable","13":"shipping-taxable","14":"purchasable","15":"product-type-variable","16":"wvs-archive-product-wrapper"},"acf":[],"_links":{"self":[{"href":"https:\/\/staging.nbg.eu\/lv\/wp-json\/wp\/v2\/product\/51250","targetHints":{"allow":["GET"]}}],"collection":[{"href":"https:\/\/staging.nbg.eu\/lv\/wp-json\/wp\/v2\/product"}],"about":[{"href":"https:\/\/staging.nbg.eu\/lv\/wp-json\/wp\/v2\/types\/product"}],"wp:featuredmedia":[{"embeddable":true,"href":"https:\/\/staging.nbg.eu\/lv\/wp-json\/wp\/v2\/media\/51251"}],"wp:attachment":[{"href":"https:\/\/staging.nbg.eu\/lv\/wp-json\/wp\/v2\/media?parent=51250"}],"wp:term":[{"taxonomy":"product_brand","embeddable":true,"href":"https:\/\/staging.nbg.eu\/lv\/wp-json\/wp\/v2\/product_brand?post=51250"},{"taxonomy":"product_cat","embeddable":true,"href":"https:\/\/staging.nbg.eu\/lv\/wp-json\/wp\/v2\/product_cat?post=51250"},{"taxonomy":"product_tag","embeddable":true,"href":"https:\/\/staging.nbg.eu\/lv\/wp-json\/wp\/v2\/product_tag?post=51250"}],"curies":[{"name":"wp","href":"https:\/\/api.w.org\/{rel}","templated":true}]}}