{"id":51115,"date":"2024-03-16T18:40:45","date_gmt":"2024-09-13T09:25:17","guid":{"rendered":"https:\/\/staging.nbg.eu\/product\/bore-tech-bronze-stainless-chamber-brush\/"},"modified":"2024-09-13T09:26:09","modified_gmt":"2024-09-13T09:26:09","slug":"bore-tech-bronzasnerusejosa-terauda-kameras-suka","status":"publish","type":"product","link":"https:\/\/staging.nbg.eu\/lv\/product\/bore-tech-bronzasnerusejosa-terauda-kameras-suka\/","title":{"rendered":"Bore Tech Bronzas\/Ner\u016bs\u0113jo\u0161\u0101 T\u0113rauda Kameras Suka"},"content":{"rendered":"<h2>Bore Tech bronzas\/ner\u016bs\u0113jo\u0161\u0101 t\u0113rauda kameras birste<\/h2>\n<p>Bore Tech bronzas\/ner\u016bs\u0113jo\u0161\u0101 t\u0113rauda kameras birstes. \u0160\u012bs birstes ir 100% dro\u0161as kamerai un izce\u013cas ar savu konstrukciju un tehniskaj\u0101m \u012bpa\u0161\u012bb\u0101m.<\/p>\n<ul>\n<li>Kombin\u0101cija no stingr\u0101m bronzas un ner\u016bs\u0113jo\u0161\u0101 t\u0113rauda sariem<\/li>\n<li>Divk\u0101r\u0161a t\u012br\u012b\u0161anas darb\u012bba \u0101tr\u0101kai un efekt\u012bv\u0101kai t\u012br\u012b\u0161anai<\/li>\n<li>Cilpveida dubult\u0101 birstes kodols nov\u0113r\u0161 asas malas<\/li>\n<li>Avi\u0101cijas klases alum\u012bnija tapas iztur\u012bbai<\/li>\n<li>Pieejams .223\/5.56mm AR-15 un .308\/7.62mm AR-10<\/li>\n<\/ul>\n<p>Bore Tech prec\u012bzi izstr\u0101d\u0101t\u0101s birstes kameras t\u012br\u012b\u0161anai.<\/p>\n<h3>Instrukcijas:<\/h3>\n<ol>\n<li>Pieskr\u016bv\u0113jiet birsti pie stie\u0146a<\/li>\n<li>Samitriniet birsti ar t\u012br\u012b\u0161anas l\u012bdzekli (ieteicams C4 Carbon Remover vai Eliminator Bore Cleaner)<\/li>\n<li>Ievietojiet kamer\u0101 un pagrieziet 6-12 reizes<\/li>\n<li>Atk\u0101rtoti uzkl\u0101jiet \u0161\u0137\u012bdin\u0101t\u0101ju un turpiniet t\u012br\u012bt p\u0113c nepiecie\u0161am\u012bbas<\/li>\n<li>Noslaukiet kameru ar dr\u0101nu vai slotu<\/li>\n<li>Not\u012briet birstes pirms uzglab\u0101\u0161anas<\/li>\n<\/ol>\n","protected":false},"excerpt":{"rendered":"<p>Efekt\u012bva divpus\u0113ja birst\u012bte AR-15 un AR-10 \u0161auten\u0113m.<\/p>\n","protected":false},"featured_media":51116,"template":"","meta":{"_acf_changed":false},"product_brand":[11156],"product_cat":[13835,13808],"product_tag":[],"class_list":{"0":"post-51115","1":"product","2":"type-product","3":"status-publish","4":"has-post-thumbnail","6":"product_brand-boretech","7":"product_cat-birstes","8":"product_cat-ierocu-tirisana","9":"pa_model-ar-10-lv","10":"pa_model-ar-15-lv","12":"first","13":"instock","14":"taxable","15":"shipping-taxable","16":"purchasable","17":"product-type-variable","18":"wvs-archive-product-wrapper"},"acf":[],"_links":{"self":[{"href":"https:\/\/staging.nbg.eu\/lv\/wp-json\/wp\/v2\/product\/51115","targetHints":{"allow":["GET"]}}],"collection":[{"href":"https:\/\/staging.nbg.eu\/lv\/wp-json\/wp\/v2\/product"}],"about":[{"href":"https:\/\/staging.nbg.eu\/lv\/wp-json\/wp\/v2\/types\/product"}],"wp:featuredmedia":[{"embeddable":true,"href":"https:\/\/staging.nbg.eu\/lv\/wp-json\/wp\/v2\/media\/51116"}],"wp:attachment":[{"href":"https:\/\/staging.nbg.eu\/lv\/wp-json\/wp\/v2\/media?parent=51115"}],"wp:term":[{"taxonomy":"product_brand","embeddable":true,"href":"https:\/\/staging.nbg.eu\/lv\/wp-json\/wp\/v2\/product_brand?post=51115"},{"taxonomy":"product_cat","embeddable":true,"href":"https:\/\/staging.nbg.eu\/lv\/wp-json\/wp\/v2\/product_cat?post=51115"},{"taxonomy":"product_tag","embeddable":true,"href":"https:\/\/staging.nbg.eu\/lv\/wp-json\/wp\/v2\/product_tag?post=51115"}],"curies":[{"name":"wp","href":"https:\/\/api.w.org\/{rel}","templated":true}]}}