{"id":50966,"date":"2024-01-30T18:05:11","date_gmt":"2024-09-13T09:12:10","guid":{"rendered":"https:\/\/staging.nbg.eu\/product\/blue-force-gear-vickers-padded-sling\/"},"modified":"2024-10-30T09:09:30","modified_gmt":"2024-10-30T09:09:30","slug":"blue-force-gear-vickers-polstereta-siksna","status":"publish","type":"product","link":"https:\/\/staging.nbg.eu\/lv\/product\/blue-force-gear-vickers-polstereta-siksna\/","title":{"rendered":"Blue Force Gear Vickers Polster\u0113ta Siksna"},"content":{"rendered":"<h2>Blue Force Gear Vickers Polster\u0113t\u0101 Siksna<\/h2>\n<p>Vickers Polster\u0113t\u0101 Kaujas Pielietojumu Siksna\u2122 ar patentu. Izstr\u0101d\u0101ta sadarb\u012bb\u0101 ar Lariju Vikersu, biju\u0161o 1. SFOD-Delta operat\u012bvo locekli, \u0161o \u0101tri piel\u0101gojamo taktisko siksnu izmanto ASV milit\u0101rie sp\u0113ki.<\/p>\n<h2>Galven\u0101s \u012apa\u0161\u012bbas:<\/h2>\n<ul>\n<li>2&#8243; ieb\u016bv\u0113ts polsteris papildu komfortam<\/li>\n<li>Sl\u0113gto \u0161\u016bnu putu konstrukcija<\/li>\n<li>\u0100trais regul\u0113t\u0101js t\u016bl\u012bt\u0113j\u0101m garuma izmai\u0146\u0101m<\/li>\n<li>Vienm\u0113r\u012bga p\u0101reja no ne\u0161anas uz kaujas gatav\u012bbu<\/li>\n<li>Ra\u017eots ASV no augstas kvalit\u0101tes materi\u0101liem<\/li>\n<\/ul>\n<p>Vickers Polster\u0113t\u0101 Siksna apvieno komfortu un funkcionalit\u0101ti.<\/p>\n","protected":false},"excerpt":{"rendered":"<p>\u0100tri piel\u0101gojama taktisk\u0101 siksna ar polster\u0113tu komfortu \u0161auten\u0113m.<\/p>\n","protected":false},"featured_media":50708,"template":"","meta":{"_acf_changed":false},"product_brand":[11134],"product_cat":[13794,13790],"product_tag":[],"class_list":{"0":"post-50966","1":"product","2":"type-product","3":"status-publish","4":"has-post-thumbnail","6":"product_brand-blue-force-gear","7":"product_cat-ekipejums","8":"product_cat-siksnas","10":"first","11":"instock","12":"taxable","13":"shipping-taxable","14":"purchasable","15":"product-type-variable","16":"wvs-archive-product-wrapper"},"acf":[],"_links":{"self":[{"href":"https:\/\/staging.nbg.eu\/lv\/wp-json\/wp\/v2\/product\/50966","targetHints":{"allow":["GET"]}}],"collection":[{"href":"https:\/\/staging.nbg.eu\/lv\/wp-json\/wp\/v2\/product"}],"about":[{"href":"https:\/\/staging.nbg.eu\/lv\/wp-json\/wp\/v2\/types\/product"}],"wp:featuredmedia":[{"embeddable":true,"href":"https:\/\/staging.nbg.eu\/lv\/wp-json\/wp\/v2\/media\/50708"}],"wp:attachment":[{"href":"https:\/\/staging.nbg.eu\/lv\/wp-json\/wp\/v2\/media?parent=50966"}],"wp:term":[{"taxonomy":"product_brand","embeddable":true,"href":"https:\/\/staging.nbg.eu\/lv\/wp-json\/wp\/v2\/product_brand?post=50966"},{"taxonomy":"product_cat","embeddable":true,"href":"https:\/\/staging.nbg.eu\/lv\/wp-json\/wp\/v2\/product_cat?post=50966"},{"taxonomy":"product_tag","embeddable":true,"href":"https:\/\/staging.nbg.eu\/lv\/wp-json\/wp\/v2\/product_tag?post=50966"}],"curies":[{"name":"wp","href":"https:\/\/api.w.org\/{rel}","templated":true}]}}