{"id":50391,"date":"2024-04-18T10:53:56","date_gmt":"2024-09-13T08:59:18","guid":{"rendered":"https:\/\/staging.nbg.eu\/product\/blue-force-gear-gmt-sling\/"},"modified":"2024-09-13T09:00:14","modified_gmt":"2024-09-13T09:00:14","slug":"blue-force-gear-gmt-siksna","status":"publish","type":"product","link":"https:\/\/staging.nbg.eu\/lv\/product\/blue-force-gear-gmt-siksna\/","title":{"rendered":"Blue Force Gear GMT Siksna"},"content":{"rendered":"<h2>Blue Force Gear GMT siksna<\/h2>\n<p>Blue Force Gear GMT siksna uzlabo taktisko apr\u012bkojumu. \u0160is dizains nov\u0113r\u0161 tr\u016bkumus, kas rakstur\u012bgi iepriek\u0161\u0113j\u0101m siksn\u0101m, pied\u0101v\u0101jot lab\u0101ku komfortu un funkcionalit\u0101ti.<\/p>\n<h2>Galven\u0101s iez\u012bmes:<\/h2>\n<ul>\n<li>Piel\u0101gota dubult\u0101 fiks\u0101cijas spr\u0101dze, izgatavota no iztur\u012bga, ner\u016bs\u0113jo\u0161a stikl\u0161\u0137iedras neilona<\/li>\n<li>\u012apa\u0161a kr\u0101sota CORDURA\u00ae neilona auduma lente komfortam un samazin\u0101tai aiz\u0137er\u0161an\u0101s iesp\u0113jai<\/li>\n<li>Viegla piel\u0101go\u0161ana: Velciet asti, lai savilktu, satveriet sf\u0113risko atlai\u0161anas pogu, lai atbr\u012bvotu<\/li>\n<li>Ie\u0161\u016bts aizturis astes gal\u0101 nov\u0113r\u0161 nejau\u0161u iero\u010da atbr\u012bvo\u0161anu<\/li>\n<\/ul>\n<h2>Specifik\u0101cijas:<\/h2>\n<ul>\n<li>Pieejams 1&#8243; un 1.25&#8243; lentas platum\u0101<\/li>\n<li>Sader\u012bgs ar da\u017e\u0101diem \u0161aujamiero\u010diem, no vieglaj\u0101m \u0161auten\u0113m l\u012bdz bis\u0113m<\/li>\n<li>Garums: 34&#8243; &#8211; 64&#8243;<\/li>\n<li>Aparat\u016bra: Stikl\u0161\u0137iedras pastiprin\u0101ts DuPont Zytel\u00ae neilons<\/li>\n<\/ul>\n<p>GMT siksna ir jaun\u0101kais solis taktisko siksnu dizain\u0101.<\/p>\n","protected":false},"excerpt":{"rendered":"<p>Inovat\u012bva taktisk\u0101 siksna ar ner\u016bs\u0113jo\u0161u regulatoru un \u0113rtu auduma lenti.<\/p>\n","protected":false},"featured_media":50392,"template":"","meta":{"_acf_changed":false},"product_brand":[11134],"product_cat":[13794,13790],"product_tag":[],"class_list":{"0":"post-50391","1":"product","2":"type-product","3":"status-publish","4":"has-post-thumbnail","6":"product_brand-blue-force-gear","7":"product_cat-ekipejums","8":"product_cat-siksnas","10":"first","11":"instock","12":"taxable","13":"shipping-taxable","14":"purchasable","15":"product-type-variable","16":"wvs-archive-product-wrapper"},"acf":[],"_links":{"self":[{"href":"https:\/\/staging.nbg.eu\/lv\/wp-json\/wp\/v2\/product\/50391","targetHints":{"allow":["GET"]}}],"collection":[{"href":"https:\/\/staging.nbg.eu\/lv\/wp-json\/wp\/v2\/product"}],"about":[{"href":"https:\/\/staging.nbg.eu\/lv\/wp-json\/wp\/v2\/types\/product"}],"wp:featuredmedia":[{"embeddable":true,"href":"https:\/\/staging.nbg.eu\/lv\/wp-json\/wp\/v2\/media\/50392"}],"wp:attachment":[{"href":"https:\/\/staging.nbg.eu\/lv\/wp-json\/wp\/v2\/media?parent=50391"}],"wp:term":[{"taxonomy":"product_brand","embeddable":true,"href":"https:\/\/staging.nbg.eu\/lv\/wp-json\/wp\/v2\/product_brand?post=50391"},{"taxonomy":"product_cat","embeddable":true,"href":"https:\/\/staging.nbg.eu\/lv\/wp-json\/wp\/v2\/product_cat?post=50391"},{"taxonomy":"product_tag","embeddable":true,"href":"https:\/\/staging.nbg.eu\/lv\/wp-json\/wp\/v2\/product_tag?post=50391"}],"curies":[{"name":"wp","href":"https:\/\/api.w.org\/{rel}","templated":true}]}}