{"id":50146,"date":"2024-04-21T18:34:24","date_gmt":"2024-09-13T08:44:21","guid":{"rendered":"https:\/\/staging.nbg.eu\/product\/blue-force-gear-molded-uwl-black\/"},"modified":"2024-09-13T08:45:09","modified_gmt":"2024-09-13T08:45:09","slug":"blue-force-gear-veidota-uwl-melna","status":"publish","type":"product","link":"https:\/\/staging.nbg.eu\/lv\/product\/blue-force-gear-veidota-uwl-melna\/","title":{"rendered":"Blue Force Gear Veidota UWL &#8211; Melna"},"content":{"rendered":"<div class=\"product-description\">\n<h2>Blue Force Gear veidot\u0101 UWL &#8211; melna<\/h2>\n<p>Univers\u0101l\u0101 vadu cilpa (UWL) pied\u0101v\u0101 iesp\u0113ju piestiprin\u0101t siksnas da\u017e\u0101diem iero\u010du stiprin\u0101juma punktiem. Paredz\u0113ta siksn\u0101m l\u012bdz 1,25&#8243; platumam, ieskaitot Vickers siksnu, \u0161is risin\u0101jums ir piem\u0113rots acti\u0146\u0101m, spraug\u0101m un slie\u017eu caurumiem.<\/p>\n<h3>Galven\u0101s iez\u012bmes:<\/h3>\n<ul>\n<li>Ar neilonu p\u0101rkl\u0101ts ner\u016bs\u0113jo\u0161\u0101 t\u0113rauda troses<\/li>\n<li>Neilona 6-6 korpuss<\/li>\n<li>2,55&#8243; troses cilpa no pamatnes l\u012bdz aug\u0161ai<\/li>\n<li>1,25&#8243; siksnas cilpa, sader\u012bga ar Vickers Combat Applications Slings\u2122<\/li>\n<li>Poga standarta siksnas \u0161arn\u012briem<\/li>\n<li>Lod\u012b\u0161u k\u0101ti tie\u0161i piestiprin\u0101ti trosei papildu iztur\u012bbai<\/li>\n<\/ul>\n<p>Blue Force Gear veidot\u0101 UWL &#8211; meln\u0101 kr\u0101s\u0101.<\/p>\n<\/div>\n","protected":false},"excerpt":{"rendered":"<p>Daudzpus\u012bgs siksnas stiprin\u0101jums 1,25 collu siksn\u0101m. Iztur\u012bga, viegla konstrukcija.<\/p>\n","protected":false},"featured_media":50147,"template":"","meta":{"_acf_changed":false},"product_brand":[11134],"product_cat":[13794,13790],"product_tag":[],"class_list":{"0":"post-50146","1":"product","2":"type-product","3":"status-publish","4":"has-post-thumbnail","6":"product_brand-blue-force-gear","7":"product_cat-ekipejums","8":"product_cat-siksnas","10":"first","11":"instock","12":"taxable","13":"shipping-taxable","14":"purchasable","15":"product-type-simple"},"acf":[],"_links":{"self":[{"href":"https:\/\/staging.nbg.eu\/lv\/wp-json\/wp\/v2\/product\/50146","targetHints":{"allow":["GET"]}}],"collection":[{"href":"https:\/\/staging.nbg.eu\/lv\/wp-json\/wp\/v2\/product"}],"about":[{"href":"https:\/\/staging.nbg.eu\/lv\/wp-json\/wp\/v2\/types\/product"}],"wp:featuredmedia":[{"embeddable":true,"href":"https:\/\/staging.nbg.eu\/lv\/wp-json\/wp\/v2\/media\/50147"}],"wp:attachment":[{"href":"https:\/\/staging.nbg.eu\/lv\/wp-json\/wp\/v2\/media?parent=50146"}],"wp:term":[{"taxonomy":"product_brand","embeddable":true,"href":"https:\/\/staging.nbg.eu\/lv\/wp-json\/wp\/v2\/product_brand?post=50146"},{"taxonomy":"product_cat","embeddable":true,"href":"https:\/\/staging.nbg.eu\/lv\/wp-json\/wp\/v2\/product_cat?post=50146"},{"taxonomy":"product_tag","embeddable":true,"href":"https:\/\/staging.nbg.eu\/lv\/wp-json\/wp\/v2\/product_tag?post=50146"}],"curies":[{"name":"wp","href":"https:\/\/api.w.org\/{rel}","templated":true}]}}