{"id":49835,"date":"2024-05-23T19:46:21","date_gmt":"2024-09-13T08:37:28","guid":{"rendered":"https:\/\/staging.nbg.eu\/product\/blue-force-gear-micro-trauma-kit-now\/"},"modified":"2024-09-13T08:38:21","modified_gmt":"2024-09-13T08:38:21","slug":"blue-force-gear-mikro-traumu-komplekts-now","status":"publish","type":"product","link":"https:\/\/staging.nbg.eu\/lv\/product\/blue-force-gear-mikro-traumu-komplekts-now\/","title":{"rendered":"Blue Force Gear Mikro Traumu Komplekts NOW!"},"content":{"rendered":"<div class=\"product-description\">\n<h2>Blue Force Gear Mikro Traumas Komplekts<\/h2>\n<p>Mikro Traumas Komplekts ir kompakts risin\u0101jums b\u016btisku dz\u012bv\u012bbu gl\u0101bjo\u0161u medic\u012bnisko piederumu ikdienas n\u0113s\u0101\u0161anai. Tas ir paredz\u0113ts ties\u012bbsarg\u0101jo\u0161o iest\u0101\u017eu darbiniekiem, sagatavotiem pilso\u0146iem un medniekiem, nodro\u0161inot \u0101tru piek\u013cuvi svar\u012bgiem pirm\u0101s pal\u012bdz\u012bbas priek\u0161metiem.<\/p>\n<h2>Galven\u0101s \u012bpa\u0161\u012bbas:<\/h2>\n<ul>\n<li>Kompakts izm\u0113rs \u0113rtai ikdienas n\u0113s\u0101\u0161anai<\/li>\n<li>Vienas rokas iz\u0146em\u0161ana no ab\u0101m pus\u0113m<\/li>\n<li>MOLLE vai jostas stiprin\u0101juma iesp\u0113jas<\/li>\n<li>Ten-Speed tehnolo\u0123ija dro\u0161ai uzglab\u0101\u0161anai<\/li>\n<li>No\u0146emama ieliktne organiz\u0113tai piederumu uzglab\u0101\u0161anai<\/li>\n<li>Regul\u0113jamas l\u012bplentes cilpas der vairumam jostu<\/li>\n<\/ul>\n<p>Esiet gatavi \u0101rk\u0101rtas situ\u0101cij\u0101m ar Mikro Traumas Komplektu &#8211; j\u016bsu p\u0101rn\u0113s\u0101jamo pal\u012bdz\u012bbas l\u012bdzekli, kad katrai sekundei ir noz\u012bme.<\/p>\n<\/div>\n","protected":false},"excerpt":{"rendered":"<p>Kompakts, dz\u012bv\u012bbu gl\u0101bjo\u0161s traumu komplekts ikdienas n\u0113s\u0101\u0161anai pie jostas.<\/p>\n","protected":false},"featured_media":49836,"template":"","meta":{"_acf_changed":false},"product_brand":[11134],"product_cat":[13794,13829],"product_tag":[],"class_list":{"0":"post-49835","1":"product","2":"type-product","3":"status-publish","4":"has-post-thumbnail","6":"product_brand-blue-force-gear","7":"product_cat-ekipejums","8":"product_cat-mediciniskais","10":"first","11":"instock","12":"taxable","13":"shipping-taxable","14":"purchasable","15":"product-type-variable","16":"wvs-archive-product-wrapper"},"acf":[],"_links":{"self":[{"href":"https:\/\/staging.nbg.eu\/lv\/wp-json\/wp\/v2\/product\/49835","targetHints":{"allow":["GET"]}}],"collection":[{"href":"https:\/\/staging.nbg.eu\/lv\/wp-json\/wp\/v2\/product"}],"about":[{"href":"https:\/\/staging.nbg.eu\/lv\/wp-json\/wp\/v2\/types\/product"}],"wp:featuredmedia":[{"embeddable":true,"href":"https:\/\/staging.nbg.eu\/lv\/wp-json\/wp\/v2\/media\/49836"}],"wp:attachment":[{"href":"https:\/\/staging.nbg.eu\/lv\/wp-json\/wp\/v2\/media?parent=49835"}],"wp:term":[{"taxonomy":"product_brand","embeddable":true,"href":"https:\/\/staging.nbg.eu\/lv\/wp-json\/wp\/v2\/product_brand?post=49835"},{"taxonomy":"product_cat","embeddable":true,"href":"https:\/\/staging.nbg.eu\/lv\/wp-json\/wp\/v2\/product_cat?post=49835"},{"taxonomy":"product_tag","embeddable":true,"href":"https:\/\/staging.nbg.eu\/lv\/wp-json\/wp\/v2\/product_tag?post=49835"}],"curies":[{"name":"wp","href":"https:\/\/api.w.org\/{rel}","templated":true}]}}