{"id":49583,"date":"2024-07-29T13:10:43","date_gmt":"2024-09-12T16:17:24","guid":{"rendered":"https:\/\/staging.nbg.eu\/product\/cobra-buckle-conversion-kit\/"},"modified":"2024-09-12T16:18:16","modified_gmt":"2024-09-12T16:18:16","slug":"cobra-spradzes-parveidosanas-komplekts","status":"publish","type":"product","link":"https:\/\/staging.nbg.eu\/lv\/product\/cobra-spradzes-parveidosanas-komplekts\/","title":{"rendered":"COBRA\u00ae Spr\u0101dzes P\u0101rveido\u0161anas Komplekts"},"content":{"rendered":"<div class=\"product-description\">\n<h2>COBRA\u00ae spr\u0101dzes p\u0101rveido\u0161anas komplekts GRID\u2122 jostai<\/h2>\n<p>Uzlabojiet savu GRID\u2122 jostu ar m\u016bsu COBRA\u00ae spr\u0101dzes p\u0101rveido\u0161anas komplektu, kur\u0101 ietilpst patent\u0113t\u0101 COBRA\u00ae ProStyle spr\u0101dze. \u0160is komplekts pievieno \u0101tras atbr\u012bvo\u0161anas funkciju un iztur\u012bgu izskatu j\u016bsu jostai.<\/p>\n<h3>Galven\u0101s \u012bpa\u0161\u012bbas:<\/h3>\n<ul>\n<li>Piel\u0101gota stab-lock sist\u0113ma vienm\u0113r\u012bgai fiks\u0101cijai un nejau\u0161as atv\u0113r\u0161an\u0101s nov\u0113r\u0161anai<\/li>\n<li>Atbilst ANSI un CSA standartiem<\/li>\n<li>Sertific\u0113ts s\u0101ls miglas un smil\u0161u p\u016b\u0161anas testiem<\/li>\n<li>\u0100tras atbr\u012bvo\u0161anas funkcionalit\u0101te<\/li>\n<\/ul>\n<p><strong>Piez\u012bme:<\/strong> \u0160is uzlabo\u0161anas komplekts nepie\u0161\u0137ir GRID jostai slodzes neso\u0161as \u012bpa\u0161\u012bbas. Slodzei paredz\u0113t\u0101m opcij\u0101m, l\u016bdzu, apsveriet m\u016bsu CHLK jostu.<\/p>\n<\/div>\n","protected":false},"excerpt":{"rendered":"<p>COBRA\u00ae spr\u0101dzes komplekts: \u0101tri no\u0146emams uzlabojums GRID\u2122 jostai. Dro\u0161s, stil\u012bgs.<\/p>\n","protected":false},"featured_media":49586,"template":"","meta":{"_acf_changed":false},"product_brand":[],"product_cat":[13794,13813],"product_tag":[],"class_list":{"0":"post-49583","1":"product","2":"type-product","3":"status-publish","4":"has-post-thumbnail","6":"product_cat-ekipejums","7":"product_cat-taktiskie-josti","9":"first","10":"instock","11":"taxable","12":"shipping-taxable","13":"purchasable","14":"product-type-variable","15":"wvs-archive-product-wrapper"},"acf":[],"_links":{"self":[{"href":"https:\/\/staging.nbg.eu\/lv\/wp-json\/wp\/v2\/product\/49583","targetHints":{"allow":["GET"]}}],"collection":[{"href":"https:\/\/staging.nbg.eu\/lv\/wp-json\/wp\/v2\/product"}],"about":[{"href":"https:\/\/staging.nbg.eu\/lv\/wp-json\/wp\/v2\/types\/product"}],"wp:featuredmedia":[{"embeddable":true,"href":"https:\/\/staging.nbg.eu\/lv\/wp-json\/wp\/v2\/media\/49586"}],"wp:attachment":[{"href":"https:\/\/staging.nbg.eu\/lv\/wp-json\/wp\/v2\/media?parent=49583"}],"wp:term":[{"taxonomy":"product_brand","embeddable":true,"href":"https:\/\/staging.nbg.eu\/lv\/wp-json\/wp\/v2\/product_brand?post=49583"},{"taxonomy":"product_cat","embeddable":true,"href":"https:\/\/staging.nbg.eu\/lv\/wp-json\/wp\/v2\/product_cat?post=49583"},{"taxonomy":"product_tag","embeddable":true,"href":"https:\/\/staging.nbg.eu\/lv\/wp-json\/wp\/v2\/product_tag?post=49583"}],"curies":[{"name":"wp","href":"https:\/\/api.w.org\/{rel}","templated":true}]}}