{"id":49424,"date":"2024-07-29T18:42:30","date_gmt":"2024-09-12T16:13:10","guid":{"rendered":"https:\/\/staging.nbg.eu\/product\/large-utility-dapper-pouch\/"},"modified":"2024-09-12T16:14:04","modified_gmt":"2024-09-12T16:14:04","slug":"liela-universala-dapper-kabata","status":"publish","type":"product","link":"https:\/\/staging.nbg.eu\/lv\/product\/liela-universala-dapper-kabata\/","title":{"rendered":"Liela Univers\u0101la Dapper Kabata"},"content":{"rendered":"<div class=\"product-description\">\n<h2>Liela daudzfunkcion\u0101la soma<\/h2>\n<p>M\u016bsu liel\u0101 daudzfunkcion\u0101l\u0101 soma ir paredz\u0113ta, lai glab\u0101tu liel\u0101ko da\u013cu ikdienas priek\u0161metu un apr\u012bkojuma. T\u0101 var satur\u0113t l\u0101d\u0113t\u0101jus, datora apr\u012bkojumu, medic\u012bniskos piederumus un instrumentus.<\/p>\n<ul>\n<li>\u0100tra uzst\u0101d\u012b\u0161ana un no\u0146em\u0161ana uz jebkura cilpu lauka<\/li>\n<li>Divi zili r\u0101v\u0113jsl\u0113dz\u0113ji vieglai piek\u013cuvei<\/li>\n<li>Aug\u0161\u0113jais gumijots rokturis \u0113rtai p\u0101rn\u0113s\u0101\u0161anai<\/li>\n<li>Caursp\u012bd\u012bga aug\u0161da\u013ca satura apskatei<\/li>\n<li>Iek\u0161\u0113jais cilpu lauks papildu organiz\u0113\u0161anas iesp\u0113j\u0101m<\/li>\n<li>\u0100\u0137a aizmugure da\u017e\u0101du virsmu piestiprin\u0101\u0161anai<\/li>\n<\/ul>\n<p>Piem\u0113rota lieto\u0161anai ar Blue Force Gear som\u0101m, Dapper ielikt\u0146iem vai piel\u0101gotiem lietojumiem.<\/p>\n<\/div>\n","protected":false},"excerpt":{"rendered":"<p>Daudzpus\u012bgs, no\u0146emams maci\u0146\u0161 ikdienas liet\u0101m un svar\u012bg\u0101kajiem misijas piederumiem.<\/p>\n","protected":false},"featured_media":49428,"template":"","meta":{"_acf_changed":false},"product_brand":[11134],"product_cat":[13794,13785],"product_tag":[],"class_list":{"0":"post-49424","1":"product","2":"type-product","3":"status-publish","4":"has-post-thumbnail","6":"product_brand-blue-force-gear","7":"product_cat-ekipejums","8":"product_cat-sominas","10":"first","11":"instock","12":"taxable","13":"shipping-taxable","14":"purchasable","15":"product-type-simple"},"acf":[],"_links":{"self":[{"href":"https:\/\/staging.nbg.eu\/lv\/wp-json\/wp\/v2\/product\/49424","targetHints":{"allow":["GET"]}}],"collection":[{"href":"https:\/\/staging.nbg.eu\/lv\/wp-json\/wp\/v2\/product"}],"about":[{"href":"https:\/\/staging.nbg.eu\/lv\/wp-json\/wp\/v2\/types\/product"}],"wp:featuredmedia":[{"embeddable":true,"href":"https:\/\/staging.nbg.eu\/lv\/wp-json\/wp\/v2\/media\/49428"}],"wp:attachment":[{"href":"https:\/\/staging.nbg.eu\/lv\/wp-json\/wp\/v2\/media?parent=49424"}],"wp:term":[{"taxonomy":"product_brand","embeddable":true,"href":"https:\/\/staging.nbg.eu\/lv\/wp-json\/wp\/v2\/product_brand?post=49424"},{"taxonomy":"product_cat","embeddable":true,"href":"https:\/\/staging.nbg.eu\/lv\/wp-json\/wp\/v2\/product_cat?post=49424"},{"taxonomy":"product_tag","embeddable":true,"href":"https:\/\/staging.nbg.eu\/lv\/wp-json\/wp\/v2\/product_tag?post=49424"}],"curies":[{"name":"wp","href":"https:\/\/api.w.org\/{rel}","templated":true}]}}