{"id":48989,"date":"2024-07-29T18:46:44","date_gmt":"2024-09-12T16:04:31","guid":{"rendered":"https:\/\/staging.nbg.eu\/product\/horizontal-ten-speed-single-m4-mag-pouch\/"},"modified":"2024-09-12T16:05:27","modified_gmt":"2024-09-12T16:05:27","slug":"horizontala-ten-speed-viena-m4-mag-kabata","status":"publish","type":"product","link":"https:\/\/staging.nbg.eu\/lv\/product\/horizontala-ten-speed-viena-m4-mag-kabata\/","title":{"rendered":"Horizont\u0101la Ten-Speed\u00ae Viena M4 Mag Kabata"},"content":{"rendered":"<h2>Horizont\u0101l\u0101 Ten-Speed\u00ae Viena M4 Magaz\u012bnas Kabata<\/h2>\n<p>Horizont\u0101l\u0101 Ten-Speed\u00ae M4 Magaz\u012bnas Kabata pied\u0101v\u0101 risin\u0101jumu mun\u012bcijas ne\u0161anai. Kabata ir izgatavota no elast\u012bga materi\u0101la un paredz\u0113ta piestiprin\u0101\u0161anai pie MOLLE sist\u0113mas uz bru\u0146uvest\u0113m, vest\u0113m vai jost\u0101m.<\/p>\n<ul>\n<li>Sader\u012bga ar 30 patronu STANAG M4 magaz\u012bn\u0101m un vairumu 5.56 magaz\u012bnu<\/li>\n<li>Piem\u0113rota liel\u0101k\u0101m SMG magaz\u012bn\u0101m (UMP, CZ Scorpion, P90) un da\u017e\u0101m AK-74 magaz\u012bn\u0101m<\/li>\n<li>Glab\u0101\u0161anas iesp\u0113jas: patronas uz aug\u0161u\/leju, uz priek\u0161u\/atpaka\u013c<\/li>\n<li>Pieejama MOLLE sader\u012bga Helium Whisper versija un pie jostas stiprin\u0101ma versija<\/li>\n<li>Pie jostas stiprin\u0101m\u0101 versija der jost\u0101m l\u012bdz 5 cm platum\u0101 ar regul\u0113jamu \u0101\u0137u un cilpu stiprin\u0101jumu<\/li>\n<\/ul>\n<p>Horizont\u0101l\u0101 Ten-Speed\u00ae Viena M4 Magaz\u012bnas Kabata ir risin\u0101jums efekt\u012bvai mun\u012bcijas p\u0101rvald\u012bbai.<\/p>\n","protected":false},"excerpt":{"rendered":"<p>Daudzpus\u012bgs horizont\u0101lais magaz\u012bnas maci\u0146\u0161 M4\/5,56 magaz\u012bn\u0101m. MOLLE vai jostas stiprin\u0101jums.<\/p>\n","protected":false},"featured_media":48996,"template":"","meta":{"_acf_changed":false},"product_brand":[11134],"product_cat":[13794,13770,13785],"product_tag":[],"class_list":{"0":"post-48989","1":"product","2":"type-product","3":"status-publish","4":"has-post-thumbnail","6":"product_brand-blue-force-gear","7":"product_cat-ekipejums","8":"product_cat-magazinu-turetaji","9":"product_cat-sominas","11":"first","12":"instock","13":"taxable","14":"shipping-taxable","15":"purchasable","16":"product-type-simple"},"acf":[],"_links":{"self":[{"href":"https:\/\/staging.nbg.eu\/lv\/wp-json\/wp\/v2\/product\/48989","targetHints":{"allow":["GET"]}}],"collection":[{"href":"https:\/\/staging.nbg.eu\/lv\/wp-json\/wp\/v2\/product"}],"about":[{"href":"https:\/\/staging.nbg.eu\/lv\/wp-json\/wp\/v2\/types\/product"}],"wp:featuredmedia":[{"embeddable":true,"href":"https:\/\/staging.nbg.eu\/lv\/wp-json\/wp\/v2\/media\/48996"}],"wp:attachment":[{"href":"https:\/\/staging.nbg.eu\/lv\/wp-json\/wp\/v2\/media?parent=48989"}],"wp:term":[{"taxonomy":"product_brand","embeddable":true,"href":"https:\/\/staging.nbg.eu\/lv\/wp-json\/wp\/v2\/product_brand?post=48989"},{"taxonomy":"product_cat","embeddable":true,"href":"https:\/\/staging.nbg.eu\/lv\/wp-json\/wp\/v2\/product_cat?post=48989"},{"taxonomy":"product_tag","embeddable":true,"href":"https:\/\/staging.nbg.eu\/lv\/wp-json\/wp\/v2\/product_tag?post=48989"}],"curies":[{"name":"wp","href":"https:\/\/api.w.org\/{rel}","templated":true}]}}