{"id":48682,"date":"2024-07-29T19:00:12","date_gmt":"2024-09-12T15:53:45","guid":{"rendered":"https:\/\/staging.nbg.eu\/product\/ten-speed-single-pistol-mag-pouch\/"},"modified":"2024-09-12T15:54:43","modified_gmt":"2024-09-12T15:54:43","slug":"ten-speed-viena-pistoles-mag-kabata","status":"publish","type":"product","link":"https:\/\/staging.nbg.eu\/lv\/product\/ten-speed-viena-pistoles-mag-kabata\/","title":{"rendered":"Ten-Speed\u00ae Viena Pistoles Mag Kabata"},"content":{"rendered":"<h2>Ten-Speed\u00ae Vienas pistoles magaz\u012bnas soma<\/h2>\n<p>M\u016bsu Ten-Speed\u00ae vienas pistoles magaz\u012bnas soma ir paredz\u0113ta taktiskajam lietot\u0101jam. \u0160\u012b soma ietilpst:<\/p>\n<ul>\n<li>Vienas vai dubultas ietilp\u012bbas pistoles magaz\u012bnas (l\u012bdz HK 45)<\/li>\n<li>Daudzfunkcion\u0101lie r\u012bki<\/li>\n<li>Lukturi<\/li>\n<li>Na\u017ei<\/li>\n<li>Mazas OC izsmidzin\u0101\u0161anas ier\u012bces<\/li>\n<\/ul>\n<p>Soma ir veidota no milit\u0101r\u0101s klases elast\u012bga materi\u0101la un ULTRAcomp\u2122 konstrukcijas, t\u0101 ir viegla un plakana, kad netiek lietota. Helium Whisper\u00ae stiprin\u0101juma sist\u0113ma nodro\u0161ina sader\u012bbu ar MOLLE un samazina svaru l\u012bdz 60%, nezaud\u0113jot iztur\u012bbu.<\/p>\n<p>Izm\u0113rs: 0,3175 cm x 5,08 cm x 10,16 cm (nepiecie\u0161ams 2&#215;1 MOLLE laukums)<\/p>\n<p>Soma nodro\u0161ina uzlabotu notur\u0113\u0161anu un iztur\u012bbu.<\/p>\n","protected":false},"excerpt":{"rendered":"<p>\u0100tri piek\u013c\u016bstams, \u012bpa\u0161i viegls pistoles magaz\u012bnas maci\u0146\u0161 vienk\u0101rt\u0113j\u0101m\/divk\u0101rt\u0113j\u0101m magaz\u012bn\u0101m.<\/p>\n","protected":false},"featured_media":33900,"template":"","meta":{"_acf_changed":false},"product_brand":[11134],"product_cat":[13794,13770,13785],"product_tag":[],"class_list":{"0":"post-48682","1":"product","2":"type-product","3":"status-publish","4":"has-post-thumbnail","6":"product_brand-blue-force-gear","7":"product_cat-ekipejums","8":"product_cat-magazinu-turetaji","9":"product_cat-sominas","11":"first","12":"instock","13":"taxable","14":"shipping-taxable","15":"purchasable","16":"product-type-variable","17":"wvs-archive-product-wrapper"},"acf":[],"_links":{"self":[{"href":"https:\/\/staging.nbg.eu\/lv\/wp-json\/wp\/v2\/product\/48682","targetHints":{"allow":["GET"]}}],"collection":[{"href":"https:\/\/staging.nbg.eu\/lv\/wp-json\/wp\/v2\/product"}],"about":[{"href":"https:\/\/staging.nbg.eu\/lv\/wp-json\/wp\/v2\/types\/product"}],"wp:featuredmedia":[{"embeddable":true,"href":"https:\/\/staging.nbg.eu\/lv\/wp-json\/wp\/v2\/media\/33900"}],"wp:attachment":[{"href":"https:\/\/staging.nbg.eu\/lv\/wp-json\/wp\/v2\/media?parent=48682"}],"wp:term":[{"taxonomy":"product_brand","embeddable":true,"href":"https:\/\/staging.nbg.eu\/lv\/wp-json\/wp\/v2\/product_brand?post=48682"},{"taxonomy":"product_cat","embeddable":true,"href":"https:\/\/staging.nbg.eu\/lv\/wp-json\/wp\/v2\/product_cat?post=48682"},{"taxonomy":"product_tag","embeddable":true,"href":"https:\/\/staging.nbg.eu\/lv\/wp-json\/wp\/v2\/product_tag?post=48682"}],"curies":[{"name":"wp","href":"https:\/\/api.w.org\/{rel}","templated":true}]}}