{"id":48627,"date":"2024-07-29T19:02:28","date_gmt":"2024-09-12T15:50:00","guid":{"rendered":"https:\/\/staging.nbg.eu\/product\/ten-speed-single-308-mag-pouch\/"},"modified":"2024-09-12T15:50:53","modified_gmt":"2024-09-12T15:50:53","slug":"ten-speed-viena-308-mag-kabata","status":"publish","type":"product","link":"https:\/\/staging.nbg.eu\/lv\/product\/ten-speed-viena-308-mag-kabata\/","title":{"rendered":"Ten-Speed\u00ae Viena 308 Mag Kabata"},"content":{"rendered":"<div class=\"product-description\">\n<h2>Ten-Speed\u00ae Viena 308 Mag Somi\u0146a<\/h2>\n<p>Risin\u0101jums .308 magaz\u012bnu un citu priek\u0161metu n\u0113s\u0101\u0161anai. \u0160\u012b somi\u0146a paredz\u0113ta vienai .308 magaz\u012bnai (sader\u012bga ar SR-25, SIG 716, M110, FAL, SCAR-17, NGSW, XM7) vai l\u012bdz\u012bga izm\u0113ra priek\u0161metiem, piem\u0113ram, medic\u012bnas piederumiem, maz\u0101m radiostacij\u0101m vai GPS ier\u012bc\u0113m.<\/p>\n<h3>Galven\u0101s \u012apa\u0161\u012bbas:<\/h3>\n<ul>\n<li>Viegls un pl\u0101ns dizains<\/li>\n<li>Milit\u0101r\u0101s klases elast\u012bgs materi\u0101ls un ULTRAcomp\u2122 lamin\u0101ts<\/li>\n<li>Patent\u0113ta Helium Whisper\u00ae piestiprin\u0101\u0161anas sist\u0113ma<\/li>\n<li>Sader\u012bga ar MOLLE<\/li>\n<li>Uzlabota notur\u012bba un iztur\u012bba<\/li>\n<li>Sver par 60% maz\u0101k nek\u0101 tradicion\u0101l\u0101s somi\u0146as<\/li>\n<\/ul>\n<p>Ten-Speed\u00ae Viena 308 Mag Somi\u0146a nodro\u0161ina \u0101trumu un dro\u0161\u012bbu.<\/p>\n<\/div>\n","protected":false},"excerpt":{"rendered":"<p>Viegls, daudzpus\u012bgs .308 magaz \u012bnas maci\u0146\u0161 ar dro\u0161u elast\u012bgu fiks\u0101ciju.<\/p>\n","protected":false},"featured_media":48630,"template":"","meta":{"_acf_changed":false},"product_brand":[11134],"product_cat":[13794,13770,13785],"product_tag":[],"class_list":{"0":"post-48627","1":"product","2":"type-product","3":"status-publish","4":"has-post-thumbnail","6":"product_brand-blue-force-gear","7":"product_cat-ekipejums","8":"product_cat-magazinu-turetaji","9":"product_cat-sominas","11":"first","12":"instock","13":"taxable","14":"shipping-taxable","15":"purchasable","16":"product-type-simple"},"acf":[],"_links":{"self":[{"href":"https:\/\/staging.nbg.eu\/lv\/wp-json\/wp\/v2\/product\/48627","targetHints":{"allow":["GET"]}}],"collection":[{"href":"https:\/\/staging.nbg.eu\/lv\/wp-json\/wp\/v2\/product"}],"about":[{"href":"https:\/\/staging.nbg.eu\/lv\/wp-json\/wp\/v2\/types\/product"}],"wp:featuredmedia":[{"embeddable":true,"href":"https:\/\/staging.nbg.eu\/lv\/wp-json\/wp\/v2\/media\/48630"}],"wp:attachment":[{"href":"https:\/\/staging.nbg.eu\/lv\/wp-json\/wp\/v2\/media?parent=48627"}],"wp:term":[{"taxonomy":"product_brand","embeddable":true,"href":"https:\/\/staging.nbg.eu\/lv\/wp-json\/wp\/v2\/product_brand?post=48627"},{"taxonomy":"product_cat","embeddable":true,"href":"https:\/\/staging.nbg.eu\/lv\/wp-json\/wp\/v2\/product_cat?post=48627"},{"taxonomy":"product_tag","embeddable":true,"href":"https:\/\/staging.nbg.eu\/lv\/wp-json\/wp\/v2\/product_tag?post=48627"}],"curies":[{"name":"wp","href":"https:\/\/api.w.org\/{rel}","templated":true}]}}