{"id":48228,"date":"2024-07-30T18:00:01","date_gmt":"2024-09-12T15:21:09","guid":{"rendered":"https:\/\/staging.nbg.eu\/product\/red-dot-sight-holosun-hs507k\/"},"modified":"2024-09-12T15:21:54","modified_gmt":"2024-09-12T15:21:54","slug":"sarkanais-punkta-temeklis-holosun-hs507k","status":"publish","type":"product","link":"https:\/\/staging.nbg.eu\/lv\/product\/sarkanais-punkta-temeklis-holosun-hs507k\/","title":{"rendered":"Sarkanais punkta t\u0113meklis Holosun HS507K"},"content":{"rendered":"<h2>Holosun HS507K X2 sarkan\u0101 punkta t\u0113meklis<\/h2>\n<p>Holosun HS507K X2 ir atv\u0113rta refleksa optiskais t\u0113meklis, kas paredz\u0113ts kompakt\u0101m pistol\u0113m. \u0160im modelim ir pievienots Blo\u0137\u0113\u0161anas re\u017e\u012bms, kas nodro\u0161ina pogu iestat\u012bjumus pret nejau\u0161\u0101m izmai\u0146\u0101m.<\/p>\n<h2>Galven\u0101s \u012bpa\u0161\u012bbas:<\/h2>\n<ul>\n<li>Sarkana Super LED ar l\u012bdz 50 000 stundu baterijas darb\u012bbas laiku<\/li>\n<li>Vair\u0101ku t\u012bklojumu sist\u0113ma: Ap\u013ca punkts, 2 MOA punkts un 32 MOA aplis<\/li>\n<li>Shake Awake tehnolo\u0123ija t\u016bl\u012bt\u0113jai aktiviz\u0101cijai<\/li>\n<li>7075 alum\u012bnija korpuss<\/li>\n<li>S\u0101nu nodal\u012bjums vieglai 1632 baterijas nomai\u0146ai<\/li>\n<li>Sader\u012bgs ar P365X\/XL (nepiecie\u0161ama adaptera pl\u0101ksne \u010detru skr\u016bvju saskarnei)<\/li>\n<\/ul>\n<h2>Specifik\u0101cijas:<\/h2>\n<ul>\n<li>12 spilgtuma iestat\u012bjumi: 10 dienas gaismai un 2 nakts redzam\u012bbai<\/li>\n<li>Bez paralakses un neierobe\u017eots acs att\u0101lums<\/li>\n<li>IP67 \u016bdensiztur\u012bbas klase<\/li>\n<li>Loga izm\u0113rs: 0,58&#8243; x 0,77&#8243;<\/li>\n<li>Izm\u0113ri: 1,6&#8243; x 0,98&#8243; x 0,95&#8243;<\/li>\n<li>Svars: 1 unce<\/li>\n<li>1 MOA klik\u0161\u0137a regul\u0113\u0161ana<\/li>\n<li>\u00b130 MOA v\u0113ja un pac\u0113luma regul\u0113\u0161anas diapazons<\/li>\n<li>Darba temperat\u016bra: -20\u00b0C l\u012bdz 51\u00b0C<\/li>\n<li>Uzglab\u0101\u0161anas temperat\u016bra: -20\u00b0C l\u012bdz 65\u00b0C<\/li>\n<li>Vibr\u0101cijas iztur\u012bba: 5000G<\/li>\n<\/ul>\n<p>HS507K X2 ir piem\u0113rots sl\u0113ptai n\u0113s\u0101\u0161anai paredz\u0113tiem iero\u010diem, pied\u0101v\u0101jot kompaktu risin\u0101jumu m\u0113r\u0137a noteik\u0161anai. T\u0101 konstrukcija un funkcijas to padara par izv\u0113li \u0161aujamiero\u010du entuziastiem un profesion\u0101\u013ciem.<\/p>\n","protected":false},"excerpt":{"rendered":"<p>Kompakts sarkan\u0101 punkta t\u0113meklis pistol\u0113m. Vair\u0101ki t\u0113mek\u013ca veidi, ilgs baterijas darb\u012bbas laiks, iztur\u012bgs.<\/p>\n","protected":false},"featured_media":48229,"template":"","meta":{"_acf_changed":false},"product_brand":[11436],"product_cat":[13803,13784,13783,13804],"product_tag":[],"class_list":{"0":"post-48228","1":"product","2":"type-product","3":"status-publish","4":"has-post-thumbnail","6":"product_brand-holosun","7":"product_cat-merkesana","8":"product_cat-pistole","9":"product_cat-pistoles-punktieri","10":"product_cat-sarkanpunkta-temekli","12":"first","13":"instock","14":"taxable","15":"shipping-taxable","16":"purchasable","17":"product-type-simple"},"acf":[],"_links":{"self":[{"href":"https:\/\/staging.nbg.eu\/lv\/wp-json\/wp\/v2\/product\/48228","targetHints":{"allow":["GET"]}}],"collection":[{"href":"https:\/\/staging.nbg.eu\/lv\/wp-json\/wp\/v2\/product"}],"about":[{"href":"https:\/\/staging.nbg.eu\/lv\/wp-json\/wp\/v2\/types\/product"}],"wp:featuredmedia":[{"embeddable":true,"href":"https:\/\/staging.nbg.eu\/lv\/wp-json\/wp\/v2\/media\/48229"}],"wp:attachment":[{"href":"https:\/\/staging.nbg.eu\/lv\/wp-json\/wp\/v2\/media?parent=48228"}],"wp:term":[{"taxonomy":"product_brand","embeddable":true,"href":"https:\/\/staging.nbg.eu\/lv\/wp-json\/wp\/v2\/product_brand?post=48228"},{"taxonomy":"product_cat","embeddable":true,"href":"https:\/\/staging.nbg.eu\/lv\/wp-json\/wp\/v2\/product_cat?post=48228"},{"taxonomy":"product_tag","embeddable":true,"href":"https:\/\/staging.nbg.eu\/lv\/wp-json\/wp\/v2\/product_tag?post=48228"}],"curies":[{"name":"wp","href":"https:\/\/api.w.org\/{rel}","templated":true}]}}