{"id":47950,"date":"2024-01-30T18:01:01","date_gmt":"2024-01-30T18:01:01","guid":{"rendered":"https:\/\/staging.nbg.eu\/product\/red-dot-sight-hs507comp-rd\/"},"modified":"2024-09-12T13:59:30","modified_gmt":"2024-09-12T13:59:30","slug":"sarkans-punkta-merenis-hs507comp-rd","status":"publish","type":"product","link":"https:\/\/staging.nbg.eu\/lv\/product\/sarkans-punkta-merenis-hs507comp-rd\/","title":{"rendered":"Sarkans punkta m\u0113renis HS507COMP-RD"},"content":{"rendered":"<div class=\"product-description\">\n<h2>Holosun HS507COMP-RD sarkan\u0101 punkta t\u0113meklis<\/h2>\n<p>Holosun HS507COMP-RD ir \u0161aujamiero\u010du t\u0113meklis, kas paredz\u0113ts sacens\u012bbu \u0161\u0101v\u0113jiem un entuziastiem. Tam ir 1.1&#8243; x 0.87&#8243; objekt\u012bva l\u0113ca, kas nodro\u0161ina pla\u0161u redzeslauku \u0101trai m\u0113r\u0137a atra\u0161anai.<\/p>\n<h3>Galven\u0101s iez\u012bmes:<\/h3>\n<ul>\n<li>Sacens\u012bbu t\u012bklojuma sist\u0113ma (CRS) ar vair\u0101k\u0101m t\u012bklojuma opcij\u0101m<\/li>\n<li>650nm sarkana Super LED gaisma t\u0113m\u0113\u0161anas punktam<\/li>\n<li>50,000 stundu akumulatora darb\u012bbas laiks ar CR1632 elementu<\/li>\n<li>7075 alum\u012bnija konstrukcija<\/li>\n<li>Shake Awake tehnolo\u0123ija \u0101trai aktiviz\u0113\u0161anai<\/li>\n<li>8 spilgtuma iestat\u012bjumi (6 dienas gaismai, 2 sader\u012bgi ar nakts redzam\u012bbu)<\/li>\n<li>Dizains bez paralakses ar neierobe\u017eotu acs atstatumu<\/li>\n<\/ul>\n<p>HS507COMP-RD CRS pied\u0101v\u0101 2 MOA punktu, 8 MOA apli, 20 MOA apli un 32 MOA apli, \u013caujot \u0161\u0101v\u0113jiem piel\u0101got t\u0113mekli da\u017e\u0101diem pielietojumiem. \u0160im t\u0113meklim ir standarta p\u0113das nospiedums un iztur\u012bga konstrukcija.<\/p>\n<\/div>\n","protected":false},"excerpt":{"rendered":"<p>Liela objekt\u012bva sarkano punktu t\u0113meklis ar vair\u0101kiem t\u012bklojumiem un ilgu baterijas darb\u012bbas laiku.<\/p>\n","protected":false},"featured_media":47951,"template":"","meta":{"_acf_changed":false},"product_brand":[11436],"product_cat":[13803,13783,13804],"product_tag":[],"class_list":{"0":"post-47950","1":"product","2":"type-product","3":"status-publish","4":"has-post-thumbnail","6":"product_brand-holosun","7":"product_cat-merkesana","8":"product_cat-pistoles-punktieri","9":"product_cat-sarkanpunkta-temekli","11":"first","12":"instock","13":"taxable","14":"shipping-taxable","15":"purchasable","16":"product-type-simple"},"acf":[],"_links":{"self":[{"href":"https:\/\/staging.nbg.eu\/lv\/wp-json\/wp\/v2\/product\/47950","targetHints":{"allow":["GET"]}}],"collection":[{"href":"https:\/\/staging.nbg.eu\/lv\/wp-json\/wp\/v2\/product"}],"about":[{"href":"https:\/\/staging.nbg.eu\/lv\/wp-json\/wp\/v2\/types\/product"}],"wp:featuredmedia":[{"embeddable":true,"href":"https:\/\/staging.nbg.eu\/lv\/wp-json\/wp\/v2\/media\/47951"}],"wp:attachment":[{"href":"https:\/\/staging.nbg.eu\/lv\/wp-json\/wp\/v2\/media?parent=47950"}],"wp:term":[{"taxonomy":"product_brand","embeddable":true,"href":"https:\/\/staging.nbg.eu\/lv\/wp-json\/wp\/v2\/product_brand?post=47950"},{"taxonomy":"product_cat","embeddable":true,"href":"https:\/\/staging.nbg.eu\/lv\/wp-json\/wp\/v2\/product_cat?post=47950"},{"taxonomy":"product_tag","embeddable":true,"href":"https:\/\/staging.nbg.eu\/lv\/wp-json\/wp\/v2\/product_tag?post=47950"}],"curies":[{"name":"wp","href":"https:\/\/api.w.org\/{rel}","templated":true}]}}