{"id":47757,"date":"2024-07-30T18:21:46","date_gmt":"2024-09-12T13:52:23","guid":{"rendered":"https:\/\/staging.nbg.eu\/product\/surefire-supressor-alighnment-rod\/"},"modified":"2024-09-12T13:53:14","modified_gmt":"2024-09-12T13:53:14","slug":"surefire-skanetaja-izlidzinasanas-stienitis","status":"publish","type":"product","link":"https:\/\/staging.nbg.eu\/lv\/product\/surefire-skanetaja-izlidzinasanas-stienitis\/","title":{"rendered":"Surefire ska\u0146\u0113t\u0101ja izl\u012bdzin\u0101\u0161anas stie\u0146\u012btis"},"content":{"rendered":"<p style=\"text-align: center\"><span style=\"font-size: 170%\"><strong>SureFire stobra centr\u0113\u0161anas stie\u0146i<\/strong><\/span><\/p>\n<p>SureFire stobra stie\u0146i ir instrumenti, kas nodro\u0161ina pareizu koncentricit\u0101ti gar lodes lidojuma ce\u013cu, izmantojot klusin\u0101t\u0101ju uz jaunas platformas. Stienis visprec\u012bz\u0101k atspogu\u013co lodes lidojuma ce\u013cu un par\u0101d\u012bs jebkuru nob\u012bdi, ja t\u0101da ir. SureFire iesaka operatoriem p\u0101rbaud\u012bt stobra-adaptera-klusin\u0101t\u0101ja centr\u0113jumu jebkur\u0101 jaun\u0101 konstrukcij\u0101 vai iepriek\u0161 neizmantot\u0101 uzst\u0101d\u012bjum\u0101, un SureFire stobra stie\u0146i ir efekt\u012bv\u0101kais veids, k\u0101 to apstiprin\u0101t. Vienk\u0101r\u0161i izv\u0113lieties atbilsto\u0161o stieni sava kalibra \u0161auteni vai karab\u012bnei.<\/p>\n<p><span style=\"color: #282828\"><strong><span style=\"font-size: 150%\">FUNKCIJAS:<\/span><\/strong><\/span><\/p>\n<p style=\"padding-left: 40px\"><span style=\"color: #282828\"><strong>\u2588 <\/strong><\/span>Ra\u017eots ASV.<\/p>\n<p style=\"padding-left: 40px\"><span style=\"color: #282828\"><strong>\u2588 <\/strong><\/span>Termiski apstr\u0101d\u0101ts ner\u016bs\u0113jo\u0161ais t\u0113rauds.<\/p>\n<p style=\"padding-left: 40px\"><span style=\"color: #282828\"><strong>\u2588 <\/strong><\/span>Uzst\u0101d\u012bjuma p\u0101rbaudei pirms pirm\u0101 \u0161\u0101viena.<\/p>\n<p style=\"padding-left: 40px\"><span style=\"color: #282828\"><strong>\u2588 <\/strong><\/span>Prec\u012bzi apstr\u0101d\u0101ti stie\u0146i prec\u012bz\u0101kai p\u0101rbaudei.<\/p>\n<p style=\"padding-left: 40px\"><span style=\"color: #282828\"><strong>\u2588 <\/strong><\/span>Prec\u012bzi apstr\u0101d\u0101ts stienis par\u0101d\u012bs jebkuru novirzi centr\u0113jum\u0101.<\/p>\n<p style=\"padding-left: 40px\"><span style=\"color: #282828\"><strong>\u2588 <\/strong><\/span>SureFire apstiprin\u0101tais veids, k\u0101 p\u0101rbaud\u012bt pareizu klusin\u0101t\u0101ja centr\u0113jumu.<\/p>\n<p style=\"padding-left: 40px\"><span style=\"color: #282828\"><strong>\u2588 <\/strong><\/span>Konkr\u0113ta kalibra stie\u0146i popul\u0101r\u0101kaj\u0101m opcij\u0101m tirg\u016b.<\/p>\n<p style=\"padding-left: 40px\"><span style=\"color: #282828\"><strong>\u2588 <\/strong><\/span>Starp klusin\u0101t\u0101ja stobru un centr\u0113to stieni j\u0101b\u016bt vien\u0101dai atstarpei.<\/p>\n<p style=\"padding-left: 40px\"><span style=\"color: #282828\"><strong>\u2588 <\/strong><\/span>Vienk\u0101r\u0161i ievietojiet stieni caur uzst\u0101d\u012bto klusin\u0101t\u0101ju neuzl\u0101d\u0113tam ierocim.<\/p>\n<p style=\"padding-left: 40px\"><span style=\"color: #282828\"><strong>\u2588 <\/strong><\/span>Pieejami specifiski stie\u0146i popul\u0101r\u0101kajiem kalibriem, piem\u0113ram, (5,56 mm, 6,5 mm, 6,8 mm, 7,62 mm, 9 mm, .338)<\/p>\n<table width=\"595\">\n<tbody>\n<tr>\n<td colspan=\"2\" width=\"595\"><span style=\"font-size: 150%;color: #282828\"><b>GALVEN\u0100S \u012aPA\u0160\u012aBAS<\/b><\/span><\/td>\n<\/tr>\n<tr>\n<td width=\"198\"><b><\/p>\n","protected":false},"excerpt":{"rendered":"<p><strong>SureFire klusin\u0101t\u0101ja centr\u0113\u0161anas instrumenti<\/strong><\/p>\n","protected":false},"featured_media":47759,"template":"","meta":{"_acf_changed":false},"product_brand":[11865],"product_cat":[13830,13762,13799],"product_tag":[],"class_list":{"0":"post-47757","1":"product","2":"type-product","3":"status-publish","4":"has-post-thumbnail","6":"product_brand-surefire","7":"product_cat-instrumenti","8":"product_cat-troksnu-slapetaji","9":"product_cat-troksnu-slapetaju-aksesuari","11":"first","12":"instock","13":"taxable","14":"shipping-taxable","15":"purchasable","16":"product-type-variable","17":"wvs-archive-product-wrapper"},"acf":[],"_links":{"self":[{"href":"https:\/\/staging.nbg.eu\/lv\/wp-json\/wp\/v2\/product\/47757","targetHints":{"allow":["GET"]}}],"collection":[{"href":"https:\/\/staging.nbg.eu\/lv\/wp-json\/wp\/v2\/product"}],"about":[{"href":"https:\/\/staging.nbg.eu\/lv\/wp-json\/wp\/v2\/types\/product"}],"wp:featuredmedia":[{"embeddable":true,"href":"https:\/\/staging.nbg.eu\/lv\/wp-json\/wp\/v2\/media\/47759"}],"wp:attachment":[{"href":"https:\/\/staging.nbg.eu\/lv\/wp-json\/wp\/v2\/media?parent=47757"}],"wp:term":[{"taxonomy":"product_brand","embeddable":true,"href":"https:\/\/staging.nbg.eu\/lv\/wp-json\/wp\/v2\/product_brand?post=47757"},{"taxonomy":"product_cat","embeddable":true,"href":"https:\/\/staging.nbg.eu\/lv\/wp-json\/wp\/v2\/product_cat?post=47757"},{"taxonomy":"product_tag","embeddable":true,"href":"https:\/\/staging.nbg.eu\/lv\/wp-json\/wp\/v2\/product_tag?post=47757"}],"curies":[{"name":"wp","href":"https:\/\/api.w.org\/{rel}","templated":true}]}}