{"id":47587,"date":"2024-07-30T18:46:42","date_gmt":"2024-09-12T13:45:05","guid":{"rendered":"https:\/\/staging.nbg.eu\/product\/surefire-dg-11-switch\/"},"modified":"2024-09-12T13:45:49","modified_gmt":"2024-09-12T13:45:49","slug":"surefire-dg-11-sledzis","status":"publish","type":"product","link":"https:\/\/staging.nbg.eu\/lv\/product\/surefire-dg-11-sledzis\/","title":{"rendered":"SureFire DG-11 sl\u0113dzis"},"content":{"rendered":"<div class=\"product-description\">\n<h2>SureFire DG-11 sl\u0113dzis<\/h2>\n<p>SureFire DG-11 sl\u0113dzis ir paredz\u0113ts Glock Gen 3\/4\/5 pistol\u0113m ar piederumu sliedi. \u0160is sl\u0113dzis pied\u0101v\u0101:<\/p>\n<ul>\n<li>Iero\u010da gaismas aktiviz\u0113\u0161anu, nezaud\u0113jot satv\u0113rienu<\/li>\n<li>Abpus\u0113ju \u012bslaic\u012bgas un past\u0101v\u012bgas iesl\u0113g\u0161anas sl\u0113dzi<\/li>\n<li>Nelielu centr\u0101 novietotu spilventi\u0146u prec\u012bzai kontrolei<\/li>\n<li>Sader\u012bbu ar X s\u0113rijas iero\u010du gaism\u0101m (iz\u0146emot XH50G)<\/li>\n<\/ul>\n<p>DG-11 \u013cauj lietot\u0101jiem aktiviz\u0113t gaismu ar pirksta spiedienu, vienlaikus saglab\u0101jot stingru satv\u0113rienu uz iero\u010da. \u0160is dizains nodro\u0161ina \u0101tru un prec\u012bzu gaismas kontroli. Tas ir piederums ties\u012bbsarg\u0101jo\u0161\u0101m iest\u0101d\u0113m, milit\u0101rajam person\u0101lam un iero\u010du \u012bpa\u0161niekiem.<\/p>\n<\/div>\n","protected":false},"excerpt":{"rendered":"<p>Roktura sl\u0113dzis prec\u012bzai WeaponLight kontrolei uz Glock pistol\u0113m.<\/p>\n","protected":false},"featured_media":47588,"template":"","meta":{"_acf_changed":false},"product_brand":[11865],"product_cat":[13842,13818,13811],"product_tag":[],"class_list":{"0":"post-47587","1":"product","2":"type-product","3":"status-publish","4":"has-post-thumbnail","6":"product_brand-surefire","7":"product_cat-luktura-aksesuari","8":"product_cat-lukturi","9":"product_cat-pistoles-lukturi","11":"first","12":"instock","13":"taxable","14":"shipping-taxable","15":"purchasable","16":"product-type-simple"},"acf":[],"_links":{"self":[{"href":"https:\/\/staging.nbg.eu\/lv\/wp-json\/wp\/v2\/product\/47587","targetHints":{"allow":["GET"]}}],"collection":[{"href":"https:\/\/staging.nbg.eu\/lv\/wp-json\/wp\/v2\/product"}],"about":[{"href":"https:\/\/staging.nbg.eu\/lv\/wp-json\/wp\/v2\/types\/product"}],"wp:featuredmedia":[{"embeddable":true,"href":"https:\/\/staging.nbg.eu\/lv\/wp-json\/wp\/v2\/media\/47588"}],"wp:attachment":[{"href":"https:\/\/staging.nbg.eu\/lv\/wp-json\/wp\/v2\/media?parent=47587"}],"wp:term":[{"taxonomy":"product_brand","embeddable":true,"href":"https:\/\/staging.nbg.eu\/lv\/wp-json\/wp\/v2\/product_brand?post=47587"},{"taxonomy":"product_cat","embeddable":true,"href":"https:\/\/staging.nbg.eu\/lv\/wp-json\/wp\/v2\/product_cat?post=47587"},{"taxonomy":"product_tag","embeddable":true,"href":"https:\/\/staging.nbg.eu\/lv\/wp-json\/wp\/v2\/product_tag?post=47587"}],"curies":[{"name":"wp","href":"https:\/\/api.w.org\/{rel}","templated":true}]}}