{"id":47454,"date":"2024-07-30T18:47:47","date_gmt":"2024-09-12T13:39:57","guid":{"rendered":"https:\/\/staging.nbg.eu\/product\/surefire-x400t-a-rd\/"},"modified":"2025-02-19T15:09:58","modified_gmt":"2025-02-19T15:09:58","slug":"surefire-x400t-a-rd","status":"publish","type":"product","link":"https:\/\/staging.nbg.eu\/lv\/product\/surefire-x400t-a-rd\/","title":{"rendered":"SureFire X400T-A-RD"},"content":{"rendered":"<div class=\"product-description\">\n<h2>SureFire X400T-A-RD (Sarkans l\u0101zers) Iero\u010da lukturis<\/h2>\n<p>SureFire X400T-A-RD ir taktiskais lukturis profesion\u0101\u013ciem. Ar 66 000 kandelu maksim\u0101lo staru intensit\u0101ti un 650 l\u016bmenu izeju, \u0161is lukturis nodro\u0161ina:<\/p>\n<ul>\n<li>Integr\u0113ts 5 milivatu sarkans l\u0101zers m\u0113r\u0137a noteik\u0161anai<\/li>\n<li>Turbo staru modelis m\u0113r\u0137a identific\u0113\u0161anai liel\u0101 att\u0101lum\u0101<\/li>\n<li>Sviras fiks\u0101cijas sist\u0113ma \u0101trai piestiprin\u0101\u0161anai pie univers\u0101l\u0101m un Picatinny slied\u0113m<\/li>\n<li>Intuit\u012bva abpus\u0113ja sl\u0113d\u017eu sist\u0113ma \u0101trai aktiviz\u0113\u0161anai<\/li>\n<li>Sader\u012bba ar eso\u0161ajiem X300U-A makst\u012bm<\/li>\n<li>Alum\u012bnija korpuss ar milit\u0101ro specifik\u0101ciju anod\u0113tu apdari<\/li>\n<li>IPX7 \u016bdensiztur\u012bbas klase (1 metrs 30 min\u016btes)<\/li>\n<li>1,5 stundu darb\u012bbas laiks ar div\u0101m iek\u013cautaj\u0101m 123A litija baterij\u0101m<\/li>\n<\/ul>\n<p>X400T-A-RD apvieno baltu gaismu un sarkanu l\u0101zeru, lai pal\u012bdz\u0113tu identific\u0113t draudus liel\u0101 att\u0101lum\u0101. Ar abpus\u0113ju sl\u0113d\u017eu sist\u0113mu vienas rokas kontrolei un iztur\u012bgu korpusu, \u0161is iero\u010da lukturis nodro\u0161ina veiktsp\u0113ju un uzticam\u012bbu.<\/p>\n<\/div>\n","protected":false},"excerpt":{"rendered":"<p>SureFire X400T-A-RD: 650 l\u016bmenu taktiskais lukturis ar sarkano l\u0101zeru, uzst\u0101d\u0101ms uz sliedes.<\/p>\n","protected":false},"featured_media":47455,"template":"","meta":{"_acf_changed":false},"product_brand":[11865],"product_cat":[13818,13784,13811],"product_tag":[],"class_list":{"0":"post-47454","1":"product","2":"type-product","3":"status-publish","4":"has-post-thumbnail","6":"product_brand-surefire","7":"product_cat-lukturi","8":"product_cat-pistole","9":"product_cat-pistoles-lukturi","11":"first","12":"instock","13":"taxable","14":"shipping-taxable","15":"purchasable","16":"product-type-simple"},"acf":[],"_links":{"self":[{"href":"https:\/\/staging.nbg.eu\/lv\/wp-json\/wp\/v2\/product\/47454","targetHints":{"allow":["GET"]}}],"collection":[{"href":"https:\/\/staging.nbg.eu\/lv\/wp-json\/wp\/v2\/product"}],"about":[{"href":"https:\/\/staging.nbg.eu\/lv\/wp-json\/wp\/v2\/types\/product"}],"wp:featuredmedia":[{"embeddable":true,"href":"https:\/\/staging.nbg.eu\/lv\/wp-json\/wp\/v2\/media\/47455"}],"wp:attachment":[{"href":"https:\/\/staging.nbg.eu\/lv\/wp-json\/wp\/v2\/media?parent=47454"}],"wp:term":[{"taxonomy":"product_brand","embeddable":true,"href":"https:\/\/staging.nbg.eu\/lv\/wp-json\/wp\/v2\/product_brand?post=47454"},{"taxonomy":"product_cat","embeddable":true,"href":"https:\/\/staging.nbg.eu\/lv\/wp-json\/wp\/v2\/product_cat?post=47454"},{"taxonomy":"product_tag","embeddable":true,"href":"https:\/\/staging.nbg.eu\/lv\/wp-json\/wp\/v2\/product_tag?post=47454"}],"curies":[{"name":"wp","href":"https:\/\/api.w.org\/{rel}","templated":true}]}}